{"id":7999,"date":"2019-10-03T13:30:54","date_gmt":"2019-10-03T11:30:54","guid":{"rendered":"https:\/\/www.4ksummit.com\/?page_id=7999"},"modified":"2024-10-16T14:49:51","modified_gmt":"2024-10-16T12:49:51","slug":"agenda-2019","status":"publish","type":"page","link":"https:\/\/www.4ksummit.com\/es\/4k-hdr-summit-2019\/agenda-2019\/","title":{"rendered":"AGENDA 2019"},"content":{"rendered":"<p style=\"text-align: center;\">Consulta aqu\u00ed la agenda definitiva y el dossier de demos de la <strong>4K-HDR Summit 2019<\/strong><\/p>\n<p style=\"text-align: center;\"><a class=\"btn btn-primary brighten\" href=\"https:\/\/drive.google.com\/file\/d\/1JL-4t4O1A3VvTUgMKTKW5yaIRuPfTMZ5\/view\" target=\"_blank\" rel=\"noopener\">VER AGENDA 2019<\/a> <a class=\"btn btn-primary brighten\" href=\"https:\/\/www.4ksummit.com\/wp-content\/uploads\/2019\/11\/DOSSIER-DEMOS-4KS19_C.pdf\" target=\"_blank\" rel=\"noopener\">VER DOSSIER DEMOS 2019<\/a><\/p>\n<p style=\"text-align: left;\">Los horarios de las conferencias son los siguientes:<\/p>\n<ul>\n<li>Jornada inaugural (6 de noviembre): <strong>de 10:00 a 18:30h<\/strong><\/li>\n<li>Segunda jornada (7 de noviembre): <strong>de 9:30 a 18:30h<\/strong><\/li>\n<li>Tercera jornada (8 de noviembre): <strong>9:30 a 15:30h<\/strong><\/li>\n<\/ul>\n<p>*Constituci\u00f3n <strong>UHD Spain y <\/strong>gala de entrega de premios <strong>M\u00e1laga 4K Fest a partir de las 19:00h en el Cine Alb\u00e9niz de M\u00e1laga.<\/strong><\/p>\n<p>M\u00e1s informaci\u00f3n: <a href=\"http:\/\/www.malaga4kfest.com\" target=\"_blank\" rel=\"noopener noreferrer\">www.malaga4kfest.com<\/a><\/p>\n","protected":false},"excerpt":{"rendered":"<p>Consulta aqu\u00ed la agenda definitiva y el dossier de demos de la 4K-HDR Summit 2019 VER AGENDA 2019 VER DOSSIER DEMOS 2019 Los horarios de las conferencias son los siguientes: Jornada inaugural (6 de noviembre): de 10:00 a 18:30h Segunda jornada (7 de noviembre): de 9:30 a 18:30h Tercera jornada (8 de noviembre): 9:30 a [&hellip;]<\/p>\n","protected":false},"author":4,"featured_media":0,"parent":12229,"menu_order":15,"comment_status":"closed","ping_status":"closed","template":"","meta":{"_acf_changed":false,"footnotes":""},"categories":[],"tags":[],"edition":[],"class_list":["post-7999","page","type-page","status-publish","hentry"],"acf":[],"yoast_head":"<!-- This site is optimized with the Yoast SEO plugin v27.5 - https:\/\/yoast.com\/product\/yoast-seo-wordpress\/ -->\n<title>AGENDA 2019 - 4K-HDR SUMMIT<\/title>\n<meta name=\"robots\" content=\"index, follow, max-snippet:-1, max-image-preview:large, max-video-preview:-1\" \/>\n<link rel=\"canonical\" href=\"https:\/\/www.4ksummit.com\/es\/4k-hdr-summit-2019\/agenda-2019\/\" \/>\n<meta property=\"og:locale\" content=\"es_ES\" \/>\n<meta property=\"og:type\" content=\"article\" \/>\n<meta property=\"og:title\" content=\"AGENDA 2019 - 4K-HDR SUMMIT\" \/>\n<meta property=\"og:description\" content=\"Consulta aqu\u00ed la agenda definitiva y el dossier de demos de la 4K-HDR Summit 2019 VER AGENDA 2019 VER DOSSIER DEMOS 2019 Los horarios de las conferencias son los siguientes: Jornada inaugural (6 de noviembre): de 10:00 a 18:30h Segunda jornada (7 de noviembre): de 9:30 a 18:30h Tercera jornada (8 de noviembre): 9:30 a [&hellip;]\" \/>\n<meta property=\"og:url\" content=\"https:\/\/www.4ksummit.com\/es\/4k-hdr-summit-2019\/agenda-2019\/\" \/>\n<meta property=\"og:site_name\" content=\"4K-HDR SUMMIT\" \/>\n<meta property=\"article:modified_time\" content=\"2024-10-16T12:49:51+00:00\" \/>\n<meta name=\"twitter:card\" content=\"summary_large_image\" \/>\n<meta name=\"twitter:label1\" content=\"Tiempo de lectura\" \/>\n\t<meta name=\"twitter:data1\" content=\"1 minuto\" \/>\n<script type=\"application\/ld+json\" class=\"yoast-schema-graph\">{\"@context\":\"https:\\\/\\\/schema.org\",\"@graph\":[{\"@type\":\"WebPage\",\"@id\":\"https:\\\/\\\/www.4ksummit.com\\\/es\\\/4k-hdr-summit-2019\\\/agenda-2019\\\/\",\"url\":\"https:\\\/\\\/www.4ksummit.com\\\/es\\\/4k-hdr-summit-2019\\\/agenda-2019\\\/\",\"name\":\"AGENDA 2019 - 4K-HDR SUMMIT\",\"isPartOf\":{\"@id\":\"https:\\\/\\\/www.4ksummit.com\\\/#website\"},\"datePublished\":\"2019-10-03T11:30:54+00:00\",\"dateModified\":\"2024-10-16T12:49:51+00:00\",\"breadcrumb\":{\"@id\":\"https:\\\/\\\/www.4ksummit.com\\\/es\\\/4k-hdr-summit-2019\\\/agenda-2019\\\/#breadcrumb\"},\"inLanguage\":\"es\",\"potentialAction\":[{\"@type\":\"ReadAction\",\"target\":[\"https:\\\/\\\/www.4ksummit.com\\\/es\\\/4k-hdr-summit-2019\\\/agenda-2019\\\/\"]}]},{\"@type\":\"BreadcrumbList\",\"@id\":\"https:\\\/\\\/www.4ksummit.com\\\/es\\\/4k-hdr-summit-2019\\\/agenda-2019\\\/#breadcrumb\",\"itemListElement\":[{\"@type\":\"ListItem\",\"position\":1,\"name\":\"Portada\",\"item\":\"https:\\\/\\\/www.4ksummit.com\\\/es\\\/\"},{\"@type\":\"ListItem\",\"position\":2,\"name\":\"4K-HDR SUMMIT 2019\",\"item\":\"https:\\\/\\\/www.4ksummit.com\\\/es\\\/4k-hdr-summit-2019\\\/\"},{\"@type\":\"ListItem\",\"position\":3,\"name\":\"AGENDA 2019\"}]},{\"@type\":\"WebSite\",\"@id\":\"https:\\\/\\\/www.4ksummit.com\\\/#website\",\"url\":\"https:\\\/\\\/www.4ksummit.com\\\/\",\"name\":\"4K-HDR SUMMIT\",\"description\":\"2018\",\"publisher\":{\"@id\":\"https:\\\/\\\/www.4ksummit.com\\\/#organization\"},\"potentialAction\":[{\"@type\":\"SearchAction\",\"target\":{\"@type\":\"EntryPoint\",\"urlTemplate\":\"https:\\\/\\\/www.4ksummit.com\\\/?s={search_term_string}\"},\"query-input\":{\"@type\":\"PropertyValueSpecification\",\"valueRequired\":true,\"valueName\":\"search_term_string\"}}],\"inLanguage\":\"es\"},{\"@type\":\"Organization\",\"@id\":\"https:\\\/\\\/www.4ksummit.com\\\/#organization\",\"name\":\"4K-UHD SUMMIT\",\"url\":\"https:\\\/\\\/www.4ksummit.com\\\/\",\"logo\":{\"@type\":\"ImageObject\",\"inLanguage\":\"es\",\"@id\":\"https:\\\/\\\/www.4ksummit.com\\\/#\\\/schema\\\/logo\\\/image\\\/\",\"url\":\"https:\\\/\\\/www.4ksummit.com\\\/wp-content\\\/uploads\\\/2020\\\/05\\\/4ksummit.png\",\"contentUrl\":\"https:\\\/\\\/www.4ksummit.com\\\/wp-content\\\/uploads\\\/2020\\\/05\\\/4ksummit.png\",\"width\":600,\"height\":246,\"caption\":\"4K-UHD SUMMIT\"},\"image\":{\"@id\":\"https:\\\/\\\/www.4ksummit.com\\\/#\\\/schema\\\/logo\\\/image\\\/\"}}]}<\/script>\n<!-- \/ Yoast SEO plugin. -->","yoast_head_json":{"title":"AGENDA 2019 - 4K-HDR SUMMIT","robots":{"index":"index","follow":"follow","max-snippet":"max-snippet:-1","max-image-preview":"max-image-preview:large","max-video-preview":"max-video-preview:-1"},"canonical":"https:\/\/www.4ksummit.com\/es\/4k-hdr-summit-2019\/agenda-2019\/","og_locale":"es_ES","og_type":"article","og_title":"AGENDA 2019 - 4K-HDR SUMMIT","og_description":"Consulta aqu\u00ed la agenda definitiva y el dossier de demos de la 4K-HDR Summit 2019 VER AGENDA 2019 VER DOSSIER DEMOS 2019 Los horarios de las conferencias son los siguientes: Jornada inaugural (6 de noviembre): de 10:00 a 18:30h Segunda jornada (7 de noviembre): de 9:30 a 18:30h Tercera jornada (8 de noviembre): 9:30 a [&hellip;]","og_url":"https:\/\/www.4ksummit.com\/es\/4k-hdr-summit-2019\/agenda-2019\/","og_site_name":"4K-HDR SUMMIT","article_modified_time":"2024-10-16T12:49:51+00:00","twitter_card":"summary_large_image","twitter_misc":{"Tiempo de lectura":"1 minuto"},"schema":{"@context":"https:\/\/schema.org","@graph":[{"@type":"WebPage","@id":"https:\/\/www.4ksummit.com\/es\/4k-hdr-summit-2019\/agenda-2019\/","url":"https:\/\/www.4ksummit.com\/es\/4k-hdr-summit-2019\/agenda-2019\/","name":"AGENDA 2019 - 4K-HDR SUMMIT","isPartOf":{"@id":"https:\/\/www.4ksummit.com\/#website"},"datePublished":"2019-10-03T11:30:54+00:00","dateModified":"2024-10-16T12:49:51+00:00","breadcrumb":{"@id":"https:\/\/www.4ksummit.com\/es\/4k-hdr-summit-2019\/agenda-2019\/#breadcrumb"},"inLanguage":"es","potentialAction":[{"@type":"ReadAction","target":["https:\/\/www.4ksummit.com\/es\/4k-hdr-summit-2019\/agenda-2019\/"]}]},{"@type":"BreadcrumbList","@id":"https:\/\/www.4ksummit.com\/es\/4k-hdr-summit-2019\/agenda-2019\/#breadcrumb","itemListElement":[{"@type":"ListItem","position":1,"name":"Portada","item":"https:\/\/www.4ksummit.com\/es\/"},{"@type":"ListItem","position":2,"name":"4K-HDR SUMMIT 2019","item":"https:\/\/www.4ksummit.com\/es\/4k-hdr-summit-2019\/"},{"@type":"ListItem","position":3,"name":"AGENDA 2019"}]},{"@type":"WebSite","@id":"https:\/\/www.4ksummit.com\/#website","url":"https:\/\/www.4ksummit.com\/","name":"4K-HDR SUMMIT","description":"2018","publisher":{"@id":"https:\/\/www.4ksummit.com\/#organization"},"potentialAction":[{"@type":"SearchAction","target":{"@type":"EntryPoint","urlTemplate":"https:\/\/www.4ksummit.com\/?s={search_term_string}"},"query-input":{"@type":"PropertyValueSpecification","valueRequired":true,"valueName":"search_term_string"}}],"inLanguage":"es"},{"@type":"Organization","@id":"https:\/\/www.4ksummit.com\/#organization","name":"4K-UHD SUMMIT","url":"https:\/\/www.4ksummit.com\/","logo":{"@type":"ImageObject","inLanguage":"es","@id":"https:\/\/www.4ksummit.com\/#\/schema\/logo\/image\/","url":"https:\/\/www.4ksummit.com\/wp-content\/uploads\/2020\/05\/4ksummit.png","contentUrl":"https:\/\/www.4ksummit.com\/wp-content\/uploads\/2020\/05\/4ksummit.png","width":600,"height":246,"caption":"4K-UHD SUMMIT"},"image":{"@id":"https:\/\/www.4ksummit.com\/#\/schema\/logo\/image\/"}}]}},"_links":{"self":[{"href":"https:\/\/www.4ksummit.com\/es\/wp-json\/wp\/v2\/pages\/7999","targetHints":{"allow":["GET"]}}],"collection":[{"href":"https:\/\/www.4ksummit.com\/es\/wp-json\/wp\/v2\/pages"}],"about":[{"href":"https:\/\/www.4ksummit.com\/es\/wp-json\/wp\/v2\/types\/page"}],"author":[{"embeddable":true,"href":"https:\/\/www.4ksummit.com\/es\/wp-json\/wp\/v2\/users\/4"}],"replies":[{"embeddable":true,"href":"https:\/\/www.4ksummit.com\/es\/wp-json\/wp\/v2\/comments?post=7999"}],"version-history":[{"count":4,"href":"https:\/\/www.4ksummit.com\/es\/wp-json\/wp\/v2\/pages\/7999\/revisions"}],"predecessor-version":[{"id":30878,"href":"https:\/\/www.4ksummit.com\/es\/wp-json\/wp\/v2\/pages\/7999\/revisions\/30878"}],"up":[{"embeddable":true,"href":"https:\/\/www.4ksummit.com\/es\/wp-json\/wp\/v2\/pages\/12229"}],"wp:attachment":[{"href":"https:\/\/www.4ksummit.com\/es\/wp-json\/wp\/v2\/media?parent=7999"}],"wp:term":[{"taxonomy":"category","embeddable":true,"href":"https:\/\/www.4ksummit.com\/es\/wp-json\/wp\/v2\/categories?post=7999"},{"taxonomy":"post_tag","embeddable":true,"href":"https:\/\/www.4ksummit.com\/es\/wp-json\/wp\/v2\/tags?post=7999"},{"taxonomy":"edition","embeddable":true,"href":"https:\/\/www.4ksummit.com\/es\/wp-json\/wp\/v2\/edition?post=7999"}],"curies":[{"name":"wp","href":"https:\/\/api.w.org\/{rel}","templated":true}]}}