{"id":4033,"date":"2017-04-21T07:15:32","date_gmt":"2017-04-21T07:15:32","guid":{"rendered":"https:\/\/www.4ksummit.com\/4k-uhd-summit-2016\/"},"modified":"2024-10-16T16:13:09","modified_gmt":"2024-10-16T14:13:09","slug":"4k-uhd-summit-2016","status":"publish","type":"page","link":"https:\/\/www.4ksummit.com\/es\/4k-uhd-summit-2016\/","title":{"rendered":"4K-UHD SUMMIT 2016"},"content":{"rendered":"<div class=\"video-container\"><iframe loading=\"lazy\" title=\"Clip Review Summit 2016\" src=\"https:\/\/player.vimeo.com\/video\/192459455?dnt=1&amp;app_id=122963\" width=\"500\" height=\"281\" frameborder=\"0\" allow=\"autoplay; fullscreen; picture-in-picture; clipboard-write\"><\/iframe><\/div>\n<hr \/>\n<p>La\u00a0<strong>4K Summit<\/strong>\u00a0es el principal\u00a0<strong>encuentro internacional entre profesionales de la industria de la Ultra Alta Definici\u00f3n<\/strong>, tanto del sector tecnol\u00f3gico como del sector de contenidos audiovisuales.<\/p>\n<p>La\u00a0<strong>4K Summit<\/strong>\u00a0integra varias zonas en las que paralelamente hay una cont\u00ednua actividad. Adem\u00e1s del Auditorium, donde se desarrollan las conferencias, las mesas redondas y las proyecciones; la 4K Summit cuenta con \u00c1rea de demostraciones y \u00c1rea de talleres, en los que los sponsors exponen sus mejores herramientas y se refuerza el networking y\u00a0 las relaciones B2B.<\/p>\n<p style=\"text-align: center;\"><a class=\"btn btn-primary brighten\" href=\"https:\/\/www.4ksummit.com\/wp-content\/uploads\/2018\/11\/Agenda-4Ksummit-2016-LOW.pdf\" target=\"_blank\" rel=\"noopener noreferrer\"><strong>VER AGENDA 4K SUMMIT 2016 <\/strong><\/a><strong><a class=\"btn btn-primary brighten\" href=\"https:\/\/www.4ksummit.com\/4k-uhd-summit-2016\/speakers\/\" target=\"_blank\" rel=\"noopener noreferrer\">VER PONENTES 4K SUMMIT 2016<\/a><\/strong><\/p>\n<h2><small>2016 Sponsors<\/small><\/h2>\n<hr \/>\n<p><img loading=\"lazy\" decoding=\"async\" class=\"aligncenter wp-image-26323 size-full\" src=\"https:\/\/www.4ksummit.com\/wp-content\/uploads\/2023\/02\/4KS16.jpg\" alt=\"\" width=\"960\" height=\"540\" srcset=\"https:\/\/www.4ksummit.com\/wp-content\/uploads\/2023\/02\/4KS16.jpg 960w, https:\/\/www.4ksummit.com\/wp-content\/uploads\/2023\/02\/4KS16-300x169.jpg 300w, https:\/\/www.4ksummit.com\/wp-content\/uploads\/2023\/02\/4KS16-768x432.jpg 768w\" sizes=\"(max-width: 960px) 100vw, 960px\" \/><\/p>\n<p><img loading=\"lazy\" decoding=\"async\" class=\"aligncenter wp-image-26326 size-full\" src=\"https:\/\/www.4ksummit.com\/wp-content\/uploads\/2023\/02\/4ks16_2.jpg\" alt=\"\" width=\"960\" height=\"540\" srcset=\"https:\/\/www.4ksummit.com\/wp-content\/uploads\/2023\/02\/4ks16_2.jpg 960w, https:\/\/www.4ksummit.com\/wp-content\/uploads\/2023\/02\/4ks16_2-300x169.jpg 300w, https:\/\/www.4ksummit.com\/wp-content\/uploads\/2023\/02\/4ks16_2-768x432.jpg 768w\" sizes=\"(max-width: 960px) 100vw, 960px\" \/><\/p>\n<p><img loading=\"lazy\" decoding=\"async\" class=\"aligncenter wp-image-26328 size-full\" src=\"https:\/\/www.4ksummit.com\/wp-content\/uploads\/2023\/02\/4ks16_3.jpg\" alt=\"\" width=\"960\" height=\"540\" srcset=\"https:\/\/www.4ksummit.com\/wp-content\/uploads\/2023\/02\/4ks16_3.jpg 960w, https:\/\/www.4ksummit.com\/wp-content\/uploads\/2023\/02\/4ks16_3-300x169.jpg 300w, https:\/\/www.4ksummit.com\/wp-content\/uploads\/2023\/02\/4ks16_3-768x432.jpg 768w\" sizes=\"(max-width: 960px) 100vw, 960px\" \/><\/p>\n<p>&nbsp;<\/p>\n<h2><small>In collaboration with<\/small><\/h2>\n<hr \/>\n<p><img loading=\"lazy\" decoding=\"async\" class=\"aligncenter wp-image-26330\" src=\"https:\/\/www.4ksummit.com\/wp-content\/uploads\/2023\/02\/4ks16_collabs-300x169.jpg\" alt=\"\" width=\"480\" height=\"270\" srcset=\"https:\/\/www.4ksummit.com\/wp-content\/uploads\/2023\/02\/4ks16_collabs-300x169.jpg 300w, https:\/\/www.4ksummit.com\/wp-content\/uploads\/2023\/02\/4ks16_collabs-768x432.jpg 768w, https:\/\/www.4ksummit.com\/wp-content\/uploads\/2023\/02\/4ks16_collabs.jpg 960w\" sizes=\"(max-width: 480px) 100vw, 480px\" \/><\/p>\n","protected":false},"excerpt":{"rendered":"<p>La\u00a04K Summit\u00a0es el principal\u00a0encuentro internacional entre profesionales de la industria de la Ultra Alta Definici\u00f3n, tanto del sector tecnol\u00f3gico como del sector de contenidos audiovisuales. La\u00a04K Summit\u00a0integra varias zonas en las que paralelamente hay una cont\u00ednua actividad. Adem\u00e1s del Auditorium, donde se desarrollan las conferencias, las mesas redondas y las proyecciones; la 4K Summit cuenta [&hellip;]<\/p>\n","protected":false},"author":1,"featured_media":0,"parent":0,"menu_order":109,"comment_status":"closed","ping_status":"closed","template":"","meta":{"_acf_changed":false,"footnotes":""},"categories":[],"tags":[70],"edition":[],"class_list":["post-4033","page","type-page","status-publish","hentry","tag-2016-es"],"acf":[],"yoast_head":"<!-- This site is optimized with the Yoast SEO plugin v27.4 - https:\/\/yoast.com\/product\/yoast-seo-wordpress\/ -->\n<title>4K-UHD SUMMIT 2016 - 4K-HDR SUMMIT<\/title>\n<meta name=\"robots\" content=\"index, follow, max-snippet:-1, max-image-preview:large, max-video-preview:-1\" \/>\n<link rel=\"canonical\" href=\"https:\/\/www.4ksummit.com\/es\/4k-uhd-summit-2016\/\" \/>\n<meta property=\"og:locale\" content=\"es_ES\" \/>\n<meta property=\"og:type\" content=\"article\" \/>\n<meta property=\"og:title\" content=\"4K-UHD SUMMIT 2016 - 4K-HDR SUMMIT\" \/>\n<meta property=\"og:description\" content=\"La\u00a04K Summit\u00a0es el principal\u00a0encuentro internacional entre profesionales de la industria de la Ultra Alta Definici\u00f3n, tanto del sector tecnol\u00f3gico como del sector de contenidos audiovisuales. La\u00a04K Summit\u00a0integra varias zonas en las que paralelamente hay una cont\u00ednua actividad. Adem\u00e1s del Auditorium, donde se desarrollan las conferencias, las mesas redondas y las proyecciones; la 4K Summit cuenta [&hellip;]\" \/>\n<meta property=\"og:url\" content=\"https:\/\/www.4ksummit.com\/es\/4k-uhd-summit-2016\/\" \/>\n<meta property=\"og:site_name\" content=\"4K-HDR SUMMIT\" \/>\n<meta property=\"article:modified_time\" content=\"2024-10-16T14:13:09+00:00\" \/>\n<meta property=\"og:image\" content=\"https:\/\/www.4ksummit.com\/wp-content\/uploads\/2023\/02\/4KS16.jpg\" \/>\n\t<meta property=\"og:image:width\" content=\"960\" \/>\n\t<meta property=\"og:image:height\" content=\"540\" \/>\n\t<meta property=\"og:image:type\" content=\"image\/jpeg\" \/>\n<meta name=\"twitter:card\" content=\"summary_large_image\" \/>\n<meta name=\"twitter:label1\" content=\"Tiempo de lectura\" \/>\n\t<meta name=\"twitter:data1\" content=\"2 minutos\" \/>\n<script type=\"application\/ld+json\" class=\"yoast-schema-graph\">{\"@context\":\"https:\\\/\\\/schema.org\",\"@graph\":[{\"@type\":\"WebPage\",\"@id\":\"https:\\\/\\\/www.4ksummit.com\\\/es\\\/4k-uhd-summit-2016\\\/\",\"url\":\"https:\\\/\\\/www.4ksummit.com\\\/es\\\/4k-uhd-summit-2016\\\/\",\"name\":\"4K-UHD SUMMIT 2016 - 4K-HDR SUMMIT\",\"isPartOf\":{\"@id\":\"https:\\\/\\\/www.4ksummit.com\\\/#website\"},\"primaryImageOfPage\":{\"@id\":\"https:\\\/\\\/www.4ksummit.com\\\/es\\\/4k-uhd-summit-2016\\\/#primaryimage\"},\"image\":{\"@id\":\"https:\\\/\\\/www.4ksummit.com\\\/es\\\/4k-uhd-summit-2016\\\/#primaryimage\"},\"thumbnailUrl\":\"https:\\\/\\\/www.4ksummit.com\\\/wp-content\\\/uploads\\\/2023\\\/02\\\/4KS16.jpg\",\"datePublished\":\"2017-04-21T07:15:32+00:00\",\"dateModified\":\"2024-10-16T14:13:09+00:00\",\"breadcrumb\":{\"@id\":\"https:\\\/\\\/www.4ksummit.com\\\/es\\\/4k-uhd-summit-2016\\\/#breadcrumb\"},\"inLanguage\":\"es\",\"potentialAction\":[{\"@type\":\"ReadAction\",\"target\":[\"https:\\\/\\\/www.4ksummit.com\\\/es\\\/4k-uhd-summit-2016\\\/\"]}]},{\"@type\":\"ImageObject\",\"inLanguage\":\"es\",\"@id\":\"https:\\\/\\\/www.4ksummit.com\\\/es\\\/4k-uhd-summit-2016\\\/#primaryimage\",\"url\":\"https:\\\/\\\/www.4ksummit.com\\\/wp-content\\\/uploads\\\/2023\\\/02\\\/4KS16.jpg\",\"contentUrl\":\"https:\\\/\\\/www.4ksummit.com\\\/wp-content\\\/uploads\\\/2023\\\/02\\\/4KS16.jpg\"},{\"@type\":\"BreadcrumbList\",\"@id\":\"https:\\\/\\\/www.4ksummit.com\\\/es\\\/4k-uhd-summit-2016\\\/#breadcrumb\",\"itemListElement\":[{\"@type\":\"ListItem\",\"position\":1,\"name\":\"Portada\",\"item\":\"https:\\\/\\\/www.4ksummit.com\\\/es\\\/\"},{\"@type\":\"ListItem\",\"position\":2,\"name\":\"4K-UHD SUMMIT 2016\"}]},{\"@type\":\"WebSite\",\"@id\":\"https:\\\/\\\/www.4ksummit.com\\\/#website\",\"url\":\"https:\\\/\\\/www.4ksummit.com\\\/\",\"name\":\"4K-HDR SUMMIT\",\"description\":\"2018\",\"publisher\":{\"@id\":\"https:\\\/\\\/www.4ksummit.com\\\/#organization\"},\"potentialAction\":[{\"@type\":\"SearchAction\",\"target\":{\"@type\":\"EntryPoint\",\"urlTemplate\":\"https:\\\/\\\/www.4ksummit.com\\\/?s={search_term_string}\"},\"query-input\":{\"@type\":\"PropertyValueSpecification\",\"valueRequired\":true,\"valueName\":\"search_term_string\"}}],\"inLanguage\":\"es\"},{\"@type\":\"Organization\",\"@id\":\"https:\\\/\\\/www.4ksummit.com\\\/#organization\",\"name\":\"4K-UHD SUMMIT\",\"url\":\"https:\\\/\\\/www.4ksummit.com\\\/\",\"logo\":{\"@type\":\"ImageObject\",\"inLanguage\":\"es\",\"@id\":\"https:\\\/\\\/www.4ksummit.com\\\/#\\\/schema\\\/logo\\\/image\\\/\",\"url\":\"https:\\\/\\\/www.4ksummit.com\\\/wp-content\\\/uploads\\\/2020\\\/05\\\/4ksummit.png\",\"contentUrl\":\"https:\\\/\\\/www.4ksummit.com\\\/wp-content\\\/uploads\\\/2020\\\/05\\\/4ksummit.png\",\"width\":600,\"height\":246,\"caption\":\"4K-UHD SUMMIT\"},\"image\":{\"@id\":\"https:\\\/\\\/www.4ksummit.com\\\/#\\\/schema\\\/logo\\\/image\\\/\"}}]}<\/script>\n<!-- \/ Yoast SEO plugin. -->","yoast_head_json":{"title":"4K-UHD SUMMIT 2016 - 4K-HDR SUMMIT","robots":{"index":"index","follow":"follow","max-snippet":"max-snippet:-1","max-image-preview":"max-image-preview:large","max-video-preview":"max-video-preview:-1"},"canonical":"https:\/\/www.4ksummit.com\/es\/4k-uhd-summit-2016\/","og_locale":"es_ES","og_type":"article","og_title":"4K-UHD SUMMIT 2016 - 4K-HDR SUMMIT","og_description":"La\u00a04K Summit\u00a0es el principal\u00a0encuentro internacional entre profesionales de la industria de la Ultra Alta Definici\u00f3n, tanto del sector tecnol\u00f3gico como del sector de contenidos audiovisuales. La\u00a04K Summit\u00a0integra varias zonas en las que paralelamente hay una cont\u00ednua actividad. Adem\u00e1s del Auditorium, donde se desarrollan las conferencias, las mesas redondas y las proyecciones; la 4K Summit cuenta [&hellip;]","og_url":"https:\/\/www.4ksummit.com\/es\/4k-uhd-summit-2016\/","og_site_name":"4K-HDR SUMMIT","article_modified_time":"2024-10-16T14:13:09+00:00","og_image":[{"width":960,"height":540,"url":"https:\/\/www.4ksummit.com\/wp-content\/uploads\/2023\/02\/4KS16.jpg","type":"image\/jpeg"}],"twitter_card":"summary_large_image","twitter_misc":{"Tiempo de lectura":"2 minutos"},"schema":{"@context":"https:\/\/schema.org","@graph":[{"@type":"WebPage","@id":"https:\/\/www.4ksummit.com\/es\/4k-uhd-summit-2016\/","url":"https:\/\/www.4ksummit.com\/es\/4k-uhd-summit-2016\/","name":"4K-UHD SUMMIT 2016 - 4K-HDR SUMMIT","isPartOf":{"@id":"https:\/\/www.4ksummit.com\/#website"},"primaryImageOfPage":{"@id":"https:\/\/www.4ksummit.com\/es\/4k-uhd-summit-2016\/#primaryimage"},"image":{"@id":"https:\/\/www.4ksummit.com\/es\/4k-uhd-summit-2016\/#primaryimage"},"thumbnailUrl":"https:\/\/www.4ksummit.com\/wp-content\/uploads\/2023\/02\/4KS16.jpg","datePublished":"2017-04-21T07:15:32+00:00","dateModified":"2024-10-16T14:13:09+00:00","breadcrumb":{"@id":"https:\/\/www.4ksummit.com\/es\/4k-uhd-summit-2016\/#breadcrumb"},"inLanguage":"es","potentialAction":[{"@type":"ReadAction","target":["https:\/\/www.4ksummit.com\/es\/4k-uhd-summit-2016\/"]}]},{"@type":"ImageObject","inLanguage":"es","@id":"https:\/\/www.4ksummit.com\/es\/4k-uhd-summit-2016\/#primaryimage","url":"https:\/\/www.4ksummit.com\/wp-content\/uploads\/2023\/02\/4KS16.jpg","contentUrl":"https:\/\/www.4ksummit.com\/wp-content\/uploads\/2023\/02\/4KS16.jpg"},{"@type":"BreadcrumbList","@id":"https:\/\/www.4ksummit.com\/es\/4k-uhd-summit-2016\/#breadcrumb","itemListElement":[{"@type":"ListItem","position":1,"name":"Portada","item":"https:\/\/www.4ksummit.com\/es\/"},{"@type":"ListItem","position":2,"name":"4K-UHD SUMMIT 2016"}]},{"@type":"WebSite","@id":"https:\/\/www.4ksummit.com\/#website","url":"https:\/\/www.4ksummit.com\/","name":"4K-HDR SUMMIT","description":"2018","publisher":{"@id":"https:\/\/www.4ksummit.com\/#organization"},"potentialAction":[{"@type":"SearchAction","target":{"@type":"EntryPoint","urlTemplate":"https:\/\/www.4ksummit.com\/?s={search_term_string}"},"query-input":{"@type":"PropertyValueSpecification","valueRequired":true,"valueName":"search_term_string"}}],"inLanguage":"es"},{"@type":"Organization","@id":"https:\/\/www.4ksummit.com\/#organization","name":"4K-UHD SUMMIT","url":"https:\/\/www.4ksummit.com\/","logo":{"@type":"ImageObject","inLanguage":"es","@id":"https:\/\/www.4ksummit.com\/#\/schema\/logo\/image\/","url":"https:\/\/www.4ksummit.com\/wp-content\/uploads\/2020\/05\/4ksummit.png","contentUrl":"https:\/\/www.4ksummit.com\/wp-content\/uploads\/2020\/05\/4ksummit.png","width":600,"height":246,"caption":"4K-UHD SUMMIT"},"image":{"@id":"https:\/\/www.4ksummit.com\/#\/schema\/logo\/image\/"}}]}},"_links":{"self":[{"href":"https:\/\/www.4ksummit.com\/es\/wp-json\/wp\/v2\/pages\/4033","targetHints":{"allow":["GET"]}}],"collection":[{"href":"https:\/\/www.4ksummit.com\/es\/wp-json\/wp\/v2\/pages"}],"about":[{"href":"https:\/\/www.4ksummit.com\/es\/wp-json\/wp\/v2\/types\/page"}],"author":[{"embeddable":true,"href":"https:\/\/www.4ksummit.com\/es\/wp-json\/wp\/v2\/users\/1"}],"replies":[{"embeddable":true,"href":"https:\/\/www.4ksummit.com\/es\/wp-json\/wp\/v2\/comments?post=4033"}],"version-history":[{"count":2,"href":"https:\/\/www.4ksummit.com\/es\/wp-json\/wp\/v2\/pages\/4033\/revisions"}],"predecessor-version":[{"id":30889,"href":"https:\/\/www.4ksummit.com\/es\/wp-json\/wp\/v2\/pages\/4033\/revisions\/30889"}],"wp:attachment":[{"href":"https:\/\/www.4ksummit.com\/es\/wp-json\/wp\/v2\/media?parent=4033"}],"wp:term":[{"taxonomy":"category","embeddable":true,"href":"https:\/\/www.4ksummit.com\/es\/wp-json\/wp\/v2\/categories?post=4033"},{"taxonomy":"post_tag","embeddable":true,"href":"https:\/\/www.4ksummit.com\/es\/wp-json\/wp\/v2\/tags?post=4033"},{"taxonomy":"edition","embeddable":true,"href":"https:\/\/www.4ksummit.com\/es\/wp-json\/wp\/v2\/edition?post=4033"}],"curies":[{"name":"wp","href":"https:\/\/api.w.org\/{rel}","templated":true}]}}