{"id":3926,"date":"2018-11-19T11:59:07","date_gmt":"2018-11-19T10:59:07","guid":{"rendered":"https:\/\/www.4ksummit.com\/?page_id=3926"},"modified":"2024-10-16T15:49:29","modified_gmt":"2024-10-16T13:49:29","slug":"4k-hdr-summit-2018","status":"publish","type":"page","link":"https:\/\/www.4ksummit.com\/es\/4k-hdr-summit-2018\/","title":{"rendered":"4K-HDR SUMMIT 2018"},"content":{"rendered":"<div class=\"video-container\"><iframe loading=\"lazy\" title=\"DEMO RESUMEN 4KSUMMIT18\" src=\"https:\/\/player.vimeo.com\/video\/300752402?dnt=1&amp;app_id=122963\" width=\"500\" height=\"281\" frameborder=\"0\" allow=\"autoplay; fullscreen; picture-in-picture; clipboard-write\"><\/iframe><\/div>\n<hr \/>\n<p>La <strong>4K Summit<\/strong> es el principal <strong>encuentro internacional entre profesionales de la industria de la Ultra Alta Definici\u00f3n<\/strong>, tanto del sector tecnol\u00f3gico como del sector de contenidos audiovisuales.<\/p>\n<p>La <strong>4K Summit<\/strong> integra varias zonas en las que paralelamente hay una continua actividad. Adem\u00e1s del Auditorium, donde se desarrollan las conferencias, las mesas redondas y las proyecciones; la 4K Summit cuenta con \u00c1rea de demostraciones y \u00c1rea de talleres, en los que los sponsors exponen sus mejores herramientas y se refuerza el networking y\u00a0 las relaciones B2B.<\/p>\n<p style=\"text-align: center;\"><a class=\"btn btn-primary brighten\" href=\"https:\/\/www.4ksummit.com\/wp-content\/uploads\/2019\/03\/Agenda_2018_09_low.pdf\" target=\"_blank\" rel=\"noopener\">VER AGENDA 2018<\/a> <a class=\"btn btn-primary brighten\" href=\"https:\/\/www.4ksummit.com\/wp-content\/uploads\/2018\/11\/DOSSIER-DEMO-AREA-4KS18_V9.pdf\" target=\"_blank\" rel=\"noopener\">VER DOSSIER DEMO AREA 2018<\/a> <a class=\"btn btn-primary brighten\" href=\"https:\/\/www.4ksummit.com\/es\/4khdr-summit-2018\/speakers-2018\/\" rel=\"noopener\">VER SPEAKERS 2018<\/a><\/p>\n<p><strong>LA 4K SUMMIT 2018<\/strong>\u00a0<strong>EN CIFRAS<\/strong><\/p>\n<ul>\n<li>Hasta <strong>20 pa\u00edses estuvieron representados mediante compa\u00f1\u00edas, profesionales y asistentes:<\/strong> Estados Unidos, Jap\u00f3n, Gran Breta\u00f1a, Alemania, Francia, Italia, Suiza, Turqu\u00eda y Espa\u00f1a.<\/li>\n<li><strong>29 SPONSORS\u00a0<\/strong><\/li>\n<li><strong>300 ASISTENTES DIARIOS<\/strong><\/li>\n<li><strong>120 EMPRESAS PARTICIPANTES<\/strong><\/li>\n<\/ul>\n<p>La 4K Summit 2018 ha contado con <strong>los mejores conferenciantes internacionales del 4K<\/strong>, quienes aportaron su visi\u00f3n sobre los temas m\u00e1s candentes de esta industria:<\/p>\n<p style=\"text-align: center;\"><a class=\"btn btn-primary brighten\" href=\"https:\/\/www.4ksummit.com\/wp-content\/uploads\/2019\/06\/Review-4K-SUMMIT-2018_esp.pdf\" target=\"_blank\" rel=\"noopener\">REVIEW 2018<\/a><\/p>\n<p>Meses antes de la <strong>4K Summit<\/strong> nuestros <strong>Media Partners y equipo de Community Management<\/strong> comienzan a hacerse eco de la celebraci\u00f3n de este encuentro internacional, obteniendo una <strong>importante repercusi\u00f3n tanto en medios online, como en televisi\u00f3n, radio y prensa<\/strong>.<\/p>\n<p style=\"text-align: center;\"><a class=\"btn btn-primary brighten\" href=\"https:\/\/www.4ksummit.com\/wp-content\/uploads\/2018\/11\/4K-SUMMIT.pdf\" target=\"_blank\" rel=\"noopener\">VER IMPACTO MEDI\u00c1TICO 2018<\/a> <a class=\"btn btn-primary brighten\" href=\"https:\/\/www.4ksummit.com\/wp-content\/uploads\/2018\/11\/Clipping-4K-Summit-2018.pdf\" target=\"_blank\" rel=\"noopener\">VER CLIPPING 2018<\/a><\/p>\n<div>Si quieres ver una retrospectiva en im\u00e1genes de este exclusivo encuentro en el que se re\u00fanen \u00abtop engineers\u00bb y \u00abtop content producers\u00bb del 4K durante 3 d\u00edas, las ponencias, mesas redondas, Demo Area y sesiones de networking, visita nuestra galer\u00eda de im\u00e1genes de la 4KSummit 2018.<\/div>\n<p style=\"text-align: center;\"><a class=\"btn btn-primary brighten\" href=\"https:\/\/www.flickr.com\/photos\/143448757@N05\/albums\" target=\"_blank\" rel=\"noopener\">VER GALER\u00cdA DE IM\u00c1GENES 2018<\/a><\/p>\n<h2><small>Sponsors<\/small><\/h2>\n<hr \/>\n<p>&nbsp;<\/p>\n<p><img loading=\"lazy\" decoding=\"async\" class=\"aligncenter wp-image-3268 size-large\" src=\"https:\/\/www.4ksummit.com\/wp-content\/uploads\/2018\/10\/gold-2-1024x247.png\" alt=\"\" width=\"1024\" height=\"247\" srcset=\"https:\/\/www.4ksummit.com\/wp-content\/uploads\/2018\/10\/gold-2-1024x247.png 1024w, https:\/\/www.4ksummit.com\/wp-content\/uploads\/2018\/10\/gold-2-300x72.png 300w, https:\/\/www.4ksummit.com\/wp-content\/uploads\/2018\/10\/gold-2-768x185.png 768w, https:\/\/www.4ksummit.com\/wp-content\/uploads\/2018\/10\/gold-2-600x145.png 600w, https:\/\/www.4ksummit.com\/wp-content\/uploads\/2018\/10\/gold-2.png 1061w\" sizes=\"(max-width: 1024px) 100vw, 1024px\" \/><\/p>\n<p><img loading=\"lazy\" decoding=\"async\" class=\"aligncenter wp-image-3182 size-full\" src=\"https:\/\/www.4ksummit.com\/wp-content\/uploads\/2018\/10\/silver_5.png\" alt=\"\" width=\"917\" height=\"568\" srcset=\"https:\/\/www.4ksummit.com\/wp-content\/uploads\/2018\/10\/silver_5.png 917w, https:\/\/www.4ksummit.com\/wp-content\/uploads\/2018\/10\/silver_5-300x186.png 300w, https:\/\/www.4ksummit.com\/wp-content\/uploads\/2018\/10\/silver_5-768x476.png 768w, https:\/\/www.4ksummit.com\/wp-content\/uploads\/2018\/10\/silver_5-600x372.png 600w\" sizes=\"(max-width: 917px) 100vw, 917px\" \/><\/p>\n<p><img loading=\"lazy\" decoding=\"async\" class=\"aligncenter wp-image-3387 size-full\" src=\"https:\/\/www.4ksummit.com\/wp-content\/uploads\/2018\/10\/collaboration_7.jpg\" alt=\"\" width=\"518\" height=\"499\" srcset=\"https:\/\/www.4ksummit.com\/wp-content\/uploads\/2018\/10\/collaboration_7.jpg 518w, https:\/\/www.4ksummit.com\/wp-content\/uploads\/2018\/10\/collaboration_7-300x289.jpg 300w\" sizes=\"(max-width: 518px) 100vw, 518px\" \/><\/p>\n<p><img loading=\"lazy\" decoding=\"async\" class=\"aligncenter wp-image-4025 size-full\" src=\"https:\/\/www.4ksummit.com\/wp-content\/uploads\/2018\/11\/mediapartners_2.jpg\" alt=\"\" width=\"658\" height=\"313\" srcset=\"https:\/\/www.4ksummit.com\/wp-content\/uploads\/2018\/11\/mediapartners_2.jpg 658w, https:\/\/www.4ksummit.com\/wp-content\/uploads\/2018\/11\/mediapartners_2-300x143.jpg 300w, https:\/\/www.4ksummit.com\/wp-content\/uploads\/2018\/11\/mediapartners_2-600x285.jpg 600w\" sizes=\"(max-width: 658px) 100vw, 658px\" \/><\/p>\n<p>&nbsp;<\/p>\n","protected":false},"excerpt":{"rendered":"<p>La 4K Summit es el principal encuentro internacional entre profesionales de la industria de la Ultra Alta Definici\u00f3n, tanto del sector tecnol\u00f3gico como del sector de contenidos audiovisuales. La 4K Summit integra varias zonas en las que paralelamente hay una continua actividad. Adem\u00e1s del Auditorium, donde se desarrollan las conferencias, las mesas redondas y las [&hellip;]<\/p>\n","protected":false},"author":4,"featured_media":0,"parent":0,"menu_order":68,"comment_status":"closed","ping_status":"closed","template":"","meta":{"_acf_changed":false,"footnotes":""},"categories":[],"tags":[64],"edition":[],"class_list":["post-3926","page","type-page","status-publish","hentry","tag-2018-es"],"acf":[],"yoast_head":"<!-- This site is optimized with the Yoast SEO plugin v27.5 - https:\/\/yoast.com\/product\/yoast-seo-wordpress\/ -->\n<title>4K-HDR SUMMIT 2018 - 4K-HDR SUMMIT<\/title>\n<meta name=\"robots\" content=\"index, follow, max-snippet:-1, max-image-preview:large, max-video-preview:-1\" \/>\n<link rel=\"canonical\" href=\"https:\/\/www.4ksummit.com\/es\/4k-hdr-summit-2018\/\" \/>\n<meta property=\"og:locale\" content=\"es_ES\" \/>\n<meta property=\"og:type\" content=\"article\" \/>\n<meta property=\"og:title\" content=\"4K-HDR SUMMIT 2018 - 4K-HDR SUMMIT\" \/>\n<meta property=\"og:description\" content=\"La 4K Summit es el principal encuentro internacional entre profesionales de la industria de la Ultra Alta Definici\u00f3n, tanto del sector tecnol\u00f3gico como del sector de contenidos audiovisuales. La 4K Summit integra varias zonas en las que paralelamente hay una continua actividad. Adem\u00e1s del Auditorium, donde se desarrollan las conferencias, las mesas redondas y las [&hellip;]\" \/>\n<meta property=\"og:url\" content=\"https:\/\/www.4ksummit.com\/es\/4k-hdr-summit-2018\/\" \/>\n<meta property=\"og:site_name\" content=\"4K-HDR SUMMIT\" \/>\n<meta property=\"article:modified_time\" content=\"2024-10-16T13:49:29+00:00\" \/>\n<meta property=\"og:image\" content=\"https:\/\/www.4ksummit.com\/wp-content\/uploads\/2018\/10\/gold-2.png\" \/>\n\t<meta property=\"og:image:width\" content=\"1061\" \/>\n\t<meta property=\"og:image:height\" content=\"256\" \/>\n\t<meta property=\"og:image:type\" content=\"image\/png\" \/>\n<meta name=\"twitter:card\" content=\"summary_large_image\" \/>\n<meta name=\"twitter:label1\" content=\"Tiempo de lectura\" \/>\n\t<meta name=\"twitter:data1\" content=\"2 minutos\" \/>\n<script type=\"application\/ld+json\" class=\"yoast-schema-graph\">{\"@context\":\"https:\\\/\\\/schema.org\",\"@graph\":[{\"@type\":\"WebPage\",\"@id\":\"https:\\\/\\\/www.4ksummit.com\\\/es\\\/4k-hdr-summit-2018\\\/\",\"url\":\"https:\\\/\\\/www.4ksummit.com\\\/es\\\/4k-hdr-summit-2018\\\/\",\"name\":\"4K-HDR SUMMIT 2018 - 4K-HDR SUMMIT\",\"isPartOf\":{\"@id\":\"https:\\\/\\\/www.4ksummit.com\\\/#website\"},\"primaryImageOfPage\":{\"@id\":\"https:\\\/\\\/www.4ksummit.com\\\/es\\\/4k-hdr-summit-2018\\\/#primaryimage\"},\"image\":{\"@id\":\"https:\\\/\\\/www.4ksummit.com\\\/es\\\/4k-hdr-summit-2018\\\/#primaryimage\"},\"thumbnailUrl\":\"https:\\\/\\\/www.4ksummit.com\\\/wp-content\\\/uploads\\\/2018\\\/10\\\/gold-2-1024x247.png\",\"datePublished\":\"2018-11-19T10:59:07+00:00\",\"dateModified\":\"2024-10-16T13:49:29+00:00\",\"breadcrumb\":{\"@id\":\"https:\\\/\\\/www.4ksummit.com\\\/es\\\/4k-hdr-summit-2018\\\/#breadcrumb\"},\"inLanguage\":\"es\",\"potentialAction\":[{\"@type\":\"ReadAction\",\"target\":[\"https:\\\/\\\/www.4ksummit.com\\\/es\\\/4k-hdr-summit-2018\\\/\"]}]},{\"@type\":\"ImageObject\",\"inLanguage\":\"es\",\"@id\":\"https:\\\/\\\/www.4ksummit.com\\\/es\\\/4k-hdr-summit-2018\\\/#primaryimage\",\"url\":\"https:\\\/\\\/www.4ksummit.com\\\/wp-content\\\/uploads\\\/2018\\\/10\\\/gold-2-1024x247.png\",\"contentUrl\":\"https:\\\/\\\/www.4ksummit.com\\\/wp-content\\\/uploads\\\/2018\\\/10\\\/gold-2-1024x247.png\"},{\"@type\":\"BreadcrumbList\",\"@id\":\"https:\\\/\\\/www.4ksummit.com\\\/es\\\/4k-hdr-summit-2018\\\/#breadcrumb\",\"itemListElement\":[{\"@type\":\"ListItem\",\"position\":1,\"name\":\"Portada\",\"item\":\"https:\\\/\\\/www.4ksummit.com\\\/es\\\/\"},{\"@type\":\"ListItem\",\"position\":2,\"name\":\"4K-HDR SUMMIT 2018\"}]},{\"@type\":\"WebSite\",\"@id\":\"https:\\\/\\\/www.4ksummit.com\\\/#website\",\"url\":\"https:\\\/\\\/www.4ksummit.com\\\/\",\"name\":\"4K-HDR SUMMIT\",\"description\":\"2018\",\"publisher\":{\"@id\":\"https:\\\/\\\/www.4ksummit.com\\\/#organization\"},\"potentialAction\":[{\"@type\":\"SearchAction\",\"target\":{\"@type\":\"EntryPoint\",\"urlTemplate\":\"https:\\\/\\\/www.4ksummit.com\\\/?s={search_term_string}\"},\"query-input\":{\"@type\":\"PropertyValueSpecification\",\"valueRequired\":true,\"valueName\":\"search_term_string\"}}],\"inLanguage\":\"es\"},{\"@type\":\"Organization\",\"@id\":\"https:\\\/\\\/www.4ksummit.com\\\/#organization\",\"name\":\"4K-UHD SUMMIT\",\"url\":\"https:\\\/\\\/www.4ksummit.com\\\/\",\"logo\":{\"@type\":\"ImageObject\",\"inLanguage\":\"es\",\"@id\":\"https:\\\/\\\/www.4ksummit.com\\\/#\\\/schema\\\/logo\\\/image\\\/\",\"url\":\"https:\\\/\\\/www.4ksummit.com\\\/wp-content\\\/uploads\\\/2020\\\/05\\\/4ksummit.png\",\"contentUrl\":\"https:\\\/\\\/www.4ksummit.com\\\/wp-content\\\/uploads\\\/2020\\\/05\\\/4ksummit.png\",\"width\":600,\"height\":246,\"caption\":\"4K-UHD SUMMIT\"},\"image\":{\"@id\":\"https:\\\/\\\/www.4ksummit.com\\\/#\\\/schema\\\/logo\\\/image\\\/\"}}]}<\/script>\n<!-- \/ Yoast SEO plugin. -->","yoast_head_json":{"title":"4K-HDR SUMMIT 2018 - 4K-HDR SUMMIT","robots":{"index":"index","follow":"follow","max-snippet":"max-snippet:-1","max-image-preview":"max-image-preview:large","max-video-preview":"max-video-preview:-1"},"canonical":"https:\/\/www.4ksummit.com\/es\/4k-hdr-summit-2018\/","og_locale":"es_ES","og_type":"article","og_title":"4K-HDR SUMMIT 2018 - 4K-HDR SUMMIT","og_description":"La 4K Summit es el principal encuentro internacional entre profesionales de la industria de la Ultra Alta Definici\u00f3n, tanto del sector tecnol\u00f3gico como del sector de contenidos audiovisuales. La 4K Summit integra varias zonas en las que paralelamente hay una continua actividad. Adem\u00e1s del Auditorium, donde se desarrollan las conferencias, las mesas redondas y las [&hellip;]","og_url":"https:\/\/www.4ksummit.com\/es\/4k-hdr-summit-2018\/","og_site_name":"4K-HDR SUMMIT","article_modified_time":"2024-10-16T13:49:29+00:00","og_image":[{"width":1061,"height":256,"url":"https:\/\/www.4ksummit.com\/wp-content\/uploads\/2018\/10\/gold-2.png","type":"image\/png"}],"twitter_card":"summary_large_image","twitter_misc":{"Tiempo de lectura":"2 minutos"},"schema":{"@context":"https:\/\/schema.org","@graph":[{"@type":"WebPage","@id":"https:\/\/www.4ksummit.com\/es\/4k-hdr-summit-2018\/","url":"https:\/\/www.4ksummit.com\/es\/4k-hdr-summit-2018\/","name":"4K-HDR SUMMIT 2018 - 4K-HDR SUMMIT","isPartOf":{"@id":"https:\/\/www.4ksummit.com\/#website"},"primaryImageOfPage":{"@id":"https:\/\/www.4ksummit.com\/es\/4k-hdr-summit-2018\/#primaryimage"},"image":{"@id":"https:\/\/www.4ksummit.com\/es\/4k-hdr-summit-2018\/#primaryimage"},"thumbnailUrl":"https:\/\/www.4ksummit.com\/wp-content\/uploads\/2018\/10\/gold-2-1024x247.png","datePublished":"2018-11-19T10:59:07+00:00","dateModified":"2024-10-16T13:49:29+00:00","breadcrumb":{"@id":"https:\/\/www.4ksummit.com\/es\/4k-hdr-summit-2018\/#breadcrumb"},"inLanguage":"es","potentialAction":[{"@type":"ReadAction","target":["https:\/\/www.4ksummit.com\/es\/4k-hdr-summit-2018\/"]}]},{"@type":"ImageObject","inLanguage":"es","@id":"https:\/\/www.4ksummit.com\/es\/4k-hdr-summit-2018\/#primaryimage","url":"https:\/\/www.4ksummit.com\/wp-content\/uploads\/2018\/10\/gold-2-1024x247.png","contentUrl":"https:\/\/www.4ksummit.com\/wp-content\/uploads\/2018\/10\/gold-2-1024x247.png"},{"@type":"BreadcrumbList","@id":"https:\/\/www.4ksummit.com\/es\/4k-hdr-summit-2018\/#breadcrumb","itemListElement":[{"@type":"ListItem","position":1,"name":"Portada","item":"https:\/\/www.4ksummit.com\/es\/"},{"@type":"ListItem","position":2,"name":"4K-HDR SUMMIT 2018"}]},{"@type":"WebSite","@id":"https:\/\/www.4ksummit.com\/#website","url":"https:\/\/www.4ksummit.com\/","name":"4K-HDR SUMMIT","description":"2018","publisher":{"@id":"https:\/\/www.4ksummit.com\/#organization"},"potentialAction":[{"@type":"SearchAction","target":{"@type":"EntryPoint","urlTemplate":"https:\/\/www.4ksummit.com\/?s={search_term_string}"},"query-input":{"@type":"PropertyValueSpecification","valueRequired":true,"valueName":"search_term_string"}}],"inLanguage":"es"},{"@type":"Organization","@id":"https:\/\/www.4ksummit.com\/#organization","name":"4K-UHD SUMMIT","url":"https:\/\/www.4ksummit.com\/","logo":{"@type":"ImageObject","inLanguage":"es","@id":"https:\/\/www.4ksummit.com\/#\/schema\/logo\/image\/","url":"https:\/\/www.4ksummit.com\/wp-content\/uploads\/2020\/05\/4ksummit.png","contentUrl":"https:\/\/www.4ksummit.com\/wp-content\/uploads\/2020\/05\/4ksummit.png","width":600,"height":246,"caption":"4K-UHD SUMMIT"},"image":{"@id":"https:\/\/www.4ksummit.com\/#\/schema\/logo\/image\/"}}]}},"_links":{"self":[{"href":"https:\/\/www.4ksummit.com\/es\/wp-json\/wp\/v2\/pages\/3926","targetHints":{"allow":["GET"]}}],"collection":[{"href":"https:\/\/www.4ksummit.com\/es\/wp-json\/wp\/v2\/pages"}],"about":[{"href":"https:\/\/www.4ksummit.com\/es\/wp-json\/wp\/v2\/types\/page"}],"author":[{"embeddable":true,"href":"https:\/\/www.4ksummit.com\/es\/wp-json\/wp\/v2\/users\/4"}],"replies":[{"embeddable":true,"href":"https:\/\/www.4ksummit.com\/es\/wp-json\/wp\/v2\/comments?post=3926"}],"version-history":[{"count":2,"href":"https:\/\/www.4ksummit.com\/es\/wp-json\/wp\/v2\/pages\/3926\/revisions"}],"predecessor-version":[{"id":30880,"href":"https:\/\/www.4ksummit.com\/es\/wp-json\/wp\/v2\/pages\/3926\/revisions\/30880"}],"wp:attachment":[{"href":"https:\/\/www.4ksummit.com\/es\/wp-json\/wp\/v2\/media?parent=3926"}],"wp:term":[{"taxonomy":"category","embeddable":true,"href":"https:\/\/www.4ksummit.com\/es\/wp-json\/wp\/v2\/categories?post=3926"},{"taxonomy":"post_tag","embeddable":true,"href":"https:\/\/www.4ksummit.com\/es\/wp-json\/wp\/v2\/tags?post=3926"},{"taxonomy":"edition","embeddable":true,"href":"https:\/\/www.4ksummit.com\/es\/wp-json\/wp\/v2\/edition?post=3926"}],"curies":[{"name":"wp","href":"https:\/\/api.w.org\/{rel}","templated":true}]}}