{"id":32664,"date":"2025-02-14T13:11:29","date_gmt":"2025-02-14T12:11:29","guid":{"rendered":"https:\/\/www.4ksummit.com\/?page_id=32664"},"modified":"2025-02-14T13:11:29","modified_gmt":"2025-02-14T12:11:29","slug":"acreditacion-prensa","status":"publish","type":"page","link":"https:\/\/www.4ksummit.com\/es\/4k-hdr-summit-2025\/registro\/acreditacion-prensa\/","title":{"rendered":"Acreditaci\u00f3n prensa"},"content":{"rendered":"<h2 style=\"text-align: center;\">4K-HDR SUMMIT 2025<\/h2>\n<p style=\"text-align: center;\"><strong>Noviembre 10-14<\/strong><\/p>\n<hr \/>\n<p><span style=\"font-weight: 400;\">Si quieres obtener tu <\/span><b>acreditaci\u00f3n <\/b><span style=\"font-weight: 400;\">como <\/span><b>profesional <\/b><span style=\"font-weight: 400;\">de <\/span><b>alg\u00fan medio de comunicaci\u00f3n<\/b><span style=\"font-weight: 400;\"> para asistir al <\/span><b>4K-HDR SUMMIT 2025<\/b><span style=\"font-weight: 400;\">, por favor env\u00edanos tu solicitud:<\/span><\/p>\n\n<div class=\"wpcf7 no-js\" id=\"wpcf7-f26424-o1\" lang=\"en-US\" dir=\"ltr\" data-wpcf7-id=\"26424\">\n<div class=\"screen-reader-response\"><p role=\"status\" aria-live=\"polite\" aria-atomic=\"true\"><\/p> <ul><\/ul><\/div>\n<form action=\"\/es\/wp-json\/wp\/v2\/pages\/32664#wpcf7-f26424-o1\" method=\"post\" class=\"wpcf7-form init\" aria-label=\"Contact form\" novalidate=\"novalidate\" data-status=\"init\">\n<fieldset class=\"hidden-fields-container\"><input type=\"hidden\" name=\"_wpcf7\" value=\"26424\" \/><input type=\"hidden\" name=\"_wpcf7_version\" value=\"6.1.5\" \/><input type=\"hidden\" name=\"_wpcf7_locale\" value=\"en_US\" \/><input type=\"hidden\" name=\"_wpcf7_unit_tag\" value=\"wpcf7-f26424-o1\" \/><input type=\"hidden\" name=\"_wpcf7_container_post\" value=\"0\" \/><input type=\"hidden\" name=\"_wpcf7_posted_data_hash\" value=\"\" \/><input type=\"hidden\" name=\"_wpcf7_recaptcha_response\" value=\"\" \/>\n<\/fieldset>\n<div class=\"row\">\n\t<div class=\"col-12\">\n\t\t<p><small>* Todos los campos son obligatorios<\/small>\n\t\t<\/p>\n\t<\/div>\n\t<div class=\"col-md-6\">\n\t\t<p><label>Nombre<\/label>\n\t\t<\/p>\n\t\t<p><span class=\"wpcf7-form-control-wrap\" data-name=\"your-name\"><input size=\"40\" maxlength=\"400\" class=\"wpcf7-form-control wpcf7-text wpcf7-validates-as-required\" aria-required=\"true\" aria-invalid=\"false\" value=\"\" type=\"text\" name=\"your-name\" \/><\/span>\n\t\t<\/p>\n\t<\/div>\n\t<div class=\"col-md-6\">\n\t\t<p><label>Apellidos<\/label>\n\t\t<\/p>\n\t\t<p><span class=\"wpcf7-form-control-wrap\" data-name=\"your-surname\"><input size=\"40\" maxlength=\"400\" class=\"wpcf7-form-control wpcf7-text wpcf7-validates-as-required\" aria-required=\"true\" aria-invalid=\"false\" value=\"\" type=\"text\" name=\"your-surname\" \/><\/span>\n\t\t<\/p>\n\t<\/div>\n\t<div class=\"col-md-6\">\n\t\t<p><label>Cargo<\/label>\n\t\t<\/p>\n\t\t<p><span class=\"wpcf7-form-control-wrap\" data-name=\"your-profession\"><input size=\"40\" maxlength=\"400\" class=\"wpcf7-form-control wpcf7-text wpcf7-validates-as-required\" aria-required=\"true\" aria-invalid=\"false\" value=\"\" type=\"text\" name=\"your-profession\" \/><\/span>\n\t\t<\/p>\n\t<\/div>\n\t<div class=\"col-md-6\">\n\t\t<p><label>Medio de comunicaci\u00f3n<\/label>\n\t\t<\/p>\n\t\t<p><span class=\"wpcf7-form-control-wrap\" data-name=\"your-company\"><input size=\"40\" maxlength=\"400\" class=\"wpcf7-form-control wpcf7-text wpcf7-validates-as-required\" aria-required=\"true\" aria-invalid=\"false\" value=\"\" type=\"text\" name=\"your-company\" \/><\/span>\n\t\t<\/p>\n\t<\/div>\n\t<div class=\"col-md-6\">\n\t\t<p><label>Tel\u00e9fono<\/label>\n\t\t<\/p>\n\t\t<p><span class=\"wpcf7-form-control-wrap\" data-name=\"your-phone\"><input size=\"40\" maxlength=\"400\" class=\"wpcf7-form-control wpcf7-text wpcf7-validates-as-required\" aria-required=\"true\" aria-invalid=\"false\" value=\"\" type=\"text\" name=\"your-phone\" \/><\/span>\n\t\t<\/p>\n\t<\/div>\n\t<div class=\"col-md-6\">\n\t\t<p><label>Email<\/label>\n\t\t<\/p>\n\t\t<p><span class=\"wpcf7-form-control-wrap\" data-name=\"your-email\"><input size=\"40\" maxlength=\"400\" class=\"wpcf7-form-control wpcf7-email wpcf7-validates-as-required wpcf7-text wpcf7-validates-as-email\" aria-required=\"true\" aria-invalid=\"false\" value=\"\" type=\"email\" name=\"your-email\" \/><\/span>\n\t\t<\/p>\n\t<\/div>\n\t<div class=\"col-md-6\">\n\t\t<p><label>Modalidad de asistencia:<\/label>\n\t\t<\/p>\n\t\t<p><span class=\"wpcf7-form-control-wrap\" data-name=\"modalidad\"><select class=\"wpcf7-form-control wpcf7-select wpcf7-validates-as-required\" aria-required=\"true\" aria-invalid=\"false\" name=\"modalidad\"><option value=\"\">Seleccionar...<\/option><option value=\"PRESENCIAL: 10 &amp; 11 de noviembre\">PRESENCIAL: 10 &amp; 11 de noviembre<\/option><option value=\"VIRTUAL: 10-13 de noviembre\">VIRTUAL: 10-13 de noviembre<\/option><\/select><\/span>\n\t\t<\/p>\n\t<\/div>\n\t<div class=\"col-12\">\n\t\t<p><label>Mensaje:<\/label>\n\t\t<\/p>\n\t\t<p><span class=\"wpcf7-form-control-wrap\" data-name=\"your-message\"><textarea cols=\"40\" rows=\"10\" maxlength=\"2000\" class=\"wpcf7-form-control wpcf7-textarea wpcf7-validates-as-required\" aria-required=\"true\" aria-invalid=\"false\" name=\"your-message\"><\/textarea><\/span>\n\t\t<\/p>\n\t\t<p><span class=\"wpcf7-form-control-wrap\" data-name=\"acceptance-493\"><span class=\"wpcf7-form-control wpcf7-acceptance\"><span class=\"wpcf7-list-item\"><label><input type=\"checkbox\" name=\"acceptance-493\" value=\"1\" aria-invalid=\"false\" \/><span class=\"wpcf7-list-item-label\">He le\u00eddo y acepto la: \n<a href=\"https:\/\/www.4ksummit.com\/es\/politica-de-privacidad\/\" title=\"Pol\u00edtica de Privacidad\" class=\"blackColor strong\" rel=\"noopener\" target=\"_blank\"><u>Pol\u00edtica de Privacidad<\/u><\/a>.<\/span><\/label><\/span><\/span><\/span>\n\t\t<\/p>\n\t<\/div>\n<\/div>\n<div class=\"row justify-content-center\">\n\t<div class=\"col-md-6 text-center\">\n\t\t<p><input class=\"wpcf7-form-control wpcf7-submit has-spinner\" type=\"submit\" value=\"ENVIAR\" \/>\n\t\t<\/p>\n\t<\/div>\n<\/div><div class=\"wpcf7-response-output\" aria-hidden=\"true\"><\/div>\n<\/form>\n<\/div>\n\n<hr \/>\n<p><span style=\"font-weight: 400;\">Para conseguir <\/span><b>material gr\u00e1fico extra<\/b><span style=\"font-weight: 400;\"> solicita acceso a nuestra FTP a trav\u00e9s del siguiente correo electr\u00f3nico: <\/span><a href=\"mailto:gloria@medinamediaevents.com\"><span style=\"font-weight: 400;\">gloria@medinamediaevents.com<\/span><\/a><\/p>\n<p><span style=\"font-weight: 400;\">Si necesitas contactar con la organizaci\u00f3n para gestiones de <\/span><b>entrevistas o informaci\u00f3n adicional<\/b><span style=\"font-weight: 400;\">, por favor, escribe tu petici\u00f3n a <\/span><a href=\"mailto:carlos@medinamediaevents.com\"><span style=\"font-weight: 400;\">carlos@medinamediaevents.com<\/span><\/a><span style=\"font-weight: 400;\">\u00a0<\/span><\/p>\n","protected":false},"excerpt":{"rendered":"<p>4K-HDR SUMMIT 2025 Noviembre 10-14 Si quieres obtener tu acreditaci\u00f3n como profesional de alg\u00fan medio de comunicaci\u00f3n para asistir al 4K-HDR SUMMIT 2025, por favor env\u00edanos tu solicitud: Para conseguir material gr\u00e1fico extra solicita acceso a nuestra FTP a trav\u00e9s del siguiente correo electr\u00f3nico: gloria@medinamediaevents.com Si necesitas contactar con la organizaci\u00f3n para gestiones de entrevistas [&hellip;]<\/p>\n","protected":false},"author":4,"featured_media":0,"parent":32654,"menu_order":48,"comment_status":"closed","ping_status":"closed","template":"","meta":{"_acf_changed":false,"footnotes":""},"edition":[],"class_list":["post-32664","page","type-page","status-publish","hentry"],"acf":[],"yoast_head":"<!-- This site is optimized with the Yoast SEO plugin v27.3 - https:\/\/yoast.com\/product\/yoast-seo-wordpress\/ -->\n<title>Acreditaci\u00f3n prensa - 4K-HDR SUMMIT<\/title>\n<meta name=\"robots\" content=\"index, follow, max-snippet:-1, max-image-preview:large, max-video-preview:-1\" \/>\n<link rel=\"canonical\" href=\"https:\/\/www.4ksummit.com\/es\/4k-hdr-summit-2025\/registro\/acreditacion-prensa\/\" \/>\n<meta property=\"og:locale\" content=\"es_ES\" \/>\n<meta property=\"og:type\" content=\"article\" \/>\n<meta property=\"og:title\" content=\"Acreditaci\u00f3n prensa - 4K-HDR SUMMIT\" \/>\n<meta property=\"og:description\" content=\"4K-HDR SUMMIT 2025 Noviembre 10-14 Si quieres obtener tu acreditaci\u00f3n como profesional de alg\u00fan medio de comunicaci\u00f3n para asistir al 4K-HDR SUMMIT 2025, por favor env\u00edanos tu solicitud: Para conseguir material gr\u00e1fico extra solicita acceso a nuestra FTP a trav\u00e9s del siguiente correo electr\u00f3nico: gloria@medinamediaevents.com Si necesitas contactar con la organizaci\u00f3n para gestiones de entrevistas [&hellip;]\" \/>\n<meta property=\"og:url\" content=\"https:\/\/www.4ksummit.com\/es\/4k-hdr-summit-2025\/registro\/acreditacion-prensa\/\" \/>\n<meta property=\"og:site_name\" content=\"4K-HDR SUMMIT\" \/>\n<meta name=\"twitter:card\" content=\"summary_large_image\" \/>\n<meta name=\"twitter:label1\" content=\"Tiempo de lectura\" \/>\n\t<meta name=\"twitter:data1\" content=\"1 minuto\" \/>\n<script type=\"application\/ld+json\" class=\"yoast-schema-graph\">{\"@context\":\"https:\\\/\\\/schema.org\",\"@graph\":[{\"@type\":\"WebPage\",\"@id\":\"https:\\\/\\\/www.4ksummit.com\\\/es\\\/4k-hdr-summit-2025\\\/registro\\\/acreditacion-prensa\\\/\",\"url\":\"https:\\\/\\\/www.4ksummit.com\\\/es\\\/4k-hdr-summit-2025\\\/registro\\\/acreditacion-prensa\\\/\",\"name\":\"Acreditaci\u00f3n prensa - 4K-HDR SUMMIT\",\"isPartOf\":{\"@id\":\"https:\\\/\\\/www.4ksummit.com\\\/#website\"},\"datePublished\":\"2025-02-14T12:11:29+00:00\",\"breadcrumb\":{\"@id\":\"https:\\\/\\\/www.4ksummit.com\\\/es\\\/4k-hdr-summit-2025\\\/registro\\\/acreditacion-prensa\\\/#breadcrumb\"},\"inLanguage\":\"es\",\"potentialAction\":[{\"@type\":\"ReadAction\",\"target\":[\"https:\\\/\\\/www.4ksummit.com\\\/es\\\/4k-hdr-summit-2025\\\/registro\\\/acreditacion-prensa\\\/\"]}]},{\"@type\":\"BreadcrumbList\",\"@id\":\"https:\\\/\\\/www.4ksummit.com\\\/es\\\/4k-hdr-summit-2025\\\/registro\\\/acreditacion-prensa\\\/#breadcrumb\",\"itemListElement\":[{\"@type\":\"ListItem\",\"position\":1,\"name\":\"Portada\",\"item\":\"https:\\\/\\\/www.4ksummit.com\\\/es\\\/\"},{\"@type\":\"ListItem\",\"position\":2,\"name\":\"4K HDR Summit 2025\",\"item\":\"https:\\\/\\\/www.4ksummit.com\\\/es\\\/4k-hdr-summit-2025\\\/\"},{\"@type\":\"ListItem\",\"position\":3,\"name\":\"Registro\",\"item\":\"https:\\\/\\\/www.4ksummit.com\\\/es\\\/4k-hdr-summit-2025\\\/registro\\\/\"},{\"@type\":\"ListItem\",\"position\":4,\"name\":\"Acreditaci\u00f3n prensa\"}]},{\"@type\":\"WebSite\",\"@id\":\"https:\\\/\\\/www.4ksummit.com\\\/#website\",\"url\":\"https:\\\/\\\/www.4ksummit.com\\\/\",\"name\":\"4K-HDR SUMMIT\",\"description\":\"2018\",\"publisher\":{\"@id\":\"https:\\\/\\\/www.4ksummit.com\\\/#organization\"},\"potentialAction\":[{\"@type\":\"SearchAction\",\"target\":{\"@type\":\"EntryPoint\",\"urlTemplate\":\"https:\\\/\\\/www.4ksummit.com\\\/?s={search_term_string}\"},\"query-input\":{\"@type\":\"PropertyValueSpecification\",\"valueRequired\":true,\"valueName\":\"search_term_string\"}}],\"inLanguage\":\"es\"},{\"@type\":\"Organization\",\"@id\":\"https:\\\/\\\/www.4ksummit.com\\\/#organization\",\"name\":\"4K-UHD SUMMIT\",\"url\":\"https:\\\/\\\/www.4ksummit.com\\\/\",\"logo\":{\"@type\":\"ImageObject\",\"inLanguage\":\"es\",\"@id\":\"https:\\\/\\\/www.4ksummit.com\\\/#\\\/schema\\\/logo\\\/image\\\/\",\"url\":\"https:\\\/\\\/www.4ksummit.com\\\/wp-content\\\/uploads\\\/2020\\\/05\\\/4ksummit.png\",\"contentUrl\":\"https:\\\/\\\/www.4ksummit.com\\\/wp-content\\\/uploads\\\/2020\\\/05\\\/4ksummit.png\",\"width\":600,\"height\":246,\"caption\":\"4K-UHD SUMMIT\"},\"image\":{\"@id\":\"https:\\\/\\\/www.4ksummit.com\\\/#\\\/schema\\\/logo\\\/image\\\/\"}}]}<\/script>\n<!-- \/ Yoast SEO plugin. -->","yoast_head_json":{"title":"Acreditaci\u00f3n prensa - 4K-HDR SUMMIT","robots":{"index":"index","follow":"follow","max-snippet":"max-snippet:-1","max-image-preview":"max-image-preview:large","max-video-preview":"max-video-preview:-1"},"canonical":"https:\/\/www.4ksummit.com\/es\/4k-hdr-summit-2025\/registro\/acreditacion-prensa\/","og_locale":"es_ES","og_type":"article","og_title":"Acreditaci\u00f3n prensa - 4K-HDR SUMMIT","og_description":"4K-HDR SUMMIT 2025 Noviembre 10-14 Si quieres obtener tu acreditaci\u00f3n como profesional de alg\u00fan medio de comunicaci\u00f3n para asistir al 4K-HDR SUMMIT 2025, por favor env\u00edanos tu solicitud: Para conseguir material gr\u00e1fico extra solicita acceso a nuestra FTP a trav\u00e9s del siguiente correo electr\u00f3nico: gloria@medinamediaevents.com Si necesitas contactar con la organizaci\u00f3n para gestiones de entrevistas [&hellip;]","og_url":"https:\/\/www.4ksummit.com\/es\/4k-hdr-summit-2025\/registro\/acreditacion-prensa\/","og_site_name":"4K-HDR SUMMIT","twitter_card":"summary_large_image","twitter_misc":{"Tiempo de lectura":"1 minuto"},"schema":{"@context":"https:\/\/schema.org","@graph":[{"@type":"WebPage","@id":"https:\/\/www.4ksummit.com\/es\/4k-hdr-summit-2025\/registro\/acreditacion-prensa\/","url":"https:\/\/www.4ksummit.com\/es\/4k-hdr-summit-2025\/registro\/acreditacion-prensa\/","name":"Acreditaci\u00f3n prensa - 4K-HDR SUMMIT","isPartOf":{"@id":"https:\/\/www.4ksummit.com\/#website"},"datePublished":"2025-02-14T12:11:29+00:00","breadcrumb":{"@id":"https:\/\/www.4ksummit.com\/es\/4k-hdr-summit-2025\/registro\/acreditacion-prensa\/#breadcrumb"},"inLanguage":"es","potentialAction":[{"@type":"ReadAction","target":["https:\/\/www.4ksummit.com\/es\/4k-hdr-summit-2025\/registro\/acreditacion-prensa\/"]}]},{"@type":"BreadcrumbList","@id":"https:\/\/www.4ksummit.com\/es\/4k-hdr-summit-2025\/registro\/acreditacion-prensa\/#breadcrumb","itemListElement":[{"@type":"ListItem","position":1,"name":"Portada","item":"https:\/\/www.4ksummit.com\/es\/"},{"@type":"ListItem","position":2,"name":"4K HDR Summit 2025","item":"https:\/\/www.4ksummit.com\/es\/4k-hdr-summit-2025\/"},{"@type":"ListItem","position":3,"name":"Registro","item":"https:\/\/www.4ksummit.com\/es\/4k-hdr-summit-2025\/registro\/"},{"@type":"ListItem","position":4,"name":"Acreditaci\u00f3n prensa"}]},{"@type":"WebSite","@id":"https:\/\/www.4ksummit.com\/#website","url":"https:\/\/www.4ksummit.com\/","name":"4K-HDR SUMMIT","description":"2018","publisher":{"@id":"https:\/\/www.4ksummit.com\/#organization"},"potentialAction":[{"@type":"SearchAction","target":{"@type":"EntryPoint","urlTemplate":"https:\/\/www.4ksummit.com\/?s={search_term_string}"},"query-input":{"@type":"PropertyValueSpecification","valueRequired":true,"valueName":"search_term_string"}}],"inLanguage":"es"},{"@type":"Organization","@id":"https:\/\/www.4ksummit.com\/#organization","name":"4K-UHD SUMMIT","url":"https:\/\/www.4ksummit.com\/","logo":{"@type":"ImageObject","inLanguage":"es","@id":"https:\/\/www.4ksummit.com\/#\/schema\/logo\/image\/","url":"https:\/\/www.4ksummit.com\/wp-content\/uploads\/2020\/05\/4ksummit.png","contentUrl":"https:\/\/www.4ksummit.com\/wp-content\/uploads\/2020\/05\/4ksummit.png","width":600,"height":246,"caption":"4K-UHD SUMMIT"},"image":{"@id":"https:\/\/www.4ksummit.com\/#\/schema\/logo\/image\/"}}]}},"_links":{"self":[{"href":"https:\/\/www.4ksummit.com\/es\/wp-json\/wp\/v2\/pages\/32664","targetHints":{"allow":["GET"]}}],"collection":[{"href":"https:\/\/www.4ksummit.com\/es\/wp-json\/wp\/v2\/pages"}],"about":[{"href":"https:\/\/www.4ksummit.com\/es\/wp-json\/wp\/v2\/types\/page"}],"author":[{"embeddable":true,"href":"https:\/\/www.4ksummit.com\/es\/wp-json\/wp\/v2\/users\/4"}],"replies":[{"embeddable":true,"href":"https:\/\/www.4ksummit.com\/es\/wp-json\/wp\/v2\/comments?post=32664"}],"version-history":[{"count":1,"href":"https:\/\/www.4ksummit.com\/es\/wp-json\/wp\/v2\/pages\/32664\/revisions"}],"predecessor-version":[{"id":32673,"href":"https:\/\/www.4ksummit.com\/es\/wp-json\/wp\/v2\/pages\/32664\/revisions\/32673"}],"up":[{"embeddable":true,"href":"https:\/\/www.4ksummit.com\/es\/wp-json\/wp\/v2\/pages\/32654"}],"wp:attachment":[{"href":"https:\/\/www.4ksummit.com\/es\/wp-json\/wp\/v2\/media?parent=32664"}],"wp:term":[{"taxonomy":"edition","embeddable":true,"href":"https:\/\/www.4ksummit.com\/es\/wp-json\/wp\/v2\/edition?post=32664"}],"curies":[{"name":"wp","href":"https:\/\/api.w.org\/{rel}","templated":true}]}}