{"id":30635,"date":"2024-10-10T11:30:00","date_gmt":"2024-10-10T09:30:00","guid":{"rendered":"https:\/\/www.4ksummit.com\/?page_id=30635"},"modified":"2024-10-10T11:39:14","modified_gmt":"2024-10-10T09:39:14","slug":"alojamiento","status":"publish","type":"page","link":"https:\/\/www.4ksummit.com\/es\/alojamiento\/","title":{"rendered":"Alojamiento"},"content":{"rendered":"<p style=\"text-align: center;\">Si necesitas asesoramiento para el alojamiento durante los d\u00edas de la<span style=\"color: #000000;\"><strong> 4K HDR Summit<\/strong><\/span> y para hacerte las cosas m\u00e1s sencillas, te proporcionamos los servicios de nuestra agencia de viajes.<\/p>\n<p style=\"text-align: center;\">Para cualquier cuesti\u00f3n no dudes en ponerte en contacto con:<\/p>\n<h4 style=\"text-align: center;\"><span style=\"color: #fa05b0;\"><strong>4ksummit@asesoresdeviajes.es<\/strong><\/span><\/h4>\n","protected":false},"excerpt":{"rendered":"<p>Si necesitas asesoramiento para el alojamiento durante los d\u00edas de la 4K HDR Summit y para hacerte las cosas m\u00e1s sencillas, te proporcionamos los servicios de nuestra agencia de viajes. Para cualquier cuesti\u00f3n no dudes en ponerte en contacto con: 4ksummit@asesoresdeviajes.es<\/p>\n","protected":false},"author":4,"featured_media":0,"parent":0,"menu_order":0,"comment_status":"closed","ping_status":"closed","template":"","meta":{"_acf_changed":false,"footnotes":""},"categories":[],"tags":[],"edition":[],"class_list":["post-30635","page","type-page","status-publish","hentry"],"acf":[],"yoast_head":"<!-- This site is optimized with the Yoast SEO plugin v27.4 - https:\/\/yoast.com\/product\/yoast-seo-wordpress\/ -->\n<title>Alojamiento - 4K-HDR SUMMIT<\/title>\n<meta name=\"robots\" content=\"index, follow, max-snippet:-1, max-image-preview:large, max-video-preview:-1\" \/>\n<link rel=\"canonical\" href=\"https:\/\/www.4ksummit.com\/es\/alojamiento\/\" \/>\n<meta property=\"og:locale\" content=\"es_ES\" \/>\n<meta property=\"og:type\" content=\"article\" \/>\n<meta property=\"og:title\" content=\"Alojamiento - 4K-HDR SUMMIT\" \/>\n<meta property=\"og:description\" content=\"Si necesitas asesoramiento para el alojamiento durante los d\u00edas de la 4K HDR Summit y para hacerte las cosas m\u00e1s sencillas, te proporcionamos los servicios de nuestra agencia de viajes. Para cualquier cuesti\u00f3n no dudes en ponerte en contacto con: 4ksummit@asesoresdeviajes.es\" \/>\n<meta property=\"og:url\" content=\"https:\/\/www.4ksummit.com\/es\/alojamiento\/\" \/>\n<meta property=\"og:site_name\" content=\"4K-HDR SUMMIT\" \/>\n<meta property=\"article:modified_time\" content=\"2024-10-10T09:39:14+00:00\" \/>\n<meta name=\"twitter:card\" content=\"summary_large_image\" \/>\n<meta name=\"twitter:label1\" content=\"Tiempo de lectura\" \/>\n\t<meta name=\"twitter:data1\" content=\"1 minuto\" \/>\n<script type=\"application\/ld+json\" class=\"yoast-schema-graph\">{\"@context\":\"https:\\\/\\\/schema.org\",\"@graph\":[{\"@type\":\"WebPage\",\"@id\":\"https:\\\/\\\/www.4ksummit.com\\\/es\\\/alojamiento\\\/\",\"url\":\"https:\\\/\\\/www.4ksummit.com\\\/es\\\/alojamiento\\\/\",\"name\":\"Alojamiento - 4K-HDR SUMMIT\",\"isPartOf\":{\"@id\":\"https:\\\/\\\/www.4ksummit.com\\\/#website\"},\"datePublished\":\"2024-10-10T09:30:00+00:00\",\"dateModified\":\"2024-10-10T09:39:14+00:00\",\"breadcrumb\":{\"@id\":\"https:\\\/\\\/www.4ksummit.com\\\/es\\\/alojamiento\\\/#breadcrumb\"},\"inLanguage\":\"es\",\"potentialAction\":[{\"@type\":\"ReadAction\",\"target\":[\"https:\\\/\\\/www.4ksummit.com\\\/es\\\/alojamiento\\\/\"]}]},{\"@type\":\"BreadcrumbList\",\"@id\":\"https:\\\/\\\/www.4ksummit.com\\\/es\\\/alojamiento\\\/#breadcrumb\",\"itemListElement\":[{\"@type\":\"ListItem\",\"position\":1,\"name\":\"Portada\",\"item\":\"https:\\\/\\\/www.4ksummit.com\\\/es\\\/\"},{\"@type\":\"ListItem\",\"position\":2,\"name\":\"Alojamiento\"}]},{\"@type\":\"WebSite\",\"@id\":\"https:\\\/\\\/www.4ksummit.com\\\/#website\",\"url\":\"https:\\\/\\\/www.4ksummit.com\\\/\",\"name\":\"4K-HDR SUMMIT\",\"description\":\"2018\",\"publisher\":{\"@id\":\"https:\\\/\\\/www.4ksummit.com\\\/#organization\"},\"potentialAction\":[{\"@type\":\"SearchAction\",\"target\":{\"@type\":\"EntryPoint\",\"urlTemplate\":\"https:\\\/\\\/www.4ksummit.com\\\/?s={search_term_string}\"},\"query-input\":{\"@type\":\"PropertyValueSpecification\",\"valueRequired\":true,\"valueName\":\"search_term_string\"}}],\"inLanguage\":\"es\"},{\"@type\":\"Organization\",\"@id\":\"https:\\\/\\\/www.4ksummit.com\\\/#organization\",\"name\":\"4K-UHD SUMMIT\",\"url\":\"https:\\\/\\\/www.4ksummit.com\\\/\",\"logo\":{\"@type\":\"ImageObject\",\"inLanguage\":\"es\",\"@id\":\"https:\\\/\\\/www.4ksummit.com\\\/#\\\/schema\\\/logo\\\/image\\\/\",\"url\":\"https:\\\/\\\/www.4ksummit.com\\\/wp-content\\\/uploads\\\/2020\\\/05\\\/4ksummit.png\",\"contentUrl\":\"https:\\\/\\\/www.4ksummit.com\\\/wp-content\\\/uploads\\\/2020\\\/05\\\/4ksummit.png\",\"width\":600,\"height\":246,\"caption\":\"4K-UHD SUMMIT\"},\"image\":{\"@id\":\"https:\\\/\\\/www.4ksummit.com\\\/#\\\/schema\\\/logo\\\/image\\\/\"}}]}<\/script>\n<!-- \/ Yoast SEO plugin. -->","yoast_head_json":{"title":"Alojamiento - 4K-HDR SUMMIT","robots":{"index":"index","follow":"follow","max-snippet":"max-snippet:-1","max-image-preview":"max-image-preview:large","max-video-preview":"max-video-preview:-1"},"canonical":"https:\/\/www.4ksummit.com\/es\/alojamiento\/","og_locale":"es_ES","og_type":"article","og_title":"Alojamiento - 4K-HDR SUMMIT","og_description":"Si necesitas asesoramiento para el alojamiento durante los d\u00edas de la 4K HDR Summit y para hacerte las cosas m\u00e1s sencillas, te proporcionamos los servicios de nuestra agencia de viajes. Para cualquier cuesti\u00f3n no dudes en ponerte en contacto con: 4ksummit@asesoresdeviajes.es","og_url":"https:\/\/www.4ksummit.com\/es\/alojamiento\/","og_site_name":"4K-HDR SUMMIT","article_modified_time":"2024-10-10T09:39:14+00:00","twitter_card":"summary_large_image","twitter_misc":{"Tiempo de lectura":"1 minuto"},"schema":{"@context":"https:\/\/schema.org","@graph":[{"@type":"WebPage","@id":"https:\/\/www.4ksummit.com\/es\/alojamiento\/","url":"https:\/\/www.4ksummit.com\/es\/alojamiento\/","name":"Alojamiento - 4K-HDR SUMMIT","isPartOf":{"@id":"https:\/\/www.4ksummit.com\/#website"},"datePublished":"2024-10-10T09:30:00+00:00","dateModified":"2024-10-10T09:39:14+00:00","breadcrumb":{"@id":"https:\/\/www.4ksummit.com\/es\/alojamiento\/#breadcrumb"},"inLanguage":"es","potentialAction":[{"@type":"ReadAction","target":["https:\/\/www.4ksummit.com\/es\/alojamiento\/"]}]},{"@type":"BreadcrumbList","@id":"https:\/\/www.4ksummit.com\/es\/alojamiento\/#breadcrumb","itemListElement":[{"@type":"ListItem","position":1,"name":"Portada","item":"https:\/\/www.4ksummit.com\/es\/"},{"@type":"ListItem","position":2,"name":"Alojamiento"}]},{"@type":"WebSite","@id":"https:\/\/www.4ksummit.com\/#website","url":"https:\/\/www.4ksummit.com\/","name":"4K-HDR SUMMIT","description":"2018","publisher":{"@id":"https:\/\/www.4ksummit.com\/#organization"},"potentialAction":[{"@type":"SearchAction","target":{"@type":"EntryPoint","urlTemplate":"https:\/\/www.4ksummit.com\/?s={search_term_string}"},"query-input":{"@type":"PropertyValueSpecification","valueRequired":true,"valueName":"search_term_string"}}],"inLanguage":"es"},{"@type":"Organization","@id":"https:\/\/www.4ksummit.com\/#organization","name":"4K-UHD SUMMIT","url":"https:\/\/www.4ksummit.com\/","logo":{"@type":"ImageObject","inLanguage":"es","@id":"https:\/\/www.4ksummit.com\/#\/schema\/logo\/image\/","url":"https:\/\/www.4ksummit.com\/wp-content\/uploads\/2020\/05\/4ksummit.png","contentUrl":"https:\/\/www.4ksummit.com\/wp-content\/uploads\/2020\/05\/4ksummit.png","width":600,"height":246,"caption":"4K-UHD SUMMIT"},"image":{"@id":"https:\/\/www.4ksummit.com\/#\/schema\/logo\/image\/"}}]}},"_links":{"self":[{"href":"https:\/\/www.4ksummit.com\/es\/wp-json\/wp\/v2\/pages\/30635","targetHints":{"allow":["GET"]}}],"collection":[{"href":"https:\/\/www.4ksummit.com\/es\/wp-json\/wp\/v2\/pages"}],"about":[{"href":"https:\/\/www.4ksummit.com\/es\/wp-json\/wp\/v2\/types\/page"}],"author":[{"embeddable":true,"href":"https:\/\/www.4ksummit.com\/es\/wp-json\/wp\/v2\/users\/4"}],"replies":[{"embeddable":true,"href":"https:\/\/www.4ksummit.com\/es\/wp-json\/wp\/v2\/comments?post=30635"}],"version-history":[{"count":3,"href":"https:\/\/www.4ksummit.com\/es\/wp-json\/wp\/v2\/pages\/30635\/revisions"}],"predecessor-version":[{"id":30642,"href":"https:\/\/www.4ksummit.com\/es\/wp-json\/wp\/v2\/pages\/30635\/revisions\/30642"}],"wp:attachment":[{"href":"https:\/\/www.4ksummit.com\/es\/wp-json\/wp\/v2\/media?parent=30635"}],"wp:term":[{"taxonomy":"category","embeddable":true,"href":"https:\/\/www.4ksummit.com\/es\/wp-json\/wp\/v2\/categories?post=30635"},{"taxonomy":"post_tag","embeddable":true,"href":"https:\/\/www.4ksummit.com\/es\/wp-json\/wp\/v2\/tags?post=30635"},{"taxonomy":"edition","embeddable":true,"href":"https:\/\/www.4ksummit.com\/es\/wp-json\/wp\/v2\/edition?post=30635"}],"curies":[{"name":"wp","href":"https:\/\/api.w.org\/{rel}","templated":true}]}}