{"id":28556,"date":"2024-02-16T12:28:53","date_gmt":"2024-02-16T11:28:53","guid":{"rendered":"https:\/\/www.4ksummit.com\/?page_id=28556"},"modified":"2025-02-14T13:45:21","modified_gmt":"2025-02-14T12:45:21","slug":"edicion-2024","status":"publish","type":"page","link":"https:\/\/www.4ksummit.com\/es\/edicion-2024\/","title":{"rendered":"4K HDR Summit 2024"},"content":{"rendered":"<div class=\"video-container\"><iframe loading=\"lazy\" title=\"RESUMEN 4KSUMMIT 2024\" src=\"https:\/\/player.vimeo.com\/video\/1030871267?h=f04a7795d7&amp;dnt=1&amp;app_id=122963\" width=\"500\" height=\"281\" frameborder=\"0\" allow=\"autoplay; fullscreen; picture-in-picture; clipboard-write; encrypted-media; web-share\"><\/iframe><\/div>\n<hr \/>\n<p style=\"text-align: center;\"><a class=\"btn btn-primary brighten\" href=\"https:\/\/www.4ksummit.com\/es\/edicion-2024\/agenda-2024\/\" target=\"blank\" rel=\"noopener\">AGENDA 2024<\/a> <a class=\"btn btn-primary brighten\" href=\"https:\/\/www.4ksummit.com\/es\/edicion-2024\/speakers-2024\/\" target=\"blank\" rel=\"noopener\">PONENTES 2024<\/a><\/p>\n<hr \/>\n<p><strong>4K SUMMIT 2024 EN CIFRAS<\/strong><\/p>\n<ul>\n<li><strong>Hasta 67 pa\u00edses <\/strong>representados por los distintos ponentes, entre ellos est\u00e1n: EE. UU, Jap\u00f3n, Reino Unido, Francia, Italia, Suiza, Turqu\u00eda y Espa\u00f1a.<\/li>\n<li><strong>24 <\/strong>patrocinadores<\/li>\n<li><b>506 <\/b>participantes<\/li>\n<li><b>243 <\/b>empresas participantes<\/li>\n<\/ul>\n<p>La 4K HDR Summit 2024 tuvo los <strong>mejores ponentes internacionales del 4K<\/strong>, quienes dieron su punto de vista sobre las \u00faltimas novedades de la industria.<\/p>\n<p style=\"text-align: center;\"><a class=\"btn btn-primary brighten\" href=\"https:\/\/www.4ksummit.com\/wp-content\/uploads\/2024\/11\/Review-4KS24.pdf\" target=\"blank\" rel=\"noopener\">REVIEW 2024<\/a><\/p>\n<p>Meses antes de la <strong>4K Summit<\/strong>, nuestros <strong>Media Partners y equipo de Community Management <\/strong>comenzaron las tareas de promoci\u00f3n de esta convenci\u00f3n internacional, obteniendo una muy notable <strong>repercusi\u00f3n medi\u00e1tica tanto online, como en televesi\u00f3n, radio y prensa<\/strong>.<\/p>\n<p style=\"text-align: center;\"><a class=\"btn btn-primary brighten\" href=\"https:\/\/www.4ksummit.com\/wp-content\/uploads\/2024\/11\/Clipping-4K-HDR-2024.pdf\" target=\"blank\" rel=\"noopener\">CLIPPING DE PRENSA 2024<\/a> <a class=\"btn btn-primary brighten\" href=\"https:\/\/www.4ksummit.com\/wp-content\/uploads\/2024\/12\/Informe-Kantar_4K-SUMMIT-2024.pdf\" target=\"blank\" rel=\"noopener\">IMPACTO MEDI\u00c1TICO 2024<\/a><\/p>\n<p>Si quieres disfrutar de una retrospectiva en im\u00e1genes de este exclusivo encuentro en el que <strong>ingenieros de primer nivel\u00a0<\/strong>y los <strong>mejores creadores de contenido<\/strong> en el mundo del 4K se re\u00fanen entre ponencias, mesas redondas, Demo Area y sesiones de networking, visita nuestra fotogaler\u00eda de\u00a0 la <strong>4K HDR Summit 2024<\/strong>.<\/p>\n<p style=\"text-align: center;\"><a class=\"btn btn-primary brighten\" href=\"https:\/\/www.flickr.com\/photos\/201797958@N07\/\" target=\"blank\" rel=\"noopener\">FOTOGALER\u00cdA 4KS2024<\/a><\/p>\n<div class=\"col-sm-12 padBotXXL text-center\">\n<h2><small>2024 Sponsors<\/small><\/h2>\n<hr \/>\n<\/div>\n<p><img loading=\"lazy\" decoding=\"async\" class=\"aligncenter wp-image-32698 size-large\" src=\"https:\/\/www.4ksummit.com\/wp-content\/uploads\/2025\/02\/Powered-by-1024x564.png\" alt=\"\" width=\"1024\" height=\"564\" srcset=\"https:\/\/www.4ksummit.com\/wp-content\/uploads\/2025\/02\/Powered-by-1024x564.png 1024w, https:\/\/www.4ksummit.com\/wp-content\/uploads\/2025\/02\/Powered-by-300x165.png 300w, https:\/\/www.4ksummit.com\/wp-content\/uploads\/2025\/02\/Powered-by-768x423.png 768w, https:\/\/www.4ksummit.com\/wp-content\/uploads\/2025\/02\/Powered-by-1536x847.png 1536w, https:\/\/www.4ksummit.com\/wp-content\/uploads\/2025\/02\/Powered-by.png 1914w\" sizes=\"(max-width: 1024px) 100vw, 1024px\" \/><\/p>\n<p><img loading=\"lazy\" decoding=\"async\" class=\"aligncenter wp-image-32692 size-large\" src=\"https:\/\/www.4ksummit.com\/wp-content\/uploads\/2025\/02\/Main-Sponsors-1024x567.png\" alt=\"\" width=\"1024\" height=\"567\" srcset=\"https:\/\/www.4ksummit.com\/wp-content\/uploads\/2025\/02\/Main-Sponsors-1024x567.png 1024w, https:\/\/www.4ksummit.com\/wp-content\/uploads\/2025\/02\/Main-Sponsors-300x166.png 300w, https:\/\/www.4ksummit.com\/wp-content\/uploads\/2025\/02\/Main-Sponsors-768x425.png 768w, https:\/\/www.4ksummit.com\/wp-content\/uploads\/2025\/02\/Main-Sponsors-1536x851.png 1536w, https:\/\/www.4ksummit.com\/wp-content\/uploads\/2025\/02\/Main-Sponsors.png 1912w\" sizes=\"(max-width: 1024px) 100vw, 1024px\" \/><\/p>\n<p><img loading=\"lazy\" decoding=\"async\" class=\"aligncenter wp-image-32690 size-large\" src=\"https:\/\/www.4ksummit.com\/wp-content\/uploads\/2025\/02\/Gold-Sponsors-1024x574.png\" alt=\"\" width=\"1024\" height=\"574\" srcset=\"https:\/\/www.4ksummit.com\/wp-content\/uploads\/2025\/02\/Gold-Sponsors-1024x574.png 1024w, https:\/\/www.4ksummit.com\/wp-content\/uploads\/2025\/02\/Gold-Sponsors-300x168.png 300w, https:\/\/www.4ksummit.com\/wp-content\/uploads\/2025\/02\/Gold-Sponsors-768x430.png 768w, https:\/\/www.4ksummit.com\/wp-content\/uploads\/2025\/02\/Gold-Sponsors-1536x860.png 1536w, https:\/\/www.4ksummit.com\/wp-content\/uploads\/2025\/02\/Gold-Sponsors.png 1912w\" sizes=\"(max-width: 1024px) 100vw, 1024px\" \/><\/p>\n<p>&nbsp;<\/p>\n<p><img loading=\"lazy\" decoding=\"async\" class=\"aligncenter wp-image-32700 size-large\" src=\"https:\/\/www.4ksummit.com\/wp-content\/uploads\/2025\/02\/Silver-Sponsors-1024x573.png\" alt=\"\" width=\"1024\" height=\"573\" srcset=\"https:\/\/www.4ksummit.com\/wp-content\/uploads\/2025\/02\/Silver-Sponsors-1024x573.png 1024w, https:\/\/www.4ksummit.com\/wp-content\/uploads\/2025\/02\/Silver-Sponsors-300x168.png 300w, https:\/\/www.4ksummit.com\/wp-content\/uploads\/2025\/02\/Silver-Sponsors-768x430.png 768w, https:\/\/www.4ksummit.com\/wp-content\/uploads\/2025\/02\/Silver-Sponsors-1536x859.png 1536w, https:\/\/www.4ksummit.com\/wp-content\/uploads\/2025\/02\/Silver-Sponsors.png 1909w\" sizes=\"(max-width: 1024px) 100vw, 1024px\" \/><\/p>\n<div class=\"col-sm-12 padBotXXL text-center\"><\/div>\n<h2><small>Empresas participantes<\/small><\/h2>\n<hr \/>\n<h2><\/h2>\n<p><img loading=\"lazy\" decoding=\"async\" class=\"aligncenter wp-image-32696 size-large\" src=\"https:\/\/www.4ksummit.com\/wp-content\/uploads\/2025\/02\/Participating-Companies-1024x574.png\" alt=\"\" width=\"1024\" height=\"574\" srcset=\"https:\/\/www.4ksummit.com\/wp-content\/uploads\/2025\/02\/Participating-Companies-1024x574.png 1024w, https:\/\/www.4ksummit.com\/wp-content\/uploads\/2025\/02\/Participating-Companies-300x168.png 300w, https:\/\/www.4ksummit.com\/wp-content\/uploads\/2025\/02\/Participating-Companies-768x430.png 768w, https:\/\/www.4ksummit.com\/wp-content\/uploads\/2025\/02\/Participating-Companies-1536x861.png 1536w, https:\/\/www.4ksummit.com\/wp-content\/uploads\/2025\/02\/Participating-Companies.png 1917w\" sizes=\"(max-width: 1024px) 100vw, 1024px\" \/><\/p>\n<h2><small>Colaboradores<\/small><\/h2>\n<hr \/>\n<h2><\/h2>\n<p><img loading=\"lazy\" decoding=\"async\" class=\"aligncenter wp-image-32688 size-large\" src=\"https:\/\/www.4ksummit.com\/wp-content\/uploads\/2025\/02\/Colaboradores-1024x575.png\" alt=\"\" width=\"1024\" height=\"575\" srcset=\"https:\/\/www.4ksummit.com\/wp-content\/uploads\/2025\/02\/Colaboradores-1024x575.png 1024w, https:\/\/www.4ksummit.com\/wp-content\/uploads\/2025\/02\/Colaboradores-300x168.png 300w, https:\/\/www.4ksummit.com\/wp-content\/uploads\/2025\/02\/Colaboradores-768x431.png 768w, https:\/\/www.4ksummit.com\/wp-content\/uploads\/2025\/02\/Colaboradores-1536x862.png 1536w, https:\/\/www.4ksummit.com\/wp-content\/uploads\/2025\/02\/Colaboradores.png 1912w\" sizes=\"(max-width: 1024px) 100vw, 1024px\" \/><\/p>\n<h2><small>Media Partners<\/small><\/h2>\n<hr \/>\n<h2><\/h2>\n<p><img loading=\"lazy\" decoding=\"async\" class=\"aligncenter wp-image-32694 size-large\" src=\"https:\/\/www.4ksummit.com\/wp-content\/uploads\/2025\/02\/Media-Partners-1024x573.png\" alt=\"\" width=\"1024\" height=\"573\" srcset=\"https:\/\/www.4ksummit.com\/wp-content\/uploads\/2025\/02\/Media-Partners-1024x573.png 1024w, https:\/\/www.4ksummit.com\/wp-content\/uploads\/2025\/02\/Media-Partners-300x168.png 300w, https:\/\/www.4ksummit.com\/wp-content\/uploads\/2025\/02\/Media-Partners-768x430.png 768w, https:\/\/www.4ksummit.com\/wp-content\/uploads\/2025\/02\/Media-Partners-1536x860.png 1536w, https:\/\/www.4ksummit.com\/wp-content\/uploads\/2025\/02\/Media-Partners.png 1915w\" sizes=\"(max-width: 1024px) 100vw, 1024px\" \/><\/p>\n<hr \/>\n","protected":false},"excerpt":{"rendered":"<p>AGENDA 2024 PONENTES 2024 4K SUMMIT 2024 EN CIFRAS Hasta 67 pa\u00edses representados por los distintos ponentes, entre ellos est\u00e1n: EE. UU, Jap\u00f3n, Reino Unido, Francia, Italia, Suiza, Turqu\u00eda y Espa\u00f1a. 24 patrocinadores 506 participantes 243 empresas participantes La 4K HDR Summit 2024 tuvo los mejores ponentes internacionales del 4K, quienes dieron su punto de [&hellip;]<\/p>\n","protected":false},"author":4,"featured_media":0,"parent":0,"menu_order":0,"comment_status":"closed","ping_status":"closed","template":"","meta":{"_acf_changed":false,"footnotes":""},"categories":[264],"tags":[],"edition":[265],"class_list":["post-28556","page","type-page","status-publish","hentry","category-2024-es","edition-2024-es"],"acf":[],"yoast_head":"<!-- This site is optimized with the Yoast SEO plugin v27.5 - https:\/\/yoast.com\/product\/yoast-seo-wordpress\/ -->\n<title>4K HDR Summit 2024 - 4K-HDR SUMMIT<\/title>\n<meta name=\"robots\" content=\"index, follow, max-snippet:-1, max-image-preview:large, max-video-preview:-1\" \/>\n<link rel=\"canonical\" href=\"https:\/\/www.4ksummit.com\/es\/edicion-2024\/\" \/>\n<meta property=\"og:locale\" content=\"es_ES\" \/>\n<meta property=\"og:type\" content=\"article\" \/>\n<meta property=\"og:title\" content=\"4K HDR Summit 2024 - 4K-HDR SUMMIT\" \/>\n<meta property=\"og:description\" content=\"AGENDA 2024 PONENTES 2024 4K SUMMIT 2024 EN CIFRAS Hasta 67 pa\u00edses representados por los distintos ponentes, entre ellos est\u00e1n: EE. UU, Jap\u00f3n, Reino Unido, Francia, Italia, Suiza, Turqu\u00eda y Espa\u00f1a. 24 patrocinadores 506 participantes 243 empresas participantes La 4K HDR Summit 2024 tuvo los mejores ponentes internacionales del 4K, quienes dieron su punto de [&hellip;]\" \/>\n<meta property=\"og:url\" content=\"https:\/\/www.4ksummit.com\/es\/edicion-2024\/\" \/>\n<meta property=\"og:site_name\" content=\"4K-HDR SUMMIT\" \/>\n<meta property=\"article:modified_time\" content=\"2025-02-14T12:45:21+00:00\" \/>\n<meta property=\"og:image\" content=\"https:\/\/www.4ksummit.com\/wp-content\/uploads\/2025\/02\/Powered-by.png\" \/>\n\t<meta property=\"og:image:width\" content=\"1914\" \/>\n\t<meta property=\"og:image:height\" content=\"1055\" \/>\n\t<meta property=\"og:image:type\" content=\"image\/png\" \/>\n<meta name=\"twitter:card\" content=\"summary_large_image\" \/>\n<meta name=\"twitter:label1\" content=\"Tiempo de lectura\" \/>\n\t<meta name=\"twitter:data1\" content=\"3 minutos\" \/>\n<script type=\"application\/ld+json\" class=\"yoast-schema-graph\">{\"@context\":\"https:\\\/\\\/schema.org\",\"@graph\":[{\"@type\":\"WebPage\",\"@id\":\"https:\\\/\\\/www.4ksummit.com\\\/es\\\/edicion-2024\\\/\",\"url\":\"https:\\\/\\\/www.4ksummit.com\\\/es\\\/edicion-2024\\\/\",\"name\":\"4K HDR Summit 2024 - 4K-HDR SUMMIT\",\"isPartOf\":{\"@id\":\"https:\\\/\\\/www.4ksummit.com\\\/#website\"},\"primaryImageOfPage\":{\"@id\":\"https:\\\/\\\/www.4ksummit.com\\\/es\\\/edicion-2024\\\/#primaryimage\"},\"image\":{\"@id\":\"https:\\\/\\\/www.4ksummit.com\\\/es\\\/edicion-2024\\\/#primaryimage\"},\"thumbnailUrl\":\"https:\\\/\\\/www.4ksummit.com\\\/wp-content\\\/uploads\\\/2025\\\/02\\\/Powered-by-1024x564.png\",\"datePublished\":\"2024-02-16T11:28:53+00:00\",\"dateModified\":\"2025-02-14T12:45:21+00:00\",\"breadcrumb\":{\"@id\":\"https:\\\/\\\/www.4ksummit.com\\\/es\\\/edicion-2024\\\/#breadcrumb\"},\"inLanguage\":\"es\",\"potentialAction\":[{\"@type\":\"ReadAction\",\"target\":[\"https:\\\/\\\/www.4ksummit.com\\\/es\\\/edicion-2024\\\/\"]}]},{\"@type\":\"ImageObject\",\"inLanguage\":\"es\",\"@id\":\"https:\\\/\\\/www.4ksummit.com\\\/es\\\/edicion-2024\\\/#primaryimage\",\"url\":\"https:\\\/\\\/www.4ksummit.com\\\/wp-content\\\/uploads\\\/2025\\\/02\\\/Powered-by-1024x564.png\",\"contentUrl\":\"https:\\\/\\\/www.4ksummit.com\\\/wp-content\\\/uploads\\\/2025\\\/02\\\/Powered-by-1024x564.png\"},{\"@type\":\"BreadcrumbList\",\"@id\":\"https:\\\/\\\/www.4ksummit.com\\\/es\\\/edicion-2024\\\/#breadcrumb\",\"itemListElement\":[{\"@type\":\"ListItem\",\"position\":1,\"name\":\"Portada\",\"item\":\"https:\\\/\\\/www.4ksummit.com\\\/es\\\/\"},{\"@type\":\"ListItem\",\"position\":2,\"name\":\"4K HDR Summit 2024\"}]},{\"@type\":\"WebSite\",\"@id\":\"https:\\\/\\\/www.4ksummit.com\\\/#website\",\"url\":\"https:\\\/\\\/www.4ksummit.com\\\/\",\"name\":\"4K-HDR SUMMIT\",\"description\":\"2018\",\"publisher\":{\"@id\":\"https:\\\/\\\/www.4ksummit.com\\\/#organization\"},\"potentialAction\":[{\"@type\":\"SearchAction\",\"target\":{\"@type\":\"EntryPoint\",\"urlTemplate\":\"https:\\\/\\\/www.4ksummit.com\\\/?s={search_term_string}\"},\"query-input\":{\"@type\":\"PropertyValueSpecification\",\"valueRequired\":true,\"valueName\":\"search_term_string\"}}],\"inLanguage\":\"es\"},{\"@type\":\"Organization\",\"@id\":\"https:\\\/\\\/www.4ksummit.com\\\/#organization\",\"name\":\"4K-UHD SUMMIT\",\"url\":\"https:\\\/\\\/www.4ksummit.com\\\/\",\"logo\":{\"@type\":\"ImageObject\",\"inLanguage\":\"es\",\"@id\":\"https:\\\/\\\/www.4ksummit.com\\\/#\\\/schema\\\/logo\\\/image\\\/\",\"url\":\"https:\\\/\\\/www.4ksummit.com\\\/wp-content\\\/uploads\\\/2020\\\/05\\\/4ksummit.png\",\"contentUrl\":\"https:\\\/\\\/www.4ksummit.com\\\/wp-content\\\/uploads\\\/2020\\\/05\\\/4ksummit.png\",\"width\":600,\"height\":246,\"caption\":\"4K-UHD SUMMIT\"},\"image\":{\"@id\":\"https:\\\/\\\/www.4ksummit.com\\\/#\\\/schema\\\/logo\\\/image\\\/\"}}]}<\/script>\n<!-- \/ Yoast SEO plugin. -->","yoast_head_json":{"title":"4K HDR Summit 2024 - 4K-HDR SUMMIT","robots":{"index":"index","follow":"follow","max-snippet":"max-snippet:-1","max-image-preview":"max-image-preview:large","max-video-preview":"max-video-preview:-1"},"canonical":"https:\/\/www.4ksummit.com\/es\/edicion-2024\/","og_locale":"es_ES","og_type":"article","og_title":"4K HDR Summit 2024 - 4K-HDR SUMMIT","og_description":"AGENDA 2024 PONENTES 2024 4K SUMMIT 2024 EN CIFRAS Hasta 67 pa\u00edses representados por los distintos ponentes, entre ellos est\u00e1n: EE. UU, Jap\u00f3n, Reino Unido, Francia, Italia, Suiza, Turqu\u00eda y Espa\u00f1a. 24 patrocinadores 506 participantes 243 empresas participantes La 4K HDR Summit 2024 tuvo los mejores ponentes internacionales del 4K, quienes dieron su punto de [&hellip;]","og_url":"https:\/\/www.4ksummit.com\/es\/edicion-2024\/","og_site_name":"4K-HDR SUMMIT","article_modified_time":"2025-02-14T12:45:21+00:00","og_image":[{"width":1914,"height":1055,"url":"https:\/\/www.4ksummit.com\/wp-content\/uploads\/2025\/02\/Powered-by.png","type":"image\/png"}],"twitter_card":"summary_large_image","twitter_misc":{"Tiempo de lectura":"3 minutos"},"schema":{"@context":"https:\/\/schema.org","@graph":[{"@type":"WebPage","@id":"https:\/\/www.4ksummit.com\/es\/edicion-2024\/","url":"https:\/\/www.4ksummit.com\/es\/edicion-2024\/","name":"4K HDR Summit 2024 - 4K-HDR SUMMIT","isPartOf":{"@id":"https:\/\/www.4ksummit.com\/#website"},"primaryImageOfPage":{"@id":"https:\/\/www.4ksummit.com\/es\/edicion-2024\/#primaryimage"},"image":{"@id":"https:\/\/www.4ksummit.com\/es\/edicion-2024\/#primaryimage"},"thumbnailUrl":"https:\/\/www.4ksummit.com\/wp-content\/uploads\/2025\/02\/Powered-by-1024x564.png","datePublished":"2024-02-16T11:28:53+00:00","dateModified":"2025-02-14T12:45:21+00:00","breadcrumb":{"@id":"https:\/\/www.4ksummit.com\/es\/edicion-2024\/#breadcrumb"},"inLanguage":"es","potentialAction":[{"@type":"ReadAction","target":["https:\/\/www.4ksummit.com\/es\/edicion-2024\/"]}]},{"@type":"ImageObject","inLanguage":"es","@id":"https:\/\/www.4ksummit.com\/es\/edicion-2024\/#primaryimage","url":"https:\/\/www.4ksummit.com\/wp-content\/uploads\/2025\/02\/Powered-by-1024x564.png","contentUrl":"https:\/\/www.4ksummit.com\/wp-content\/uploads\/2025\/02\/Powered-by-1024x564.png"},{"@type":"BreadcrumbList","@id":"https:\/\/www.4ksummit.com\/es\/edicion-2024\/#breadcrumb","itemListElement":[{"@type":"ListItem","position":1,"name":"Portada","item":"https:\/\/www.4ksummit.com\/es\/"},{"@type":"ListItem","position":2,"name":"4K HDR Summit 2024"}]},{"@type":"WebSite","@id":"https:\/\/www.4ksummit.com\/#website","url":"https:\/\/www.4ksummit.com\/","name":"4K-HDR SUMMIT","description":"2018","publisher":{"@id":"https:\/\/www.4ksummit.com\/#organization"},"potentialAction":[{"@type":"SearchAction","target":{"@type":"EntryPoint","urlTemplate":"https:\/\/www.4ksummit.com\/?s={search_term_string}"},"query-input":{"@type":"PropertyValueSpecification","valueRequired":true,"valueName":"search_term_string"}}],"inLanguage":"es"},{"@type":"Organization","@id":"https:\/\/www.4ksummit.com\/#organization","name":"4K-UHD SUMMIT","url":"https:\/\/www.4ksummit.com\/","logo":{"@type":"ImageObject","inLanguage":"es","@id":"https:\/\/www.4ksummit.com\/#\/schema\/logo\/image\/","url":"https:\/\/www.4ksummit.com\/wp-content\/uploads\/2020\/05\/4ksummit.png","contentUrl":"https:\/\/www.4ksummit.com\/wp-content\/uploads\/2020\/05\/4ksummit.png","width":600,"height":246,"caption":"4K-UHD SUMMIT"},"image":{"@id":"https:\/\/www.4ksummit.com\/#\/schema\/logo\/image\/"}}]}},"_links":{"self":[{"href":"https:\/\/www.4ksummit.com\/es\/wp-json\/wp\/v2\/pages\/28556","targetHints":{"allow":["GET"]}}],"collection":[{"href":"https:\/\/www.4ksummit.com\/es\/wp-json\/wp\/v2\/pages"}],"about":[{"href":"https:\/\/www.4ksummit.com\/es\/wp-json\/wp\/v2\/types\/page"}],"author":[{"embeddable":true,"href":"https:\/\/www.4ksummit.com\/es\/wp-json\/wp\/v2\/users\/4"}],"replies":[{"embeddable":true,"href":"https:\/\/www.4ksummit.com\/es\/wp-json\/wp\/v2\/comments?post=28556"}],"version-history":[{"count":4,"href":"https:\/\/www.4ksummit.com\/es\/wp-json\/wp\/v2\/pages\/28556\/revisions"}],"predecessor-version":[{"id":32706,"href":"https:\/\/www.4ksummit.com\/es\/wp-json\/wp\/v2\/pages\/28556\/revisions\/32706"}],"wp:attachment":[{"href":"https:\/\/www.4ksummit.com\/es\/wp-json\/wp\/v2\/media?parent=28556"}],"wp:term":[{"taxonomy":"category","embeddable":true,"href":"https:\/\/www.4ksummit.com\/es\/wp-json\/wp\/v2\/categories?post=28556"},{"taxonomy":"post_tag","embeddable":true,"href":"https:\/\/www.4ksummit.com\/es\/wp-json\/wp\/v2\/tags?post=28556"},{"taxonomy":"edition","embeddable":true,"href":"https:\/\/www.4ksummit.com\/es\/wp-json\/wp\/v2\/edition?post=28556"}],"curies":[{"name":"wp","href":"https:\/\/api.w.org\/{rel}","templated":true}]}}