{"id":23386,"date":"2022-10-24T17:38:49","date_gmt":"2022-10-24T15:38:49","guid":{"rendered":"https:\/\/www.4ksummit.com\/?page_id=23386"},"modified":"2024-10-15T13:41:03","modified_gmt":"2024-10-15T11:41:03","slug":"2022-agenda","status":"publish","type":"page","link":"https:\/\/www.4ksummit.com\/es\/4k-hdr-summit-2022\/2022-agenda\/","title":{"rendered":"2022 AGENDA"},"content":{"rendered":"<p style=\"text-align: center;\">Consulta la agenda de la <strong>4K-HDR Summit 2022<\/strong><\/p>\n<p style=\"text-align: center;\"><strong>15, 16, 17, 18 y 19 de Noviembre<\/strong><\/p>\n<p style=\"text-align: center;\"><a class=\"btn btn-primary brighten\" href=\"https:\/\/www.4ksummit.com\/wp-content\/uploads\/2022\/10\/D1-14_11_2022.pdf\" target=\"blank\" rel=\"noopener\">D\u00cdA 1 &#8211; 14 NOV<\/a> <a class=\"btn btn-primary brighten\" href=\"https:\/\/www.4ksummit.com\/wp-content\/uploads\/2022\/10\/D2-15_11_2022.pdf\" target=\"blank\" rel=\"noopener\">D\u00cdA 2 &#8211; 15 NOV<\/a> <a class=\"btn btn-primary brighten\" href=\"https:\/\/www.4ksummit.com\/wp-content\/uploads\/2022\/10\/D3-16_11_2022.pdf\" target=\"blank\" rel=\"noopener\">D\u00cdA 3 &#8211; 16 NOV<\/a> <a class=\"btn btn-primary brighten\" href=\"https:\/\/www.4ksummit.com\/wp-content\/uploads\/2022\/10\/D4-17_11_2022.pdf\" target=\"blank\" rel=\"noopener\">D\u00cdA 4 &#8211; 17 NOV<\/a> <a class=\"btn btn-primary brighten\" href=\"https:\/\/www.4ksummit.com\/wp-content\/uploads\/2022\/10\/D5-18_11_2022.pdf\" target=\"blank\" rel=\"noopener\">D\u00cdA 5 &#8211; 18 NOV<\/a><\/p>\n<p style=\"text-align: center;\">Consulta aqu\u00ed el <strong>Cat\u00e1logo de Experiencias &amp; Demos<\/strong><\/p>\n<p style=\"text-align: center;\"><a class=\"btn btn-primary brighten\" href=\"https:\/\/www.4ksummit.com\/wp-content\/uploads\/2022\/11\/DEMOS.pdf\" target=\"blank\" rel=\"noopener\">14 &#8211; 18 NOV<\/a><\/p>\n","protected":false},"excerpt":{"rendered":"<p>Consulta la agenda de la 4K-HDR Summit 2022 15, 16, 17, 18 y 19 de Noviembre D\u00cdA 1 &#8211; 14 NOV D\u00cdA 2 &#8211; 15 NOV D\u00cdA 3 &#8211; 16 NOV D\u00cdA 4 &#8211; 17 NOV D\u00cdA 5 &#8211; 18 NOV Consulta aqu\u00ed el Cat\u00e1logo de Experiencias &amp; Demos 14 &#8211; 18 NOV<\/p>\n","protected":false},"author":4,"featured_media":0,"parent":22777,"menu_order":22,"comment_status":"closed","ping_status":"closed","template":"","meta":{"_acf_changed":false,"footnotes":""},"categories":[174],"tags":[88],"edition":[192],"class_list":["post-23386","page","type-page","status-publish","hentry","category-2022-es","tag-2020-es","edition-2022-es"],"acf":[],"yoast_head":"<!-- This site is optimized with the Yoast SEO plugin v27.5 - https:\/\/yoast.com\/product\/yoast-seo-wordpress\/ -->\n<title>2022 AGENDA - 4K-HDR SUMMIT<\/title>\n<meta name=\"robots\" content=\"index, follow, max-snippet:-1, max-image-preview:large, max-video-preview:-1\" \/>\n<link rel=\"canonical\" href=\"https:\/\/www.4ksummit.com\/es\/4k-hdr-summit-2022\/2022-agenda\/\" \/>\n<meta property=\"og:locale\" content=\"es_ES\" \/>\n<meta property=\"og:type\" content=\"article\" \/>\n<meta property=\"og:title\" content=\"2022 AGENDA - 4K-HDR SUMMIT\" \/>\n<meta property=\"og:description\" content=\"Consulta la agenda de la 4K-HDR Summit 2022 15, 16, 17, 18 y 19 de Noviembre D\u00cdA 1 &#8211; 14 NOV D\u00cdA 2 &#8211; 15 NOV D\u00cdA 3 &#8211; 16 NOV D\u00cdA 4 &#8211; 17 NOV D\u00cdA 5 &#8211; 18 NOV Consulta aqu\u00ed el Cat\u00e1logo de Experiencias &amp; Demos 14 &#8211; 18 NOV\" \/>\n<meta property=\"og:url\" content=\"https:\/\/www.4ksummit.com\/es\/4k-hdr-summit-2022\/2022-agenda\/\" \/>\n<meta property=\"og:site_name\" content=\"4K-HDR SUMMIT\" \/>\n<meta property=\"article:modified_time\" content=\"2024-10-15T11:41:03+00:00\" \/>\n<meta name=\"twitter:card\" content=\"summary_large_image\" \/>\n<meta name=\"twitter:label1\" content=\"Tiempo de lectura\" \/>\n\t<meta name=\"twitter:data1\" content=\"1 minuto\" \/>\n<script type=\"application\/ld+json\" class=\"yoast-schema-graph\">{\"@context\":\"https:\\\/\\\/schema.org\",\"@graph\":[{\"@type\":\"WebPage\",\"@id\":\"https:\\\/\\\/www.4ksummit.com\\\/es\\\/4k-hdr-summit-2022\\\/2022-agenda\\\/\",\"url\":\"https:\\\/\\\/www.4ksummit.com\\\/es\\\/4k-hdr-summit-2022\\\/2022-agenda\\\/\",\"name\":\"2022 AGENDA - 4K-HDR SUMMIT\",\"isPartOf\":{\"@id\":\"https:\\\/\\\/www.4ksummit.com\\\/#website\"},\"datePublished\":\"2022-10-24T15:38:49+00:00\",\"dateModified\":\"2024-10-15T11:41:03+00:00\",\"breadcrumb\":{\"@id\":\"https:\\\/\\\/www.4ksummit.com\\\/es\\\/4k-hdr-summit-2022\\\/2022-agenda\\\/#breadcrumb\"},\"inLanguage\":\"es\",\"potentialAction\":[{\"@type\":\"ReadAction\",\"target\":[\"https:\\\/\\\/www.4ksummit.com\\\/es\\\/4k-hdr-summit-2022\\\/2022-agenda\\\/\"]}]},{\"@type\":\"BreadcrumbList\",\"@id\":\"https:\\\/\\\/www.4ksummit.com\\\/es\\\/4k-hdr-summit-2022\\\/2022-agenda\\\/#breadcrumb\",\"itemListElement\":[{\"@type\":\"ListItem\",\"position\":1,\"name\":\"Portada\",\"item\":\"https:\\\/\\\/www.4ksummit.com\\\/es\\\/\"},{\"@type\":\"ListItem\",\"position\":2,\"name\":\"4K-HDR SUMMIT 2022\",\"item\":\"https:\\\/\\\/www.4ksummit.com\\\/es\\\/4k-hdr-summit-2022\\\/\"},{\"@type\":\"ListItem\",\"position\":3,\"name\":\"2022 AGENDA\"}]},{\"@type\":\"WebSite\",\"@id\":\"https:\\\/\\\/www.4ksummit.com\\\/#website\",\"url\":\"https:\\\/\\\/www.4ksummit.com\\\/\",\"name\":\"4K-HDR SUMMIT\",\"description\":\"2018\",\"publisher\":{\"@id\":\"https:\\\/\\\/www.4ksummit.com\\\/#organization\"},\"potentialAction\":[{\"@type\":\"SearchAction\",\"target\":{\"@type\":\"EntryPoint\",\"urlTemplate\":\"https:\\\/\\\/www.4ksummit.com\\\/?s={search_term_string}\"},\"query-input\":{\"@type\":\"PropertyValueSpecification\",\"valueRequired\":true,\"valueName\":\"search_term_string\"}}],\"inLanguage\":\"es\"},{\"@type\":\"Organization\",\"@id\":\"https:\\\/\\\/www.4ksummit.com\\\/#organization\",\"name\":\"4K-UHD SUMMIT\",\"url\":\"https:\\\/\\\/www.4ksummit.com\\\/\",\"logo\":{\"@type\":\"ImageObject\",\"inLanguage\":\"es\",\"@id\":\"https:\\\/\\\/www.4ksummit.com\\\/#\\\/schema\\\/logo\\\/image\\\/\",\"url\":\"https:\\\/\\\/www.4ksummit.com\\\/wp-content\\\/uploads\\\/2020\\\/05\\\/4ksummit.png\",\"contentUrl\":\"https:\\\/\\\/www.4ksummit.com\\\/wp-content\\\/uploads\\\/2020\\\/05\\\/4ksummit.png\",\"width\":600,\"height\":246,\"caption\":\"4K-UHD SUMMIT\"},\"image\":{\"@id\":\"https:\\\/\\\/www.4ksummit.com\\\/#\\\/schema\\\/logo\\\/image\\\/\"}}]}<\/script>\n<!-- \/ Yoast SEO plugin. -->","yoast_head_json":{"title":"2022 AGENDA - 4K-HDR SUMMIT","robots":{"index":"index","follow":"follow","max-snippet":"max-snippet:-1","max-image-preview":"max-image-preview:large","max-video-preview":"max-video-preview:-1"},"canonical":"https:\/\/www.4ksummit.com\/es\/4k-hdr-summit-2022\/2022-agenda\/","og_locale":"es_ES","og_type":"article","og_title":"2022 AGENDA - 4K-HDR SUMMIT","og_description":"Consulta la agenda de la 4K-HDR Summit 2022 15, 16, 17, 18 y 19 de Noviembre D\u00cdA 1 &#8211; 14 NOV D\u00cdA 2 &#8211; 15 NOV D\u00cdA 3 &#8211; 16 NOV D\u00cdA 4 &#8211; 17 NOV D\u00cdA 5 &#8211; 18 NOV Consulta aqu\u00ed el Cat\u00e1logo de Experiencias &amp; Demos 14 &#8211; 18 NOV","og_url":"https:\/\/www.4ksummit.com\/es\/4k-hdr-summit-2022\/2022-agenda\/","og_site_name":"4K-HDR SUMMIT","article_modified_time":"2024-10-15T11:41:03+00:00","twitter_card":"summary_large_image","twitter_misc":{"Tiempo de lectura":"1 minuto"},"schema":{"@context":"https:\/\/schema.org","@graph":[{"@type":"WebPage","@id":"https:\/\/www.4ksummit.com\/es\/4k-hdr-summit-2022\/2022-agenda\/","url":"https:\/\/www.4ksummit.com\/es\/4k-hdr-summit-2022\/2022-agenda\/","name":"2022 AGENDA - 4K-HDR SUMMIT","isPartOf":{"@id":"https:\/\/www.4ksummit.com\/#website"},"datePublished":"2022-10-24T15:38:49+00:00","dateModified":"2024-10-15T11:41:03+00:00","breadcrumb":{"@id":"https:\/\/www.4ksummit.com\/es\/4k-hdr-summit-2022\/2022-agenda\/#breadcrumb"},"inLanguage":"es","potentialAction":[{"@type":"ReadAction","target":["https:\/\/www.4ksummit.com\/es\/4k-hdr-summit-2022\/2022-agenda\/"]}]},{"@type":"BreadcrumbList","@id":"https:\/\/www.4ksummit.com\/es\/4k-hdr-summit-2022\/2022-agenda\/#breadcrumb","itemListElement":[{"@type":"ListItem","position":1,"name":"Portada","item":"https:\/\/www.4ksummit.com\/es\/"},{"@type":"ListItem","position":2,"name":"4K-HDR SUMMIT 2022","item":"https:\/\/www.4ksummit.com\/es\/4k-hdr-summit-2022\/"},{"@type":"ListItem","position":3,"name":"2022 AGENDA"}]},{"@type":"WebSite","@id":"https:\/\/www.4ksummit.com\/#website","url":"https:\/\/www.4ksummit.com\/","name":"4K-HDR SUMMIT","description":"2018","publisher":{"@id":"https:\/\/www.4ksummit.com\/#organization"},"potentialAction":[{"@type":"SearchAction","target":{"@type":"EntryPoint","urlTemplate":"https:\/\/www.4ksummit.com\/?s={search_term_string}"},"query-input":{"@type":"PropertyValueSpecification","valueRequired":true,"valueName":"search_term_string"}}],"inLanguage":"es"},{"@type":"Organization","@id":"https:\/\/www.4ksummit.com\/#organization","name":"4K-UHD SUMMIT","url":"https:\/\/www.4ksummit.com\/","logo":{"@type":"ImageObject","inLanguage":"es","@id":"https:\/\/www.4ksummit.com\/#\/schema\/logo\/image\/","url":"https:\/\/www.4ksummit.com\/wp-content\/uploads\/2020\/05\/4ksummit.png","contentUrl":"https:\/\/www.4ksummit.com\/wp-content\/uploads\/2020\/05\/4ksummit.png","width":600,"height":246,"caption":"4K-UHD SUMMIT"},"image":{"@id":"https:\/\/www.4ksummit.com\/#\/schema\/logo\/image\/"}}]}},"_links":{"self":[{"href":"https:\/\/www.4ksummit.com\/es\/wp-json\/wp\/v2\/pages\/23386","targetHints":{"allow":["GET"]}}],"collection":[{"href":"https:\/\/www.4ksummit.com\/es\/wp-json\/wp\/v2\/pages"}],"about":[{"href":"https:\/\/www.4ksummit.com\/es\/wp-json\/wp\/v2\/types\/page"}],"author":[{"embeddable":true,"href":"https:\/\/www.4ksummit.com\/es\/wp-json\/wp\/v2\/users\/4"}],"replies":[{"embeddable":true,"href":"https:\/\/www.4ksummit.com\/es\/wp-json\/wp\/v2\/comments?post=23386"}],"version-history":[{"count":3,"href":"https:\/\/www.4ksummit.com\/es\/wp-json\/wp\/v2\/pages\/23386\/revisions"}],"predecessor-version":[{"id":30814,"href":"https:\/\/www.4ksummit.com\/es\/wp-json\/wp\/v2\/pages\/23386\/revisions\/30814"}],"up":[{"embeddable":true,"href":"https:\/\/www.4ksummit.com\/es\/wp-json\/wp\/v2\/pages\/22777"}],"wp:attachment":[{"href":"https:\/\/www.4ksummit.com\/es\/wp-json\/wp\/v2\/media?parent=23386"}],"wp:term":[{"taxonomy":"category","embeddable":true,"href":"https:\/\/www.4ksummit.com\/es\/wp-json\/wp\/v2\/categories?post=23386"},{"taxonomy":"post_tag","embeddable":true,"href":"https:\/\/www.4ksummit.com\/es\/wp-json\/wp\/v2\/tags?post=23386"},{"taxonomy":"edition","embeddable":true,"href":"https:\/\/www.4ksummit.com\/es\/wp-json\/wp\/v2\/edition?post=23386"}],"curies":[{"name":"wp","href":"https:\/\/api.w.org\/{rel}","templated":true}]}}