{"id":23117,"date":"2022-10-20T13:58:22","date_gmt":"2022-10-20T11:58:22","guid":{"rendered":"https:\/\/www.4ksummit.com\/?page_id=23117"},"modified":"2023-10-10T12:23:12","modified_gmt":"2023-10-10T10:23:12","slug":"registro-virtual","status":"publish","type":"page","link":"https:\/\/www.4ksummit.com\/es\/4k-hdr-summit-2023\/registro\/registro-virtual\/","title":{"rendered":"Registro virtual"},"content":{"rendered":"<h2 style=\"text-align: center;\">4K-HDR SUMMIT 2023<\/h2>\n<p style=\"text-align: center;\"><strong>Noviembre 13-16<\/strong><b><br \/>\n<\/b><\/p>\n<p><iframe loading=\"lazy\" src=\"https:\/\/tpv.4ksummit.com\/registro2017.aspx?idp=093f65e080a295f8076b1c5722a46aa2\" width=\"100%\" height=\"1120px\" frameborder=\"0\" scrolling=\"no\" allowfullscreen=\"allowfullscreen\"><span data-mce-type=\"bookmark\" style=\"display: inline-block; width: 0px; overflow: hidden; line-height: 0;\" class=\"mce_SELRES_start\">\ufeff<\/span><span data-mce-type=\"bookmark\" style=\"display: inline-block; width: 0px; overflow: hidden; line-height: 0;\" class=\"mce_SELRES_start\">\ufeff<\/span><\/iframe><\/p>\n<hr \/>\n<p><span style=\"font-weight: 400;\">El registro virtual incluye acceso a:<\/span><\/p>\n<ul>\n<li><b>Streaming en directo &amp; VOD<br \/>\n<\/b>Accede a todas las sesiones por streaming en directo. Tambi\u00e9n estar\u00e1n disponibles en video bajo demanda (VOD) nada m\u00e1s haberse emitido.<\/li>\n<li><b>Demos virtuales<br \/>\n<\/b>Accede a todas las demos online<\/li>\n<li><b>Networking<br \/>\n<\/b>Aprovecha tu propia herramienta de networking para poder conectar con los participantes y organizar v\u00eddeo-reuniones.<\/li>\n<li><b>Sesiones adicionales<br \/>\n<\/b>Consulta las conferencias de anteriores ediciones de 4K HDR Summit.<\/li>\n<\/ul>\n","protected":false},"excerpt":{"rendered":"<p>4K-HDR SUMMIT 2023 Noviembre 13-16 \ufeff\ufeff El registro virtual incluye acceso a: Streaming en directo &amp; VOD Accede a todas las sesiones por streaming en directo. Tambi\u00e9n estar\u00e1n disponibles en video bajo demanda (VOD) nada m\u00e1s haberse emitido. Demos virtuales Accede a todas las demos online Networking Aprovecha tu propia herramienta de networking para poder [&hellip;]<\/p>\n","protected":false},"author":1,"featured_media":0,"parent":23056,"menu_order":33,"comment_status":"closed","ping_status":"closed","template":"","meta":{"_acf_changed":false,"footnotes":""},"categories":[248],"tags":[],"edition":[249],"class_list":["post-23117","page","type-page","status-publish","hentry","category-2023-es","edition-2023-es"],"acf":[],"yoast_head":"<!-- This site is optimized with the Yoast SEO plugin v27.5 - https:\/\/yoast.com\/product\/yoast-seo-wordpress\/ -->\n<title>Registro virtual - 4K-HDR SUMMIT<\/title>\n<meta name=\"robots\" content=\"index, follow, max-snippet:-1, max-image-preview:large, max-video-preview:-1\" \/>\n<link rel=\"canonical\" href=\"https:\/\/www.4ksummit.com\/es\/4k-hdr-summit-2023\/registro\/registro-virtual\/\" \/>\n<meta property=\"og:locale\" content=\"es_ES\" \/>\n<meta property=\"og:type\" content=\"article\" \/>\n<meta property=\"og:title\" content=\"Registro virtual - 4K-HDR SUMMIT\" \/>\n<meta property=\"og:description\" content=\"4K-HDR SUMMIT 2023 Noviembre 13-16 \ufeff\ufeff El registro virtual incluye acceso a: Streaming en directo &amp; VOD Accede a todas las sesiones por streaming en directo. Tambi\u00e9n estar\u00e1n disponibles en video bajo demanda (VOD) nada m\u00e1s haberse emitido. Demos virtuales Accede a todas las demos online Networking Aprovecha tu propia herramienta de networking para poder [&hellip;]\" \/>\n<meta property=\"og:url\" content=\"https:\/\/www.4ksummit.com\/es\/4k-hdr-summit-2023\/registro\/registro-virtual\/\" \/>\n<meta property=\"og:site_name\" content=\"4K-HDR SUMMIT\" \/>\n<meta property=\"article:modified_time\" content=\"2023-10-10T10:23:12+00:00\" \/>\n<meta name=\"twitter:card\" content=\"summary_large_image\" \/>\n<meta name=\"twitter:label1\" content=\"Tiempo de lectura\" \/>\n\t<meta name=\"twitter:data1\" content=\"1 minuto\" \/>\n<script type=\"application\/ld+json\" class=\"yoast-schema-graph\">{\"@context\":\"https:\\\/\\\/schema.org\",\"@graph\":[{\"@type\":\"WebPage\",\"@id\":\"https:\\\/\\\/www.4ksummit.com\\\/es\\\/4k-hdr-summit-2023\\\/registro\\\/registro-virtual\\\/\",\"url\":\"https:\\\/\\\/www.4ksummit.com\\\/es\\\/4k-hdr-summit-2023\\\/registro\\\/registro-virtual\\\/\",\"name\":\"Registro virtual - 4K-HDR SUMMIT\",\"isPartOf\":{\"@id\":\"https:\\\/\\\/www.4ksummit.com\\\/#website\"},\"datePublished\":\"2022-10-20T11:58:22+00:00\",\"dateModified\":\"2023-10-10T10:23:12+00:00\",\"breadcrumb\":{\"@id\":\"https:\\\/\\\/www.4ksummit.com\\\/es\\\/4k-hdr-summit-2023\\\/registro\\\/registro-virtual\\\/#breadcrumb\"},\"inLanguage\":\"es\",\"potentialAction\":[{\"@type\":\"ReadAction\",\"target\":[\"https:\\\/\\\/www.4ksummit.com\\\/es\\\/4k-hdr-summit-2023\\\/registro\\\/registro-virtual\\\/\"]}]},{\"@type\":\"BreadcrumbList\",\"@id\":\"https:\\\/\\\/www.4ksummit.com\\\/es\\\/4k-hdr-summit-2023\\\/registro\\\/registro-virtual\\\/#breadcrumb\",\"itemListElement\":[{\"@type\":\"ListItem\",\"position\":1,\"name\":\"Portada\",\"item\":\"https:\\\/\\\/www.4ksummit.com\\\/es\\\/\"},{\"@type\":\"ListItem\",\"position\":2,\"name\":\"4K HDR Summit 2023\",\"item\":\"https:\\\/\\\/www.4ksummit.com\\\/es\\\/4k-hdr-summit-2023\\\/\"},{\"@type\":\"ListItem\",\"position\":3,\"name\":\"Registro\",\"item\":\"https:\\\/\\\/www.4ksummit.com\\\/es\\\/4k-hdr-summit-2023\\\/registro\\\/\"},{\"@type\":\"ListItem\",\"position\":4,\"name\":\"Registro virtual\"}]},{\"@type\":\"WebSite\",\"@id\":\"https:\\\/\\\/www.4ksummit.com\\\/#website\",\"url\":\"https:\\\/\\\/www.4ksummit.com\\\/\",\"name\":\"4K-HDR SUMMIT\",\"description\":\"2018\",\"publisher\":{\"@id\":\"https:\\\/\\\/www.4ksummit.com\\\/#organization\"},\"potentialAction\":[{\"@type\":\"SearchAction\",\"target\":{\"@type\":\"EntryPoint\",\"urlTemplate\":\"https:\\\/\\\/www.4ksummit.com\\\/?s={search_term_string}\"},\"query-input\":{\"@type\":\"PropertyValueSpecification\",\"valueRequired\":true,\"valueName\":\"search_term_string\"}}],\"inLanguage\":\"es\"},{\"@type\":\"Organization\",\"@id\":\"https:\\\/\\\/www.4ksummit.com\\\/#organization\",\"name\":\"4K-UHD SUMMIT\",\"url\":\"https:\\\/\\\/www.4ksummit.com\\\/\",\"logo\":{\"@type\":\"ImageObject\",\"inLanguage\":\"es\",\"@id\":\"https:\\\/\\\/www.4ksummit.com\\\/#\\\/schema\\\/logo\\\/image\\\/\",\"url\":\"https:\\\/\\\/www.4ksummit.com\\\/wp-content\\\/uploads\\\/2020\\\/05\\\/4ksummit.png\",\"contentUrl\":\"https:\\\/\\\/www.4ksummit.com\\\/wp-content\\\/uploads\\\/2020\\\/05\\\/4ksummit.png\",\"width\":600,\"height\":246,\"caption\":\"4K-UHD SUMMIT\"},\"image\":{\"@id\":\"https:\\\/\\\/www.4ksummit.com\\\/#\\\/schema\\\/logo\\\/image\\\/\"}}]}<\/script>\n<!-- \/ Yoast SEO plugin. -->","yoast_head_json":{"title":"Registro virtual - 4K-HDR SUMMIT","robots":{"index":"index","follow":"follow","max-snippet":"max-snippet:-1","max-image-preview":"max-image-preview:large","max-video-preview":"max-video-preview:-1"},"canonical":"https:\/\/www.4ksummit.com\/es\/4k-hdr-summit-2023\/registro\/registro-virtual\/","og_locale":"es_ES","og_type":"article","og_title":"Registro virtual - 4K-HDR SUMMIT","og_description":"4K-HDR SUMMIT 2023 Noviembre 13-16 \ufeff\ufeff El registro virtual incluye acceso a: Streaming en directo &amp; VOD Accede a todas las sesiones por streaming en directo. Tambi\u00e9n estar\u00e1n disponibles en video bajo demanda (VOD) nada m\u00e1s haberse emitido. Demos virtuales Accede a todas las demos online Networking Aprovecha tu propia herramienta de networking para poder [&hellip;]","og_url":"https:\/\/www.4ksummit.com\/es\/4k-hdr-summit-2023\/registro\/registro-virtual\/","og_site_name":"4K-HDR SUMMIT","article_modified_time":"2023-10-10T10:23:12+00:00","twitter_card":"summary_large_image","twitter_misc":{"Tiempo de lectura":"1 minuto"},"schema":{"@context":"https:\/\/schema.org","@graph":[{"@type":"WebPage","@id":"https:\/\/www.4ksummit.com\/es\/4k-hdr-summit-2023\/registro\/registro-virtual\/","url":"https:\/\/www.4ksummit.com\/es\/4k-hdr-summit-2023\/registro\/registro-virtual\/","name":"Registro virtual - 4K-HDR SUMMIT","isPartOf":{"@id":"https:\/\/www.4ksummit.com\/#website"},"datePublished":"2022-10-20T11:58:22+00:00","dateModified":"2023-10-10T10:23:12+00:00","breadcrumb":{"@id":"https:\/\/www.4ksummit.com\/es\/4k-hdr-summit-2023\/registro\/registro-virtual\/#breadcrumb"},"inLanguage":"es","potentialAction":[{"@type":"ReadAction","target":["https:\/\/www.4ksummit.com\/es\/4k-hdr-summit-2023\/registro\/registro-virtual\/"]}]},{"@type":"BreadcrumbList","@id":"https:\/\/www.4ksummit.com\/es\/4k-hdr-summit-2023\/registro\/registro-virtual\/#breadcrumb","itemListElement":[{"@type":"ListItem","position":1,"name":"Portada","item":"https:\/\/www.4ksummit.com\/es\/"},{"@type":"ListItem","position":2,"name":"4K HDR Summit 2023","item":"https:\/\/www.4ksummit.com\/es\/4k-hdr-summit-2023\/"},{"@type":"ListItem","position":3,"name":"Registro","item":"https:\/\/www.4ksummit.com\/es\/4k-hdr-summit-2023\/registro\/"},{"@type":"ListItem","position":4,"name":"Registro virtual"}]},{"@type":"WebSite","@id":"https:\/\/www.4ksummit.com\/#website","url":"https:\/\/www.4ksummit.com\/","name":"4K-HDR SUMMIT","description":"2018","publisher":{"@id":"https:\/\/www.4ksummit.com\/#organization"},"potentialAction":[{"@type":"SearchAction","target":{"@type":"EntryPoint","urlTemplate":"https:\/\/www.4ksummit.com\/?s={search_term_string}"},"query-input":{"@type":"PropertyValueSpecification","valueRequired":true,"valueName":"search_term_string"}}],"inLanguage":"es"},{"@type":"Organization","@id":"https:\/\/www.4ksummit.com\/#organization","name":"4K-UHD SUMMIT","url":"https:\/\/www.4ksummit.com\/","logo":{"@type":"ImageObject","inLanguage":"es","@id":"https:\/\/www.4ksummit.com\/#\/schema\/logo\/image\/","url":"https:\/\/www.4ksummit.com\/wp-content\/uploads\/2020\/05\/4ksummit.png","contentUrl":"https:\/\/www.4ksummit.com\/wp-content\/uploads\/2020\/05\/4ksummit.png","width":600,"height":246,"caption":"4K-UHD SUMMIT"},"image":{"@id":"https:\/\/www.4ksummit.com\/#\/schema\/logo\/image\/"}}]}},"_links":{"self":[{"href":"https:\/\/www.4ksummit.com\/es\/wp-json\/wp\/v2\/pages\/23117","targetHints":{"allow":["GET"]}}],"collection":[{"href":"https:\/\/www.4ksummit.com\/es\/wp-json\/wp\/v2\/pages"}],"about":[{"href":"https:\/\/www.4ksummit.com\/es\/wp-json\/wp\/v2\/types\/page"}],"author":[{"embeddable":true,"href":"https:\/\/www.4ksummit.com\/es\/wp-json\/wp\/v2\/users\/1"}],"replies":[{"embeddable":true,"href":"https:\/\/www.4ksummit.com\/es\/wp-json\/wp\/v2\/comments?post=23117"}],"version-history":[{"count":0,"href":"https:\/\/www.4ksummit.com\/es\/wp-json\/wp\/v2\/pages\/23117\/revisions"}],"up":[{"embeddable":true,"href":"https:\/\/www.4ksummit.com\/es\/wp-json\/wp\/v2\/pages\/23056"}],"wp:attachment":[{"href":"https:\/\/www.4ksummit.com\/es\/wp-json\/wp\/v2\/media?parent=23117"}],"wp:term":[{"taxonomy":"category","embeddable":true,"href":"https:\/\/www.4ksummit.com\/es\/wp-json\/wp\/v2\/categories?post=23117"},{"taxonomy":"post_tag","embeddable":true,"href":"https:\/\/www.4ksummit.com\/es\/wp-json\/wp\/v2\/tags?post=23117"},{"taxonomy":"edition","embeddable":true,"href":"https:\/\/www.4ksummit.com\/es\/wp-json\/wp\/v2\/edition?post=23117"}],"curies":[{"name":"wp","href":"https:\/\/api.w.org\/{rel}","templated":true}]}}