{"id":22777,"date":"2022-10-17T16:41:20","date_gmt":"2022-10-17T14:41:20","guid":{"rendered":"https:\/\/www.4ksummit.com\/?page_id=22777"},"modified":"2024-10-15T13:06:23","modified_gmt":"2024-10-15T11:06:23","slug":"4k-hdr-summit-2022","status":"publish","type":"page","link":"https:\/\/www.4ksummit.com\/es\/4k-hdr-summit-2022\/","title":{"rendered":"4K-HDR SUMMIT 2022"},"content":{"rendered":"<div class=\"video-container\"><iframe loading=\"lazy\" title=\"RESUMEN 4KSUMMIT 2022\" src=\"https:\/\/player.vimeo.com\/video\/774331008?dnt=1&amp;app_id=122963\" width=\"500\" height=\"281\" frameborder=\"0\" allow=\"autoplay; fullscreen; picture-in-picture; clipboard-write\"><\/iframe><\/div>\n<hr \/>\n<p style=\"text-align: center;\"><a class=\"btn btn-primary brighten\" title=\"AGENDA 2022\" href=\"https:\/\/www.4ksummit.com\/es\/4k-hdr-summit-2022\/2022-agenda\/\">AGENDA 2022<\/a> <a class=\"btn btn-primary brighten\" title=\"PONENTES 2022\" href=\"https:\/\/www.4ksummit.com\/4k-hdr-summit-2022\/speakers-2022\/\">PONENTES 2022<\/a><\/p>\n<hr \/>\n<p><strong>4K SUMMIT 2022 EN CIFRAS<\/strong><\/p>\n<ul>\n<li><strong>Hasta 58 pa\u00edses <\/strong>representados por distintas empresas, profesionales y asistentes, entre ellos est\u00e1n: EE. UU, Jap\u00f3n, Reino Unido, Francia, Italia, Suiza, Turqu\u00eda y Espa\u00f1a.<\/li>\n<li><strong>26 <\/strong>patrocinadores<\/li>\n<li><b>460 <\/b>participantes<\/li>\n<li><strong>180<\/strong> empresas participantes<\/li>\n<\/ul>\n<p>La 4K HDR Summit 2022 tuvo los <strong>mejores ponentes internacionales del 4K<\/strong>, quienes dieron su punto de vista sobre las \u00faltimas novedades de la industria.<\/p>\n<p style=\"text-align: center;\"><a class=\"btn btn-primary brighten\" href=\"https:\/\/www.4ksummit.com\/wp-content\/uploads\/2022\/11\/Review-4KS22.pdf\">REVIEW 2022<\/a><\/p>\n<p>Meses antes de la <strong>4K Summit<\/strong>, nuestros <strong>Media Partners y equipo de Community Management <\/strong>comenzaron las tareas de promoci\u00f3n de esta convenci\u00f3n internacional, obteniendo una muy notable <strong>repercusi\u00f3n medi\u00e1tica tanto online, como en televesi\u00f3n, radio y prensa<\/strong>.<\/p>\n<p style=\"text-align: center;\"><a class=\"btn btn-primary brighten\" href=\"https:\/\/www.4ksummit.com\/wp-content\/uploads\/2022\/11\/Clipping-4K-HDR-2022.pdf\">CLIPPING DE PRENSA 2022<\/a> <a class=\"btn btn-primary brighten\" href=\"https:\/\/www.4ksummit.com\/wp-content\/uploads\/2023\/01\/4K-SUMMIT_Informe-Kantar.pdf\">IMPACTO MEDI\u00c1TICO 2022<\/a><\/p>\n<p>Si quieres disfrutar de una retrospectiva en im\u00e1genes de este exclusivo encuentro en el que <strong>ingenieros de primer nivel\u00a0<\/strong>y los <strong>mejores creadores de contenido<\/strong> en el mundo del 4K se re\u00fanen entre ponencias, mesas redondas, Demo Area y sesiones de networking, visita nuestra fotogaler\u00eda de\u00a0 la <strong>4K HDR Summit 2022<\/strong>.<\/p>\n<p style=\"text-align: center;\"><a class=\"btn btn-primary brighten\" href=\"https:\/\/www.flickr.com\/photos\/197004688@N06\/albums\" target=\"_blank\" rel=\"noopener\">FOTOGALER\u00cdA 4KS2022<\/a><\/p>\n<div class=\"col-sm-12 padBotXXL text-center\">\n<h2><small>2022 Sponsors<\/small><\/h2>\n<hr \/>\n<\/div>\n<p><img loading=\"lazy\" decoding=\"async\" class=\"aligncenter wp-image-26307 size-full\" src=\"https:\/\/www.4ksummit.com\/wp-content\/uploads\/2023\/02\/Sponsors-2022_web.jpg\" alt=\"\" width=\"960\" height=\"540\" srcset=\"https:\/\/www.4ksummit.com\/wp-content\/uploads\/2023\/02\/Sponsors-2022_web.jpg 960w, https:\/\/www.4ksummit.com\/wp-content\/uploads\/2023\/02\/Sponsors-2022_web-300x169.jpg 300w, https:\/\/www.4ksummit.com\/wp-content\/uploads\/2023\/02\/Sponsors-2022_web-768x432.jpg 768w\" sizes=\"(max-width: 960px) 100vw, 960px\" \/><\/p>\n<div class=\"col-sm-12 padBotXXL text-center\">\n<h2><small>In collaboration with<\/small><\/h2>\n<hr \/>\n<\/div>\n<p><img loading=\"lazy\" decoding=\"async\" class=\"aligncenter wp-image-26309\" src=\"https:\/\/www.4ksummit.com\/wp-content\/uploads\/2023\/02\/Colaboradores-2022-e1675781699722.jpg\" alt=\"\" width=\"480\" height=\"116\" srcset=\"https:\/\/www.4ksummit.com\/wp-content\/uploads\/2023\/02\/Colaboradores-2022-e1675781699722.jpg 960w, https:\/\/www.4ksummit.com\/wp-content\/uploads\/2023\/02\/Colaboradores-2022-e1675781699722-300x73.jpg 300w, https:\/\/www.4ksummit.com\/wp-content\/uploads\/2023\/02\/Colaboradores-2022-e1675781699722-768x186.jpg 768w\" sizes=\"(max-width: 480px) 100vw, 480px\" \/><\/p>\n<div class=\"col-sm-12 padBotXXL text-center\">\n<h2><small>Media partners<\/small><\/h2>\n<hr \/>\n<\/div>\n<p><img loading=\"lazy\" decoding=\"async\" class=\"wp-image-13859 aligncenter\" src=\"https:\/\/www.4ksummit.com\/wp-content\/uploads\/2020\/10\/Logos-media-partners-4KSummit-2020.png\" alt=\"\" width=\"656\" height=\"220\" \/><\/p>\n","protected":false},"excerpt":{"rendered":"<p>AGENDA 2022 PONENTES 2022 4K SUMMIT 2022 EN CIFRAS Hasta 58 pa\u00edses representados por distintas empresas, profesionales y asistentes, entre ellos est\u00e1n: EE. UU, Jap\u00f3n, Reino Unido, Francia, Italia, Suiza, Turqu\u00eda y Espa\u00f1a. 26 patrocinadores 460 participantes 180 empresas participantes La 4K HDR Summit 2022 tuvo los mejores ponentes internacionales del 4K, quienes dieron su [&hellip;]<\/p>\n","protected":false},"author":1,"featured_media":0,"parent":0,"menu_order":25,"comment_status":"closed","ping_status":"closed","template":"","meta":{"_acf_changed":false,"footnotes":""},"categories":[],"tags":[135],"edition":[192],"class_list":["post-22777","page","type-page","status-publish","hentry","tag-2021-es","edition-2022-es"],"acf":[],"yoast_head":"<!-- This site is optimized with the Yoast SEO plugin v27.3 - https:\/\/yoast.com\/product\/yoast-seo-wordpress\/ -->\n<title>4K-HDR SUMMIT 2022 - 4K-HDR SUMMIT<\/title>\n<meta name=\"robots\" content=\"index, follow, max-snippet:-1, max-image-preview:large, max-video-preview:-1\" \/>\n<link rel=\"canonical\" href=\"https:\/\/www.4ksummit.com\/es\/4k-hdr-summit-2022\/\" \/>\n<meta property=\"og:locale\" content=\"es_ES\" \/>\n<meta property=\"og:type\" content=\"article\" \/>\n<meta property=\"og:title\" content=\"4K-HDR SUMMIT 2022 - 4K-HDR SUMMIT\" \/>\n<meta property=\"og:description\" content=\"AGENDA 2022 PONENTES 2022 4K SUMMIT 2022 EN CIFRAS Hasta 58 pa\u00edses representados por distintas empresas, profesionales y asistentes, entre ellos est\u00e1n: EE. UU, Jap\u00f3n, Reino Unido, Francia, Italia, Suiza, Turqu\u00eda y Espa\u00f1a. 26 patrocinadores 460 participantes 180 empresas participantes La 4K HDR Summit 2022 tuvo los mejores ponentes internacionales del 4K, quienes dieron su [&hellip;]\" \/>\n<meta property=\"og:url\" content=\"https:\/\/www.4ksummit.com\/es\/4k-hdr-summit-2022\/\" \/>\n<meta property=\"og:site_name\" content=\"4K-HDR SUMMIT\" \/>\n<meta property=\"article:modified_time\" content=\"2024-10-15T11:06:23+00:00\" \/>\n<meta property=\"og:image\" content=\"https:\/\/www.4ksummit.com\/wp-content\/uploads\/2023\/02\/Sponsors-2022_web.jpg\" \/>\n\t<meta property=\"og:image:width\" content=\"960\" \/>\n\t<meta property=\"og:image:height\" content=\"540\" \/>\n\t<meta property=\"og:image:type\" content=\"image\/jpeg\" \/>\n<meta name=\"twitter:card\" content=\"summary_large_image\" \/>\n<meta name=\"twitter:label1\" content=\"Tiempo de lectura\" \/>\n\t<meta name=\"twitter:data1\" content=\"2 minutos\" \/>\n<script type=\"application\/ld+json\" class=\"yoast-schema-graph\">{\"@context\":\"https:\\\/\\\/schema.org\",\"@graph\":[{\"@type\":\"WebPage\",\"@id\":\"https:\\\/\\\/www.4ksummit.com\\\/es\\\/4k-hdr-summit-2022\\\/\",\"url\":\"https:\\\/\\\/www.4ksummit.com\\\/es\\\/4k-hdr-summit-2022\\\/\",\"name\":\"4K-HDR SUMMIT 2022 - 4K-HDR SUMMIT\",\"isPartOf\":{\"@id\":\"https:\\\/\\\/www.4ksummit.com\\\/#website\"},\"primaryImageOfPage\":{\"@id\":\"https:\\\/\\\/www.4ksummit.com\\\/es\\\/4k-hdr-summit-2022\\\/#primaryimage\"},\"image\":{\"@id\":\"https:\\\/\\\/www.4ksummit.com\\\/es\\\/4k-hdr-summit-2022\\\/#primaryimage\"},\"thumbnailUrl\":\"https:\\\/\\\/www.4ksummit.com\\\/wp-content\\\/uploads\\\/2023\\\/02\\\/Sponsors-2022_web.jpg\",\"datePublished\":\"2022-10-17T14:41:20+00:00\",\"dateModified\":\"2024-10-15T11:06:23+00:00\",\"breadcrumb\":{\"@id\":\"https:\\\/\\\/www.4ksummit.com\\\/es\\\/4k-hdr-summit-2022\\\/#breadcrumb\"},\"inLanguage\":\"es\",\"potentialAction\":[{\"@type\":\"ReadAction\",\"target\":[\"https:\\\/\\\/www.4ksummit.com\\\/es\\\/4k-hdr-summit-2022\\\/\"]}]},{\"@type\":\"ImageObject\",\"inLanguage\":\"es\",\"@id\":\"https:\\\/\\\/www.4ksummit.com\\\/es\\\/4k-hdr-summit-2022\\\/#primaryimage\",\"url\":\"https:\\\/\\\/www.4ksummit.com\\\/wp-content\\\/uploads\\\/2023\\\/02\\\/Sponsors-2022_web.jpg\",\"contentUrl\":\"https:\\\/\\\/www.4ksummit.com\\\/wp-content\\\/uploads\\\/2023\\\/02\\\/Sponsors-2022_web.jpg\"},{\"@type\":\"BreadcrumbList\",\"@id\":\"https:\\\/\\\/www.4ksummit.com\\\/es\\\/4k-hdr-summit-2022\\\/#breadcrumb\",\"itemListElement\":[{\"@type\":\"ListItem\",\"position\":1,\"name\":\"Portada\",\"item\":\"https:\\\/\\\/www.4ksummit.com\\\/es\\\/\"},{\"@type\":\"ListItem\",\"position\":2,\"name\":\"4K-HDR SUMMIT 2022\"}]},{\"@type\":\"WebSite\",\"@id\":\"https:\\\/\\\/www.4ksummit.com\\\/#website\",\"url\":\"https:\\\/\\\/www.4ksummit.com\\\/\",\"name\":\"4K-HDR SUMMIT\",\"description\":\"2018\",\"publisher\":{\"@id\":\"https:\\\/\\\/www.4ksummit.com\\\/#organization\"},\"potentialAction\":[{\"@type\":\"SearchAction\",\"target\":{\"@type\":\"EntryPoint\",\"urlTemplate\":\"https:\\\/\\\/www.4ksummit.com\\\/?s={search_term_string}\"},\"query-input\":{\"@type\":\"PropertyValueSpecification\",\"valueRequired\":true,\"valueName\":\"search_term_string\"}}],\"inLanguage\":\"es\"},{\"@type\":\"Organization\",\"@id\":\"https:\\\/\\\/www.4ksummit.com\\\/#organization\",\"name\":\"4K-UHD SUMMIT\",\"url\":\"https:\\\/\\\/www.4ksummit.com\\\/\",\"logo\":{\"@type\":\"ImageObject\",\"inLanguage\":\"es\",\"@id\":\"https:\\\/\\\/www.4ksummit.com\\\/#\\\/schema\\\/logo\\\/image\\\/\",\"url\":\"https:\\\/\\\/www.4ksummit.com\\\/wp-content\\\/uploads\\\/2020\\\/05\\\/4ksummit.png\",\"contentUrl\":\"https:\\\/\\\/www.4ksummit.com\\\/wp-content\\\/uploads\\\/2020\\\/05\\\/4ksummit.png\",\"width\":600,\"height\":246,\"caption\":\"4K-UHD SUMMIT\"},\"image\":{\"@id\":\"https:\\\/\\\/www.4ksummit.com\\\/#\\\/schema\\\/logo\\\/image\\\/\"}}]}<\/script>\n<!-- \/ Yoast SEO plugin. -->","yoast_head_json":{"title":"4K-HDR SUMMIT 2022 - 4K-HDR SUMMIT","robots":{"index":"index","follow":"follow","max-snippet":"max-snippet:-1","max-image-preview":"max-image-preview:large","max-video-preview":"max-video-preview:-1"},"canonical":"https:\/\/www.4ksummit.com\/es\/4k-hdr-summit-2022\/","og_locale":"es_ES","og_type":"article","og_title":"4K-HDR SUMMIT 2022 - 4K-HDR SUMMIT","og_description":"AGENDA 2022 PONENTES 2022 4K SUMMIT 2022 EN CIFRAS Hasta 58 pa\u00edses representados por distintas empresas, profesionales y asistentes, entre ellos est\u00e1n: EE. UU, Jap\u00f3n, Reino Unido, Francia, Italia, Suiza, Turqu\u00eda y Espa\u00f1a. 26 patrocinadores 460 participantes 180 empresas participantes La 4K HDR Summit 2022 tuvo los mejores ponentes internacionales del 4K, quienes dieron su [&hellip;]","og_url":"https:\/\/www.4ksummit.com\/es\/4k-hdr-summit-2022\/","og_site_name":"4K-HDR SUMMIT","article_modified_time":"2024-10-15T11:06:23+00:00","og_image":[{"width":960,"height":540,"url":"https:\/\/www.4ksummit.com\/wp-content\/uploads\/2023\/02\/Sponsors-2022_web.jpg","type":"image\/jpeg"}],"twitter_card":"summary_large_image","twitter_misc":{"Tiempo de lectura":"2 minutos"},"schema":{"@context":"https:\/\/schema.org","@graph":[{"@type":"WebPage","@id":"https:\/\/www.4ksummit.com\/es\/4k-hdr-summit-2022\/","url":"https:\/\/www.4ksummit.com\/es\/4k-hdr-summit-2022\/","name":"4K-HDR SUMMIT 2022 - 4K-HDR SUMMIT","isPartOf":{"@id":"https:\/\/www.4ksummit.com\/#website"},"primaryImageOfPage":{"@id":"https:\/\/www.4ksummit.com\/es\/4k-hdr-summit-2022\/#primaryimage"},"image":{"@id":"https:\/\/www.4ksummit.com\/es\/4k-hdr-summit-2022\/#primaryimage"},"thumbnailUrl":"https:\/\/www.4ksummit.com\/wp-content\/uploads\/2023\/02\/Sponsors-2022_web.jpg","datePublished":"2022-10-17T14:41:20+00:00","dateModified":"2024-10-15T11:06:23+00:00","breadcrumb":{"@id":"https:\/\/www.4ksummit.com\/es\/4k-hdr-summit-2022\/#breadcrumb"},"inLanguage":"es","potentialAction":[{"@type":"ReadAction","target":["https:\/\/www.4ksummit.com\/es\/4k-hdr-summit-2022\/"]}]},{"@type":"ImageObject","inLanguage":"es","@id":"https:\/\/www.4ksummit.com\/es\/4k-hdr-summit-2022\/#primaryimage","url":"https:\/\/www.4ksummit.com\/wp-content\/uploads\/2023\/02\/Sponsors-2022_web.jpg","contentUrl":"https:\/\/www.4ksummit.com\/wp-content\/uploads\/2023\/02\/Sponsors-2022_web.jpg"},{"@type":"BreadcrumbList","@id":"https:\/\/www.4ksummit.com\/es\/4k-hdr-summit-2022\/#breadcrumb","itemListElement":[{"@type":"ListItem","position":1,"name":"Portada","item":"https:\/\/www.4ksummit.com\/es\/"},{"@type":"ListItem","position":2,"name":"4K-HDR SUMMIT 2022"}]},{"@type":"WebSite","@id":"https:\/\/www.4ksummit.com\/#website","url":"https:\/\/www.4ksummit.com\/","name":"4K-HDR SUMMIT","description":"2018","publisher":{"@id":"https:\/\/www.4ksummit.com\/#organization"},"potentialAction":[{"@type":"SearchAction","target":{"@type":"EntryPoint","urlTemplate":"https:\/\/www.4ksummit.com\/?s={search_term_string}"},"query-input":{"@type":"PropertyValueSpecification","valueRequired":true,"valueName":"search_term_string"}}],"inLanguage":"es"},{"@type":"Organization","@id":"https:\/\/www.4ksummit.com\/#organization","name":"4K-UHD SUMMIT","url":"https:\/\/www.4ksummit.com\/","logo":{"@type":"ImageObject","inLanguage":"es","@id":"https:\/\/www.4ksummit.com\/#\/schema\/logo\/image\/","url":"https:\/\/www.4ksummit.com\/wp-content\/uploads\/2020\/05\/4ksummit.png","contentUrl":"https:\/\/www.4ksummit.com\/wp-content\/uploads\/2020\/05\/4ksummit.png","width":600,"height":246,"caption":"4K-UHD SUMMIT"},"image":{"@id":"https:\/\/www.4ksummit.com\/#\/schema\/logo\/image\/"}}]}},"_links":{"self":[{"href":"https:\/\/www.4ksummit.com\/es\/wp-json\/wp\/v2\/pages\/22777","targetHints":{"allow":["GET"]}}],"collection":[{"href":"https:\/\/www.4ksummit.com\/es\/wp-json\/wp\/v2\/pages"}],"about":[{"href":"https:\/\/www.4ksummit.com\/es\/wp-json\/wp\/v2\/types\/page"}],"author":[{"embeddable":true,"href":"https:\/\/www.4ksummit.com\/es\/wp-json\/wp\/v2\/users\/1"}],"replies":[{"embeddable":true,"href":"https:\/\/www.4ksummit.com\/es\/wp-json\/wp\/v2\/comments?post=22777"}],"version-history":[{"count":4,"href":"https:\/\/www.4ksummit.com\/es\/wp-json\/wp\/v2\/pages\/22777\/revisions"}],"predecessor-version":[{"id":30791,"href":"https:\/\/www.4ksummit.com\/es\/wp-json\/wp\/v2\/pages\/22777\/revisions\/30791"}],"wp:attachment":[{"href":"https:\/\/www.4ksummit.com\/es\/wp-json\/wp\/v2\/media?parent=22777"}],"wp:term":[{"taxonomy":"category","embeddable":true,"href":"https:\/\/www.4ksummit.com\/es\/wp-json\/wp\/v2\/categories?post=22777"},{"taxonomy":"post_tag","embeddable":true,"href":"https:\/\/www.4ksummit.com\/es\/wp-json\/wp\/v2\/tags?post=22777"},{"taxonomy":"edition","embeddable":true,"href":"https:\/\/www.4ksummit.com\/es\/wp-json\/wp\/v2\/edition?post=22777"}],"curies":[{"name":"wp","href":"https:\/\/api.w.org\/{rel}","templated":true}]}}