{"id":1973,"date":"2018-09-13T08:21:42","date_gmt":"2018-09-13T08:21:42","guid":{"rendered":"https:\/\/www.4ksummit.com\/?page_id=1973"},"modified":"2018-11-05T17:39:15","modified_gmt":"2018-11-05T16:39:15","slug":"agenda","status":"publish","type":"page","link":"https:\/\/www.4ksummit.com\/es\/agenda\/","title":{"rendered":"AGENDA"},"content":{"rendered":"<p style=\"text-align: center;\">Aqu\u00ed puedes ver la <strong>agenda<\/strong> de la <strong>4K Summit 2018 d\u00eda a d\u00eda<\/strong><\/p>\n<p>&nbsp;<\/p>\n<p style=\"text-align: center;\">Aqu\u00ed puedes ver la <strong>agenda<\/strong>\u00a0de la <strong>Jornada de Puertas Abiertas*<\/strong> del 6 de noviembre<\/p>\n<p style=\"text-align: center;\">*Las ponencias de esta jornada ser\u00e1n en espa\u00f1ol<\/p>\n<p>&nbsp;<\/p>\n<p style=\"text-align: center;\">[bs_button size=\u00bbmd\u00bb type=\u00bbinfo\u00bb value=\u00bbAGENDA D\u00cdA 0 &#8211; 6 NOVIEMBRE (ACCESO LIBRE)\u00bb href=\u00bbhttps:\/\/www.4ksummit.com\/wp-content\/uploads\/2018\/11\/AGENDA-4KS18-V22-DAY0.pdf\u00bb]<\/p>\n<p>&nbsp;<\/p>\n<p style=\"text-align: center;\">Aqu\u00ed puedes ver la agenda del<strong> 7 de noviembre<\/strong><\/p>\n<p>&nbsp;<\/p>\n<p style=\"text-align: center;\">[bs_button size=\u00bbmd\u00bb type=\u00bbinfo\u00bb value=\u00bbAGENDA D\u00cdA 1 &#8211; 7 NOVIEMBRE\u00bb href=\u00bbhttps:\/\/www.4ksummit.com\/wp-content\/uploads\/2018\/11\/AGENDA-4KS18-DAY1.pdf\u00bb]<\/p>\n<p>&nbsp;<\/p>\n<p style=\"text-align: center;\">Aqu\u00ed puedes ver la agenda del<strong>\u00a08 de noviembre<\/strong><\/p>\n<p>&nbsp;<\/p>\n<p style=\"text-align: center;\">[bs_button size=\u00bbmd\u00bb type=\u00bbinfo\u00bb value=\u00bbAGENDA D\u00cdA 2 &#8211; 8 NOVIEMBRE\u00bb href=\u00bbhttps:\/\/www.4ksummit.com\/wp-content\/uploads\/2018\/11\/AGENDA-4KS18-V23-DAY2.pdf\u00bb]<\/p>\n<p>&nbsp;<\/p>\n<p style=\"text-align: center;\">Aqu\u00ed puedes ver la agenda del<strong>\u00a09 de noviembre<\/strong><\/p>\n<p>&nbsp;<\/p>\n<p style=\"text-align: center;\">[bs_button size=\u00bbmd\u00bb type=\u00bbinfo\u00bb value=\u00bbAGENDA D\u00cdA 3 &#8211; 9 NOVIEMBRE\u00bb href=\u00bbhttps:\/\/www.4ksummit.com\/wp-content\/uploads\/2018\/11\/AGENDA-4KS18-V22-DAY3.pdf\u00bb]<\/p>\n<p>&nbsp;<\/p>\n<p style=\"text-align: center;\">Si quieres asistir a los <strong>workshops gratuitos<\/strong>\u00a0reg\u00edstrate <a href=\"https:\/\/www.4ksummit.com\/es\/4k-hdr-summit-2023\/registro\/demos\/\" target=\"_blank\" rel=\"noopener\">aqu\u00ed<\/a>.<\/p>\n<p>&nbsp;<\/p>\n<p style=\"text-align: center;\">[bs_button size=\u00bbmd\u00bb type=\u00bbinfo\u00bb value=\u00bbVER WORKSHOPS Y DEMOS GRATUITOS\u00bb href=\u00bbhttps:\/\/www.4ksummit.com\/wp-content\/uploads\/2018\/11\/DOSSIER-DEMO-AREA-4KS18_V9.pdf\u00bb]<\/p>\n<p>&nbsp;<\/p>\n<p>&nbsp;<\/p>\n<p><strong>6 de noviembre (D\u00eda 0)<\/strong><\/p>\n<ul>\n<li>Introducci\u00f3n \u2013 16:00h<\/li>\n<li>Conferencias y paneles \u2013 16:00 a 18:30h<\/li>\n<li>Welcome Party \u2013 18:30 a 20:00h<\/li>\n<li><strong>Demos y workshops gratuitos\u00a0<\/strong>&#8211; 16:00h a 20:00h<\/li>\n<\/ul>\n<p><strong>7 de noviembre (D\u00eda 1)<\/strong><\/p>\n<ul>\n<li>Registro y desayuno de bienvenida \u2013 9:00h<\/li>\n<li>Conferencias \u2013 10:10 a 19:00h<\/li>\n<li>Fiesta de inauguraci\u00f3n \u2013 19:00h<\/li>\n<li><strong>Demos y workshops gratuitos\u00a0<\/strong>&#8211; 10:00h a 14:00h y de 15:00h a 20:30h<\/li>\n<\/ul>\n<p><strong>8 de noviembre (D\u00eda 2)<\/strong><\/p>\n<ul>\n<li>Registro y desayuno de bienvenida \u2013 9:00h<\/li>\n<li>Conferencias \u2013 10:10 a 18:35h<\/li>\n<li>4K Happy Hours &#8211; 18:35h<\/li>\n<li><strong>Demos y workshops gratuitos\u00a0<\/strong>&#8211; 10:00h a 14:00h y de 15:00h a 20:00h<\/li>\n<\/ul>\n<p><strong>9 de noviembre (D\u00eda 3)<\/strong><\/p>\n<ul>\n<li>Registro y desayuno de bienvenida \u2013 9:00h<\/li>\n<li>Conferencias \u2013 10:05h a 12:10h<\/li>\n<li>Presentaciones M\u00e1laga 4K Fest &#8211; 13:00h<\/li>\n<li>C\u00f3ctel &#8211; 13:30h<\/li>\n<li><strong>Demos y workshops gratuitos\u00a0<\/strong>&#8211; 10:00h a 14:00h<\/li>\n<\/ul>\n","protected":false},"excerpt":{"rendered":"<p>Aqu\u00ed puedes ver la agenda de la 4K Summit 2018 d\u00eda a d\u00eda &nbsp; Aqu\u00ed puedes ver la agenda\u00a0de la Jornada de Puertas Abiertas* del 6 de noviembre *Las ponencias de esta jornada ser\u00e1n en espa\u00f1ol &nbsp; [bs_button size=\u00bbmd\u00bb type=\u00bbinfo\u00bb value=\u00bbAGENDA D\u00cdA 0 &#8211; 6 NOVIEMBRE (ACCESO LIBRE)\u00bb href=\u00bbhttps:\/\/www.4ksummit.com\/wp-content\/uploads\/2018\/11\/AGENDA-4KS18-V22-DAY0.pdf\u00bb] &nbsp; Aqu\u00ed puedes ver la agenda [&hellip;]<\/p>\n","protected":false},"author":2,"featured_media":0,"parent":0,"menu_order":84,"comment_status":"closed","ping_status":"closed","template":"","meta":{"_acf_changed":false,"footnotes":""},"categories":[],"tags":[],"edition":[],"class_list":["post-1973","page","type-page","status-publish","hentry"],"acf":[],"yoast_head":"<!-- This site is optimized with the Yoast SEO plugin v27.4 - https:\/\/yoast.com\/product\/yoast-seo-wordpress\/ -->\n<title>AGENDA - 4K-HDR SUMMIT<\/title>\n<meta name=\"description\" content=\"Te presentamos informaci\u00f3n sobre fechas y horarios estimados para la pr\u00f3xima edici\u00f3n del 4K Summit 2018 celebrada en M\u00e1laga.\" \/>\n<meta name=\"robots\" content=\"index, follow, max-snippet:-1, max-image-preview:large, max-video-preview:-1\" \/>\n<link rel=\"canonical\" href=\"https:\/\/www.4ksummit.com\/es\/agenda\/\" \/>\n<meta property=\"og:locale\" content=\"es_ES\" \/>\n<meta property=\"og:type\" content=\"article\" \/>\n<meta property=\"og:title\" content=\"AGENDA - 4K-HDR SUMMIT\" \/>\n<meta property=\"og:description\" content=\"Te presentamos informaci\u00f3n sobre fechas y horarios estimados para la pr\u00f3xima edici\u00f3n del 4K Summit 2018 celebrada en M\u00e1laga.\" \/>\n<meta property=\"og:url\" content=\"https:\/\/www.4ksummit.com\/es\/agenda\/\" \/>\n<meta property=\"og:site_name\" content=\"4K-HDR SUMMIT\" \/>\n<meta property=\"article:modified_time\" content=\"2018-11-05T16:39:15+00:00\" \/>\n<meta name=\"twitter:card\" content=\"summary_large_image\" \/>\n<meta name=\"twitter:label1\" content=\"Tiempo de lectura\" \/>\n\t<meta name=\"twitter:data1\" content=\"2 minutos\" \/>\n<script type=\"application\/ld+json\" class=\"yoast-schema-graph\">{\"@context\":\"https:\\\/\\\/schema.org\",\"@graph\":[{\"@type\":\"WebPage\",\"@id\":\"https:\\\/\\\/www.4ksummit.com\\\/es\\\/agenda\\\/\",\"url\":\"https:\\\/\\\/www.4ksummit.com\\\/es\\\/agenda\\\/\",\"name\":\"AGENDA - 4K-HDR SUMMIT\",\"isPartOf\":{\"@id\":\"https:\\\/\\\/www.4ksummit.com\\\/#website\"},\"datePublished\":\"2018-09-13T08:21:42+00:00\",\"dateModified\":\"2018-11-05T16:39:15+00:00\",\"description\":\"Te presentamos informaci\u00f3n sobre fechas y horarios estimados para la pr\u00f3xima edici\u00f3n del 4K Summit 2018 celebrada en M\u00e1laga.\",\"breadcrumb\":{\"@id\":\"https:\\\/\\\/www.4ksummit.com\\\/es\\\/agenda\\\/#breadcrumb\"},\"inLanguage\":\"es\",\"potentialAction\":[{\"@type\":\"ReadAction\",\"target\":[\"https:\\\/\\\/www.4ksummit.com\\\/es\\\/agenda\\\/\"]}]},{\"@type\":\"BreadcrumbList\",\"@id\":\"https:\\\/\\\/www.4ksummit.com\\\/es\\\/agenda\\\/#breadcrumb\",\"itemListElement\":[{\"@type\":\"ListItem\",\"position\":1,\"name\":\"Portada\",\"item\":\"https:\\\/\\\/www.4ksummit.com\\\/es\\\/\"},{\"@type\":\"ListItem\",\"position\":2,\"name\":\"AGENDA\"}]},{\"@type\":\"WebSite\",\"@id\":\"https:\\\/\\\/www.4ksummit.com\\\/#website\",\"url\":\"https:\\\/\\\/www.4ksummit.com\\\/\",\"name\":\"4K-HDR SUMMIT\",\"description\":\"2018\",\"publisher\":{\"@id\":\"https:\\\/\\\/www.4ksummit.com\\\/#organization\"},\"potentialAction\":[{\"@type\":\"SearchAction\",\"target\":{\"@type\":\"EntryPoint\",\"urlTemplate\":\"https:\\\/\\\/www.4ksummit.com\\\/?s={search_term_string}\"},\"query-input\":{\"@type\":\"PropertyValueSpecification\",\"valueRequired\":true,\"valueName\":\"search_term_string\"}}],\"inLanguage\":\"es\"},{\"@type\":\"Organization\",\"@id\":\"https:\\\/\\\/www.4ksummit.com\\\/#organization\",\"name\":\"4K-UHD SUMMIT\",\"url\":\"https:\\\/\\\/www.4ksummit.com\\\/\",\"logo\":{\"@type\":\"ImageObject\",\"inLanguage\":\"es\",\"@id\":\"https:\\\/\\\/www.4ksummit.com\\\/#\\\/schema\\\/logo\\\/image\\\/\",\"url\":\"https:\\\/\\\/www.4ksummit.com\\\/wp-content\\\/uploads\\\/2020\\\/05\\\/4ksummit.png\",\"contentUrl\":\"https:\\\/\\\/www.4ksummit.com\\\/wp-content\\\/uploads\\\/2020\\\/05\\\/4ksummit.png\",\"width\":600,\"height\":246,\"caption\":\"4K-UHD SUMMIT\"},\"image\":{\"@id\":\"https:\\\/\\\/www.4ksummit.com\\\/#\\\/schema\\\/logo\\\/image\\\/\"}}]}<\/script>\n<!-- \/ Yoast SEO plugin. -->","yoast_head_json":{"title":"AGENDA - 4K-HDR SUMMIT","description":"Te presentamos informaci\u00f3n sobre fechas y horarios estimados para la pr\u00f3xima edici\u00f3n del 4K Summit 2018 celebrada en M\u00e1laga.","robots":{"index":"index","follow":"follow","max-snippet":"max-snippet:-1","max-image-preview":"max-image-preview:large","max-video-preview":"max-video-preview:-1"},"canonical":"https:\/\/www.4ksummit.com\/es\/agenda\/","og_locale":"es_ES","og_type":"article","og_title":"AGENDA - 4K-HDR SUMMIT","og_description":"Te presentamos informaci\u00f3n sobre fechas y horarios estimados para la pr\u00f3xima edici\u00f3n del 4K Summit 2018 celebrada en M\u00e1laga.","og_url":"https:\/\/www.4ksummit.com\/es\/agenda\/","og_site_name":"4K-HDR SUMMIT","article_modified_time":"2018-11-05T16:39:15+00:00","twitter_card":"summary_large_image","twitter_misc":{"Tiempo de lectura":"2 minutos"},"schema":{"@context":"https:\/\/schema.org","@graph":[{"@type":"WebPage","@id":"https:\/\/www.4ksummit.com\/es\/agenda\/","url":"https:\/\/www.4ksummit.com\/es\/agenda\/","name":"AGENDA - 4K-HDR SUMMIT","isPartOf":{"@id":"https:\/\/www.4ksummit.com\/#website"},"datePublished":"2018-09-13T08:21:42+00:00","dateModified":"2018-11-05T16:39:15+00:00","description":"Te presentamos informaci\u00f3n sobre fechas y horarios estimados para la pr\u00f3xima edici\u00f3n del 4K Summit 2018 celebrada en M\u00e1laga.","breadcrumb":{"@id":"https:\/\/www.4ksummit.com\/es\/agenda\/#breadcrumb"},"inLanguage":"es","potentialAction":[{"@type":"ReadAction","target":["https:\/\/www.4ksummit.com\/es\/agenda\/"]}]},{"@type":"BreadcrumbList","@id":"https:\/\/www.4ksummit.com\/es\/agenda\/#breadcrumb","itemListElement":[{"@type":"ListItem","position":1,"name":"Portada","item":"https:\/\/www.4ksummit.com\/es\/"},{"@type":"ListItem","position":2,"name":"AGENDA"}]},{"@type":"WebSite","@id":"https:\/\/www.4ksummit.com\/#website","url":"https:\/\/www.4ksummit.com\/","name":"4K-HDR SUMMIT","description":"2018","publisher":{"@id":"https:\/\/www.4ksummit.com\/#organization"},"potentialAction":[{"@type":"SearchAction","target":{"@type":"EntryPoint","urlTemplate":"https:\/\/www.4ksummit.com\/?s={search_term_string}"},"query-input":{"@type":"PropertyValueSpecification","valueRequired":true,"valueName":"search_term_string"}}],"inLanguage":"es"},{"@type":"Organization","@id":"https:\/\/www.4ksummit.com\/#organization","name":"4K-UHD SUMMIT","url":"https:\/\/www.4ksummit.com\/","logo":{"@type":"ImageObject","inLanguage":"es","@id":"https:\/\/www.4ksummit.com\/#\/schema\/logo\/image\/","url":"https:\/\/www.4ksummit.com\/wp-content\/uploads\/2020\/05\/4ksummit.png","contentUrl":"https:\/\/www.4ksummit.com\/wp-content\/uploads\/2020\/05\/4ksummit.png","width":600,"height":246,"caption":"4K-UHD SUMMIT"},"image":{"@id":"https:\/\/www.4ksummit.com\/#\/schema\/logo\/image\/"}}]}},"_links":{"self":[{"href":"https:\/\/www.4ksummit.com\/es\/wp-json\/wp\/v2\/pages\/1973","targetHints":{"allow":["GET"]}}],"collection":[{"href":"https:\/\/www.4ksummit.com\/es\/wp-json\/wp\/v2\/pages"}],"about":[{"href":"https:\/\/www.4ksummit.com\/es\/wp-json\/wp\/v2\/types\/page"}],"author":[{"embeddable":true,"href":"https:\/\/www.4ksummit.com\/es\/wp-json\/wp\/v2\/users\/2"}],"replies":[{"embeddable":true,"href":"https:\/\/www.4ksummit.com\/es\/wp-json\/wp\/v2\/comments?post=1973"}],"version-history":[{"count":0,"href":"https:\/\/www.4ksummit.com\/es\/wp-json\/wp\/v2\/pages\/1973\/revisions"}],"wp:attachment":[{"href":"https:\/\/www.4ksummit.com\/es\/wp-json\/wp\/v2\/media?parent=1973"}],"wp:term":[{"taxonomy":"category","embeddable":true,"href":"https:\/\/www.4ksummit.com\/es\/wp-json\/wp\/v2\/categories?post=1973"},{"taxonomy":"post_tag","embeddable":true,"href":"https:\/\/www.4ksummit.com\/es\/wp-json\/wp\/v2\/tags?post=1973"},{"taxonomy":"edition","embeddable":true,"href":"https:\/\/www.4ksummit.com\/es\/wp-json\/wp\/v2\/edition?post=1973"}],"curies":[{"name":"wp","href":"https:\/\/api.w.org\/{rel}","templated":true}]}}