{"id":12353,"date":"2020-09-30T18:47:43","date_gmt":"2020-09-30T16:47:43","guid":{"rendered":"https:\/\/www.4ksummit.com\/?page_id=12353"},"modified":"2023-10-04T18:35:10","modified_gmt":"2023-10-04T16:35:10","slug":"registro","status":"publish","type":"page","link":"https:\/\/www.4ksummit.com\/es\/4k-hdr-summit-2020\/registro\/","title":{"rendered":"Registro"},"content":{"rendered":"<p>\u00danete a la <strong>4K HDR SUMMIT 2020<\/strong> y disfruta durante los d\u00edas <strong>17, 18 y 19 de noviembre<\/strong> de un evento activo y vibrante en el que profesionales y l\u00edderes de la industria del 4K y de los contenidos audiovisuales comparten sus \u00faltimas experiencias y proyectos inmediatos a trav\u00e9s de Conferencias Magistrales, Mesas Redonda, Proyecciones 4K, Networking de Alto Nivel, Demos y Talleres&#8230;en <strong>formato virtual.<\/strong><\/p>\n<p><strong>El horario de las conferencias ser\u00e1 de 09:00 a 14:00 CET aprox. y ser\u00e1n emitidas de nuevo de 9:00 a 14:00 PST.<\/strong><\/p>\n<h2 style=\"text-align: center;\"><strong>REGISTRO PROFESIONAL<\/strong><\/h2>\n<h3 style=\"text-align: center;\">PRECIO: 50\u20ac+iva<\/h3>\n<p style=\"text-align: center;\">*Suscr\u00edbete a nuestra newsletter y obt\u00e9n tu c\u00f3digo de <strong>20% de descuento<\/strong>.<\/p>\n<p>&nbsp;<\/p>\n<p>El registro incluye:<\/p>\n<ul>\n<li>Acceso a <strong>todas las sesiones por streaming<\/strong><\/li>\n<li>Acceso a <strong>todas las demos online<\/strong><\/li>\n<li>Acceso a tu propia herramienta de <strong>networking para poder conectar con los participantes y organizar v\u00eddeo-reuniones<\/strong><\/li>\n<li>Acceso a las conferencias de<strong> anteriores ediciones de la 4K HDR Summit 2020<\/strong><\/li>\n<\/ul>\n<p>Tambi\u00e9n podr\u00e1s <strong>personalizar tu cuenta y perfil<\/strong>, y tener <strong>acceso a las conferencias que te hayas perdido<\/strong>:<\/p>\n<ul>\n<li>Perfil propio y visible a todos los participantes del 4K HDR Summit 2020 para mayor \u00e9xito de networking<\/li>\n<li>Podr\u00e1s configurar cu\u00e1ndo est\u00e1s disponible para tener v\u00eddeo-reuniones<\/li>\n<li>Las conferencias de la 4K HDR Summit 2020 \u00a0estar\u00e1n disponibles por VOD nada m\u00e1s haberse emitido.<\/li>\n<\/ul>\n<p>&nbsp;<\/p>\n<h2 style=\"text-align: center;\">[bs_collapse id=\u00bbcollapse_06d8-a90d\u00bb][bs_citem title=\u00bb(+) REG\u00cdSTRATE &#8211; INSCRIPCI\u00d3N PROFESIONAL\u00bb id=\u00bbcitem_5671-a004&#8243; parent=\u00bbcollapse_06d8-a90d\u00bb]<br \/>\n<iframe loading=\"lazy\" src=\"https:\/\/tpv.4ksummit.com\/Registro2017.aspx?idp=c16a5320fa475530d9583c34fd356ef5\" width=\"100%\" height=\"1400\" frameborder=\"0\" scrolling=\"no\" allowfullscreen=\"allowfullscreen\"><\/iframe><\/h2>\n<p style=\"text-align: center;\">[\/bs_citem][\/bs_collapse]<\/p>\n<hr \/>\n<h2 style=\"text-align: left;\">Demo Area Online<\/h2>\n<p style=\"text-align: left;\">Si quieres <strong>visitar las demos y webinars GRATIS<\/strong>, reg\u00edstrate <a href=\"https:\/\/www.4ksummit.com\/es\/4k-hdr-summit-2023\/registro\/demos\/\" target=\"_blank\" rel=\"noopener noreferrer\">aqu\u00ed<\/a><\/p>\n<p style=\"text-align: left;\">(este registro no incluye acceso a las conferencias de la 4K Summit).<\/p>\n<hr \/>\n<h2 style=\"text-align: left;\">Registro para Prensa &amp; Medios<\/h2>\n<p style=\"text-align: left;\">Si quieres registrarte como medio o periodista escribe un <strong>correo electr\u00f3nico<\/strong> a maria@medinamediaevents.com<\/p>\n","protected":false},"excerpt":{"rendered":"<p>\u00danete a la 4K HDR SUMMIT 2020 y disfruta durante los d\u00edas 17, 18 y 19 de noviembre de un evento activo y vibrante en el que profesionales y l\u00edderes de la industria del 4K y de los contenidos audiovisuales comparten sus \u00faltimas experiencias y proyectos inmediatos a trav\u00e9s de Conferencias Magistrales, Mesas Redonda, Proyecciones [&hellip;]<\/p>\n","protected":false},"author":4,"featured_media":0,"parent":12258,"menu_order":2,"comment_status":"closed","ping_status":"closed","template":"","meta":{"_acf_changed":false,"footnotes":""},"categories":[245],"tags":[88,196],"edition":[218],"class_list":["post-12353","page","type-page","status-publish","hentry","category-2020-es","tag-2020-es","tag-2020-es-2","edition-2020-es"],"acf":[],"yoast_head":"<!-- This site is optimized with the Yoast SEO plugin v27.5 - https:\/\/yoast.com\/product\/yoast-seo-wordpress\/ -->\n<title>Registro - 4K-HDR SUMMIT<\/title>\n<meta name=\"robots\" content=\"index, follow, max-snippet:-1, max-image-preview:large, max-video-preview:-1\" \/>\n<link rel=\"canonical\" href=\"https:\/\/www.4ksummit.com\/es\/4k-hdr-summit-2020\/registro\/\" \/>\n<meta property=\"og:locale\" content=\"es_ES\" \/>\n<meta property=\"og:type\" content=\"article\" \/>\n<meta property=\"og:title\" content=\"Registro - 4K-HDR SUMMIT\" \/>\n<meta property=\"og:description\" content=\"\u00danete a la 4K HDR SUMMIT 2020 y disfruta durante los d\u00edas 17, 18 y 19 de noviembre de un evento activo y vibrante en el que profesionales y l\u00edderes de la industria del 4K y de los contenidos audiovisuales comparten sus \u00faltimas experiencias y proyectos inmediatos a trav\u00e9s de Conferencias Magistrales, Mesas Redonda, Proyecciones [&hellip;]\" \/>\n<meta property=\"og:url\" content=\"https:\/\/www.4ksummit.com\/es\/4k-hdr-summit-2020\/registro\/\" \/>\n<meta property=\"og:site_name\" content=\"4K-HDR SUMMIT\" \/>\n<meta property=\"article:modified_time\" content=\"2023-10-04T16:35:10+00:00\" \/>\n<meta name=\"twitter:card\" content=\"summary_large_image\" \/>\n<meta name=\"twitter:label1\" content=\"Tiempo de lectura\" \/>\n\t<meta name=\"twitter:data1\" content=\"1 minuto\" \/>\n<script type=\"application\/ld+json\" class=\"yoast-schema-graph\">{\"@context\":\"https:\\\/\\\/schema.org\",\"@graph\":[{\"@type\":\"WebPage\",\"@id\":\"https:\\\/\\\/www.4ksummit.com\\\/es\\\/4k-hdr-summit-2020\\\/registro\\\/\",\"url\":\"https:\\\/\\\/www.4ksummit.com\\\/es\\\/4k-hdr-summit-2020\\\/registro\\\/\",\"name\":\"Registro - 4K-HDR SUMMIT\",\"isPartOf\":{\"@id\":\"https:\\\/\\\/www.4ksummit.com\\\/#website\"},\"datePublished\":\"2020-09-30T16:47:43+00:00\",\"dateModified\":\"2023-10-04T16:35:10+00:00\",\"breadcrumb\":{\"@id\":\"https:\\\/\\\/www.4ksummit.com\\\/es\\\/4k-hdr-summit-2020\\\/registro\\\/#breadcrumb\"},\"inLanguage\":\"es\",\"potentialAction\":[{\"@type\":\"ReadAction\",\"target\":[\"https:\\\/\\\/www.4ksummit.com\\\/es\\\/4k-hdr-summit-2020\\\/registro\\\/\"]}]},{\"@type\":\"BreadcrumbList\",\"@id\":\"https:\\\/\\\/www.4ksummit.com\\\/es\\\/4k-hdr-summit-2020\\\/registro\\\/#breadcrumb\",\"itemListElement\":[{\"@type\":\"ListItem\",\"position\":1,\"name\":\"Portada\",\"item\":\"https:\\\/\\\/www.4ksummit.com\\\/es\\\/\"},{\"@type\":\"ListItem\",\"position\":2,\"name\":\"4K-HDR SUMMIT 2020\",\"item\":\"https:\\\/\\\/www.4ksummit.com\\\/es\\\/4k-hdr-summit-2020\\\/\"},{\"@type\":\"ListItem\",\"position\":3,\"name\":\"Registro\"}]},{\"@type\":\"WebSite\",\"@id\":\"https:\\\/\\\/www.4ksummit.com\\\/#website\",\"url\":\"https:\\\/\\\/www.4ksummit.com\\\/\",\"name\":\"4K-HDR SUMMIT\",\"description\":\"2018\",\"publisher\":{\"@id\":\"https:\\\/\\\/www.4ksummit.com\\\/#organization\"},\"potentialAction\":[{\"@type\":\"SearchAction\",\"target\":{\"@type\":\"EntryPoint\",\"urlTemplate\":\"https:\\\/\\\/www.4ksummit.com\\\/?s={search_term_string}\"},\"query-input\":{\"@type\":\"PropertyValueSpecification\",\"valueRequired\":true,\"valueName\":\"search_term_string\"}}],\"inLanguage\":\"es\"},{\"@type\":\"Organization\",\"@id\":\"https:\\\/\\\/www.4ksummit.com\\\/#organization\",\"name\":\"4K-UHD SUMMIT\",\"url\":\"https:\\\/\\\/www.4ksummit.com\\\/\",\"logo\":{\"@type\":\"ImageObject\",\"inLanguage\":\"es\",\"@id\":\"https:\\\/\\\/www.4ksummit.com\\\/#\\\/schema\\\/logo\\\/image\\\/\",\"url\":\"https:\\\/\\\/www.4ksummit.com\\\/wp-content\\\/uploads\\\/2020\\\/05\\\/4ksummit.png\",\"contentUrl\":\"https:\\\/\\\/www.4ksummit.com\\\/wp-content\\\/uploads\\\/2020\\\/05\\\/4ksummit.png\",\"width\":600,\"height\":246,\"caption\":\"4K-UHD SUMMIT\"},\"image\":{\"@id\":\"https:\\\/\\\/www.4ksummit.com\\\/#\\\/schema\\\/logo\\\/image\\\/\"}}]}<\/script>\n<!-- \/ Yoast SEO plugin. -->","yoast_head_json":{"title":"Registro - 4K-HDR SUMMIT","robots":{"index":"index","follow":"follow","max-snippet":"max-snippet:-1","max-image-preview":"max-image-preview:large","max-video-preview":"max-video-preview:-1"},"canonical":"https:\/\/www.4ksummit.com\/es\/4k-hdr-summit-2020\/registro\/","og_locale":"es_ES","og_type":"article","og_title":"Registro - 4K-HDR SUMMIT","og_description":"\u00danete a la 4K HDR SUMMIT 2020 y disfruta durante los d\u00edas 17, 18 y 19 de noviembre de un evento activo y vibrante en el que profesionales y l\u00edderes de la industria del 4K y de los contenidos audiovisuales comparten sus \u00faltimas experiencias y proyectos inmediatos a trav\u00e9s de Conferencias Magistrales, Mesas Redonda, Proyecciones [&hellip;]","og_url":"https:\/\/www.4ksummit.com\/es\/4k-hdr-summit-2020\/registro\/","og_site_name":"4K-HDR SUMMIT","article_modified_time":"2023-10-04T16:35:10+00:00","twitter_card":"summary_large_image","twitter_misc":{"Tiempo de lectura":"1 minuto"},"schema":{"@context":"https:\/\/schema.org","@graph":[{"@type":"WebPage","@id":"https:\/\/www.4ksummit.com\/es\/4k-hdr-summit-2020\/registro\/","url":"https:\/\/www.4ksummit.com\/es\/4k-hdr-summit-2020\/registro\/","name":"Registro - 4K-HDR SUMMIT","isPartOf":{"@id":"https:\/\/www.4ksummit.com\/#website"},"datePublished":"2020-09-30T16:47:43+00:00","dateModified":"2023-10-04T16:35:10+00:00","breadcrumb":{"@id":"https:\/\/www.4ksummit.com\/es\/4k-hdr-summit-2020\/registro\/#breadcrumb"},"inLanguage":"es","potentialAction":[{"@type":"ReadAction","target":["https:\/\/www.4ksummit.com\/es\/4k-hdr-summit-2020\/registro\/"]}]},{"@type":"BreadcrumbList","@id":"https:\/\/www.4ksummit.com\/es\/4k-hdr-summit-2020\/registro\/#breadcrumb","itemListElement":[{"@type":"ListItem","position":1,"name":"Portada","item":"https:\/\/www.4ksummit.com\/es\/"},{"@type":"ListItem","position":2,"name":"4K-HDR SUMMIT 2020","item":"https:\/\/www.4ksummit.com\/es\/4k-hdr-summit-2020\/"},{"@type":"ListItem","position":3,"name":"Registro"}]},{"@type":"WebSite","@id":"https:\/\/www.4ksummit.com\/#website","url":"https:\/\/www.4ksummit.com\/","name":"4K-HDR SUMMIT","description":"2018","publisher":{"@id":"https:\/\/www.4ksummit.com\/#organization"},"potentialAction":[{"@type":"SearchAction","target":{"@type":"EntryPoint","urlTemplate":"https:\/\/www.4ksummit.com\/?s={search_term_string}"},"query-input":{"@type":"PropertyValueSpecification","valueRequired":true,"valueName":"search_term_string"}}],"inLanguage":"es"},{"@type":"Organization","@id":"https:\/\/www.4ksummit.com\/#organization","name":"4K-UHD SUMMIT","url":"https:\/\/www.4ksummit.com\/","logo":{"@type":"ImageObject","inLanguage":"es","@id":"https:\/\/www.4ksummit.com\/#\/schema\/logo\/image\/","url":"https:\/\/www.4ksummit.com\/wp-content\/uploads\/2020\/05\/4ksummit.png","contentUrl":"https:\/\/www.4ksummit.com\/wp-content\/uploads\/2020\/05\/4ksummit.png","width":600,"height":246,"caption":"4K-UHD SUMMIT"},"image":{"@id":"https:\/\/www.4ksummit.com\/#\/schema\/logo\/image\/"}}]}},"_links":{"self":[{"href":"https:\/\/www.4ksummit.com\/es\/wp-json\/wp\/v2\/pages\/12353","targetHints":{"allow":["GET"]}}],"collection":[{"href":"https:\/\/www.4ksummit.com\/es\/wp-json\/wp\/v2\/pages"}],"about":[{"href":"https:\/\/www.4ksummit.com\/es\/wp-json\/wp\/v2\/types\/page"}],"author":[{"embeddable":true,"href":"https:\/\/www.4ksummit.com\/es\/wp-json\/wp\/v2\/users\/4"}],"replies":[{"embeddable":true,"href":"https:\/\/www.4ksummit.com\/es\/wp-json\/wp\/v2\/comments?post=12353"}],"version-history":[{"count":0,"href":"https:\/\/www.4ksummit.com\/es\/wp-json\/wp\/v2\/pages\/12353\/revisions"}],"up":[{"embeddable":true,"href":"https:\/\/www.4ksummit.com\/es\/wp-json\/wp\/v2\/pages\/12258"}],"wp:attachment":[{"href":"https:\/\/www.4ksummit.com\/es\/wp-json\/wp\/v2\/media?parent=12353"}],"wp:term":[{"taxonomy":"category","embeddable":true,"href":"https:\/\/www.4ksummit.com\/es\/wp-json\/wp\/v2\/categories?post=12353"},{"taxonomy":"post_tag","embeddable":true,"href":"https:\/\/www.4ksummit.com\/es\/wp-json\/wp\/v2\/tags?post=12353"},{"taxonomy":"edition","embeddable":true,"href":"https:\/\/www.4ksummit.com\/es\/wp-json\/wp\/v2\/edition?post=12353"}],"curies":[{"name":"wp","href":"https:\/\/api.w.org\/{rel}","templated":true}]}}