{"id":12229,"date":"2020-09-27T21:31:39","date_gmt":"2020-09-27T19:31:39","guid":{"rendered":"https:\/\/www.4ksummit.com\/?page_id=12229"},"modified":"2024-10-16T14:45:09","modified_gmt":"2024-10-16T12:45:09","slug":"4k-hdr-summit-2019","status":"publish","type":"page","link":"https:\/\/www.4ksummit.com\/es\/4k-hdr-summit-2019\/","title":{"rendered":"4K-HDR SUMMIT 2019"},"content":{"rendered":"<div class=\"video-container\"><iframe loading=\"lazy\" title=\"DEMO RESUMEN 4KSUMMIT18\" src=\"https:\/\/player.vimeo.com\/video\/300752402?dnt=1&amp;app_id=122963\" width=\"500\" height=\"281\" frameborder=\"0\" allow=\"autoplay; fullscreen; picture-in-picture; clipboard-write\"><\/iframe><\/div>\n<hr \/>\n<p style=\"text-align: center;\"><a class=\"btn btn-primary brighten\" href=\"https:\/\/drive.google.com\/file\/d\/1JL-4t4O1A3VvTUgMKTKW5yaIRuPfTMZ5\/view\" rel=\"noopener\">VER AGENDA 2019<\/a> <a class=\"btn btn-primary brighten\" href=\"https:\/\/www.4ksummit.com\/wp-content\/uploads\/2019\/11\/DOSSIER-DEMOS-4KS19_C.pdf\" target=\"_blank\" rel=\"noopener\">VER DEMOS 2019<\/a> <a class=\"btn btn-primary brighten\" href=\"https:\/\/www.4ksummit.com\/es\/4khdr-summit-2019\/speakers-2019\/\" rel=\"noopener\">VER SPEAKERS 2019<\/a><\/p>\n<p>&nbsp;<\/p>\n<p><strong>LA 4K SUMMIT 2019<\/strong>\u00a0<strong>EN CIFRAS<\/strong><\/p>\n<ul>\n<li style=\"list-style-type: none;\">\n<ul>\n<li>Hasta <strong>20 pa\u00edses estuvieron representados mediante compa\u00f1\u00edas, profesionales y asistentes:<\/strong> Estados Unidos, Jap\u00f3n, Gran Breta\u00f1a, Alemania, Francia, Italia, Suiza, Turqu\u00eda y Espa\u00f1a.<\/li>\n<\/ul>\n<\/li>\n<\/ul>\n<ul>\n<li><strong>29 SPONSORS\u00a0<\/strong><\/li>\n<li><strong>300 ASISTENTES DIARIOS<\/strong><\/li>\n<li><strong>120 EMPRESAS PARTICIPANTES<\/strong><\/li>\n<\/ul>\n<p>La 4K Summit 2018 ha contado con <strong>los mejores conferenciantes internacionales del 4K<\/strong>, quienes aportaron su visi\u00f3n sobre los temas m\u00e1s candentes de esta industria.<\/p>\n<p style=\"text-align: center;\"><a class=\"btn btn-primary brighten\" href=\"https:\/\/www.4ksummit.com\/wp-content\/uploads\/2019\/11\/Review-General-4KSUMMIT_ESP.pdf\" target=\"_blank\" rel=\"noopener\">VER REVIEW 2019<\/a><\/p>\n<p>Meses antes de la <strong>4K Summit<\/strong> nuestros <strong>Media Partners y equipo de Community Management<\/strong> comienzan a hacerse eco de la celebraci\u00f3n de este encuentro internacional, obteniendo una <strong>importante repercusi\u00f3n tanto en medios online, como en televisi\u00f3n, radio y prensa<\/strong>.<\/p>\n<p style=\"text-align: center;\"><a class=\"btn btn-primary brighten\" href=\"https:\/\/www.4ksummit.com\/wp-content\/uploads\/2019\/11\/IMPACTO-MEDIATICO-4KS19.pdf\" target=\"_blank\" rel=\"noopener\">IMPACTO MEDI\u00c1TICO 2019<\/a> <a class=\"btn btn-primary brighten\" href=\"https:\/\/www.4ksummit.com\/wp-content\/uploads\/2019\/11\/CLIPPING-PRENSA-4KS19.pdf\" target=\"_blank\" rel=\"noopener\">CLIPPING PRENSA 2019<\/a><\/p>\n<p>Si quieres ver una retrospectiva en im\u00e1genes de este exclusivo encuentro en el que se re\u00fanen \u00abtop engineers\u00bb y \u00abtop content producers\u00bb del 4K durante 3 d\u00edas, las ponencias, mesas redondas, Demo Area y sesiones de networking, visita nuestra galer\u00eda de im\u00e1genes de la 4KSummit 2019.<\/p>\n<p style=\"text-align: center;\"><a class=\"btn btn-primary brighten\" href=\"https:\/\/www.flickr.com\/photos\/185523998@N07\/\" target=\"_blank\" rel=\"noopener\">GALER\u00cdA IM\u00c1GENES 2019<\/a><\/p>\n<h2><small>Sponsors<\/small><\/h2>\n<hr \/>\n<p><img loading=\"lazy\" decoding=\"async\" class=\"aligncenter wp-image-2896 \" src=\"https:\/\/www.4ksummit.com\/wp-content\/uploads\/2018\/10\/samsung-e1601235542116.png\" alt=\"\" width=\"370\" height=\"85\" \/><\/p>\n<p>&nbsp;<\/p>\n<p><img loading=\"lazy\" decoding=\"async\" class=\"wp-image-8662 size-full aligncenter\" src=\"https:\/\/www.4ksummit.com\/wp-content\/uploads\/2019\/10\/gold_24102019.png\" alt=\"\" width=\"891\" height=\"174\" srcset=\"https:\/\/www.4ksummit.com\/wp-content\/uploads\/2019\/10\/gold_24102019.png 891w, https:\/\/www.4ksummit.com\/wp-content\/uploads\/2019\/10\/gold_24102019-300x59.png 300w, https:\/\/www.4ksummit.com\/wp-content\/uploads\/2019\/10\/gold_24102019-768x150.png 768w\" sizes=\"(max-width: 891px) 100vw, 891px\" \/><\/p>\n<p><img loading=\"lazy\" decoding=\"async\" class=\"alignnone wp-image-8667 size-full\" src=\"https:\/\/www.4ksummit.com\/wp-content\/uploads\/2019\/10\/silver_24102019.png\" alt=\"\" width=\"1806\" height=\"400\" srcset=\"https:\/\/www.4ksummit.com\/wp-content\/uploads\/2019\/10\/silver_24102019.png 1806w, https:\/\/www.4ksummit.com\/wp-content\/uploads\/2019\/10\/silver_24102019-300x66.png 300w, https:\/\/www.4ksummit.com\/wp-content\/uploads\/2019\/10\/silver_24102019-768x170.png 768w, https:\/\/www.4ksummit.com\/wp-content\/uploads\/2019\/10\/silver_24102019-1024x227.png 1024w\" sizes=\"(max-width: 1806px) 100vw, 1806px\" \/><\/p>\n<p><img loading=\"lazy\" decoding=\"async\" class=\"wp-image-8655 size-full aligncenter\" src=\"https:\/\/www.4ksummit.com\/wp-content\/uploads\/2019\/10\/collaborators_24102019.png\" alt=\"\" width=\"520\" height=\"219\" srcset=\"https:\/\/www.4ksummit.com\/wp-content\/uploads\/2019\/10\/collaborators_24102019.png 520w, https:\/\/www.4ksummit.com\/wp-content\/uploads\/2019\/10\/collaborators_24102019-300x126.png 300w\" sizes=\"(max-width: 520px) 100vw, 520px\" \/><\/p>\n<p><img loading=\"lazy\" decoding=\"async\" class=\"alignnone wp-image-8752 size-full\" src=\"https:\/\/www.4ksummit.com\/wp-content\/uploads\/2019\/10\/media-partner_28102019.png\" alt=\"\" width=\"903\" height=\"332\" srcset=\"https:\/\/www.4ksummit.com\/wp-content\/uploads\/2019\/10\/media-partner_28102019.png 903w, https:\/\/www.4ksummit.com\/wp-content\/uploads\/2019\/10\/media-partner_28102019-300x110.png 300w, https:\/\/www.4ksummit.com\/wp-content\/uploads\/2019\/10\/media-partner_28102019-768x282.png 768w\" sizes=\"(max-width: 903px) 100vw, 903px\" \/><\/p>\n<p>&nbsp;<\/p>\n","protected":false},"excerpt":{"rendered":"<p>VER AGENDA 2019 VER DEMOS 2019 VER SPEAKERS 2019 &nbsp; LA 4K SUMMIT 2019\u00a0EN CIFRAS Hasta 20 pa\u00edses estuvieron representados mediante compa\u00f1\u00edas, profesionales y asistentes: Estados Unidos, Jap\u00f3n, Gran Breta\u00f1a, Alemania, Francia, Italia, Suiza, Turqu\u00eda y Espa\u00f1a. 29 SPONSORS\u00a0 300 ASISTENTES DIARIOS 120 EMPRESAS PARTICIPANTES La 4K Summit 2018 ha contado con los mejores conferenciantes [&hellip;]<\/p>\n","protected":false},"author":4,"featured_media":0,"parent":0,"menu_order":4,"comment_status":"closed","ping_status":"closed","template":"","meta":{"_acf_changed":false,"footnotes":""},"categories":[],"tags":[],"edition":[],"class_list":["post-12229","page","type-page","status-publish","hentry"],"acf":[],"yoast_head":"<!-- This site is optimized with the Yoast SEO plugin v27.5 - https:\/\/yoast.com\/product\/yoast-seo-wordpress\/ -->\n<title>4K-HDR SUMMIT 2019 - 4K-HDR SUMMIT<\/title>\n<meta name=\"robots\" content=\"index, follow, max-snippet:-1, max-image-preview:large, max-video-preview:-1\" \/>\n<link rel=\"canonical\" href=\"https:\/\/www.4ksummit.com\/es\/4k-hdr-summit-2019\/\" \/>\n<meta property=\"og:locale\" content=\"es_ES\" \/>\n<meta property=\"og:type\" content=\"article\" \/>\n<meta property=\"og:title\" content=\"4K-HDR SUMMIT 2019 - 4K-HDR SUMMIT\" \/>\n<meta property=\"og:description\" content=\"VER AGENDA 2019 VER DEMOS 2019 VER SPEAKERS 2019 &nbsp; LA 4K SUMMIT 2019\u00a0EN CIFRAS Hasta 20 pa\u00edses estuvieron representados mediante compa\u00f1\u00edas, profesionales y asistentes: Estados Unidos, Jap\u00f3n, Gran Breta\u00f1a, Alemania, Francia, Italia, Suiza, Turqu\u00eda y Espa\u00f1a. 29 SPONSORS\u00a0 300 ASISTENTES DIARIOS 120 EMPRESAS PARTICIPANTES La 4K Summit 2018 ha contado con los mejores conferenciantes [&hellip;]\" \/>\n<meta property=\"og:url\" content=\"https:\/\/www.4ksummit.com\/es\/4k-hdr-summit-2019\/\" \/>\n<meta property=\"og:site_name\" content=\"4K-HDR SUMMIT\" \/>\n<meta property=\"article:modified_time\" content=\"2024-10-16T12:45:09+00:00\" \/>\n<meta property=\"og:image\" content=\"https:\/\/www.4ksummit.com\/wp-content\/uploads\/2018\/10\/samsung-e1601235542116.png\" \/>\n\t<meta property=\"og:image:width\" content=\"300\" \/>\n\t<meta property=\"og:image:height\" content=\"69\" \/>\n\t<meta property=\"og:image:type\" content=\"image\/png\" \/>\n<meta name=\"twitter:card\" content=\"summary_large_image\" \/>\n<meta name=\"twitter:label1\" content=\"Tiempo de lectura\" \/>\n\t<meta name=\"twitter:data1\" content=\"2 minutos\" \/>\n<script type=\"application\/ld+json\" class=\"yoast-schema-graph\">{\"@context\":\"https:\\\/\\\/schema.org\",\"@graph\":[{\"@type\":\"WebPage\",\"@id\":\"https:\\\/\\\/www.4ksummit.com\\\/es\\\/4k-hdr-summit-2019\\\/\",\"url\":\"https:\\\/\\\/www.4ksummit.com\\\/es\\\/4k-hdr-summit-2019\\\/\",\"name\":\"4K-HDR SUMMIT 2019 - 4K-HDR SUMMIT\",\"isPartOf\":{\"@id\":\"https:\\\/\\\/www.4ksummit.com\\\/#website\"},\"primaryImageOfPage\":{\"@id\":\"https:\\\/\\\/www.4ksummit.com\\\/es\\\/4k-hdr-summit-2019\\\/#primaryimage\"},\"image\":{\"@id\":\"https:\\\/\\\/www.4ksummit.com\\\/es\\\/4k-hdr-summit-2019\\\/#primaryimage\"},\"thumbnailUrl\":\"https:\\\/\\\/www.4ksummit.com\\\/wp-content\\\/uploads\\\/2018\\\/10\\\/samsung-e1601235542116.png\",\"datePublished\":\"2020-09-27T19:31:39+00:00\",\"dateModified\":\"2024-10-16T12:45:09+00:00\",\"breadcrumb\":{\"@id\":\"https:\\\/\\\/www.4ksummit.com\\\/es\\\/4k-hdr-summit-2019\\\/#breadcrumb\"},\"inLanguage\":\"es\",\"potentialAction\":[{\"@type\":\"ReadAction\",\"target\":[\"https:\\\/\\\/www.4ksummit.com\\\/es\\\/4k-hdr-summit-2019\\\/\"]}]},{\"@type\":\"ImageObject\",\"inLanguage\":\"es\",\"@id\":\"https:\\\/\\\/www.4ksummit.com\\\/es\\\/4k-hdr-summit-2019\\\/#primaryimage\",\"url\":\"https:\\\/\\\/www.4ksummit.com\\\/wp-content\\\/uploads\\\/2018\\\/10\\\/samsung-e1601235542116.png\",\"contentUrl\":\"https:\\\/\\\/www.4ksummit.com\\\/wp-content\\\/uploads\\\/2018\\\/10\\\/samsung-e1601235542116.png\"},{\"@type\":\"BreadcrumbList\",\"@id\":\"https:\\\/\\\/www.4ksummit.com\\\/es\\\/4k-hdr-summit-2019\\\/#breadcrumb\",\"itemListElement\":[{\"@type\":\"ListItem\",\"position\":1,\"name\":\"Portada\",\"item\":\"https:\\\/\\\/www.4ksummit.com\\\/es\\\/\"},{\"@type\":\"ListItem\",\"position\":2,\"name\":\"4K-HDR SUMMIT 2019\"}]},{\"@type\":\"WebSite\",\"@id\":\"https:\\\/\\\/www.4ksummit.com\\\/#website\",\"url\":\"https:\\\/\\\/www.4ksummit.com\\\/\",\"name\":\"4K-HDR SUMMIT\",\"description\":\"2018\",\"publisher\":{\"@id\":\"https:\\\/\\\/www.4ksummit.com\\\/#organization\"},\"potentialAction\":[{\"@type\":\"SearchAction\",\"target\":{\"@type\":\"EntryPoint\",\"urlTemplate\":\"https:\\\/\\\/www.4ksummit.com\\\/?s={search_term_string}\"},\"query-input\":{\"@type\":\"PropertyValueSpecification\",\"valueRequired\":true,\"valueName\":\"search_term_string\"}}],\"inLanguage\":\"es\"},{\"@type\":\"Organization\",\"@id\":\"https:\\\/\\\/www.4ksummit.com\\\/#organization\",\"name\":\"4K-UHD SUMMIT\",\"url\":\"https:\\\/\\\/www.4ksummit.com\\\/\",\"logo\":{\"@type\":\"ImageObject\",\"inLanguage\":\"es\",\"@id\":\"https:\\\/\\\/www.4ksummit.com\\\/#\\\/schema\\\/logo\\\/image\\\/\",\"url\":\"https:\\\/\\\/www.4ksummit.com\\\/wp-content\\\/uploads\\\/2020\\\/05\\\/4ksummit.png\",\"contentUrl\":\"https:\\\/\\\/www.4ksummit.com\\\/wp-content\\\/uploads\\\/2020\\\/05\\\/4ksummit.png\",\"width\":600,\"height\":246,\"caption\":\"4K-UHD SUMMIT\"},\"image\":{\"@id\":\"https:\\\/\\\/www.4ksummit.com\\\/#\\\/schema\\\/logo\\\/image\\\/\"}}]}<\/script>\n<!-- \/ Yoast SEO plugin. -->","yoast_head_json":{"title":"4K-HDR SUMMIT 2019 - 4K-HDR SUMMIT","robots":{"index":"index","follow":"follow","max-snippet":"max-snippet:-1","max-image-preview":"max-image-preview:large","max-video-preview":"max-video-preview:-1"},"canonical":"https:\/\/www.4ksummit.com\/es\/4k-hdr-summit-2019\/","og_locale":"es_ES","og_type":"article","og_title":"4K-HDR SUMMIT 2019 - 4K-HDR SUMMIT","og_description":"VER AGENDA 2019 VER DEMOS 2019 VER SPEAKERS 2019 &nbsp; LA 4K SUMMIT 2019\u00a0EN CIFRAS Hasta 20 pa\u00edses estuvieron representados mediante compa\u00f1\u00edas, profesionales y asistentes: Estados Unidos, Jap\u00f3n, Gran Breta\u00f1a, Alemania, Francia, Italia, Suiza, Turqu\u00eda y Espa\u00f1a. 29 SPONSORS\u00a0 300 ASISTENTES DIARIOS 120 EMPRESAS PARTICIPANTES La 4K Summit 2018 ha contado con los mejores conferenciantes [&hellip;]","og_url":"https:\/\/www.4ksummit.com\/es\/4k-hdr-summit-2019\/","og_site_name":"4K-HDR SUMMIT","article_modified_time":"2024-10-16T12:45:09+00:00","og_image":[{"width":300,"height":69,"url":"https:\/\/www.4ksummit.com\/wp-content\/uploads\/2018\/10\/samsung-e1601235542116.png","type":"image\/png"}],"twitter_card":"summary_large_image","twitter_misc":{"Tiempo de lectura":"2 minutos"},"schema":{"@context":"https:\/\/schema.org","@graph":[{"@type":"WebPage","@id":"https:\/\/www.4ksummit.com\/es\/4k-hdr-summit-2019\/","url":"https:\/\/www.4ksummit.com\/es\/4k-hdr-summit-2019\/","name":"4K-HDR SUMMIT 2019 - 4K-HDR SUMMIT","isPartOf":{"@id":"https:\/\/www.4ksummit.com\/#website"},"primaryImageOfPage":{"@id":"https:\/\/www.4ksummit.com\/es\/4k-hdr-summit-2019\/#primaryimage"},"image":{"@id":"https:\/\/www.4ksummit.com\/es\/4k-hdr-summit-2019\/#primaryimage"},"thumbnailUrl":"https:\/\/www.4ksummit.com\/wp-content\/uploads\/2018\/10\/samsung-e1601235542116.png","datePublished":"2020-09-27T19:31:39+00:00","dateModified":"2024-10-16T12:45:09+00:00","breadcrumb":{"@id":"https:\/\/www.4ksummit.com\/es\/4k-hdr-summit-2019\/#breadcrumb"},"inLanguage":"es","potentialAction":[{"@type":"ReadAction","target":["https:\/\/www.4ksummit.com\/es\/4k-hdr-summit-2019\/"]}]},{"@type":"ImageObject","inLanguage":"es","@id":"https:\/\/www.4ksummit.com\/es\/4k-hdr-summit-2019\/#primaryimage","url":"https:\/\/www.4ksummit.com\/wp-content\/uploads\/2018\/10\/samsung-e1601235542116.png","contentUrl":"https:\/\/www.4ksummit.com\/wp-content\/uploads\/2018\/10\/samsung-e1601235542116.png"},{"@type":"BreadcrumbList","@id":"https:\/\/www.4ksummit.com\/es\/4k-hdr-summit-2019\/#breadcrumb","itemListElement":[{"@type":"ListItem","position":1,"name":"Portada","item":"https:\/\/www.4ksummit.com\/es\/"},{"@type":"ListItem","position":2,"name":"4K-HDR SUMMIT 2019"}]},{"@type":"WebSite","@id":"https:\/\/www.4ksummit.com\/#website","url":"https:\/\/www.4ksummit.com\/","name":"4K-HDR SUMMIT","description":"2018","publisher":{"@id":"https:\/\/www.4ksummit.com\/#organization"},"potentialAction":[{"@type":"SearchAction","target":{"@type":"EntryPoint","urlTemplate":"https:\/\/www.4ksummit.com\/?s={search_term_string}"},"query-input":{"@type":"PropertyValueSpecification","valueRequired":true,"valueName":"search_term_string"}}],"inLanguage":"es"},{"@type":"Organization","@id":"https:\/\/www.4ksummit.com\/#organization","name":"4K-UHD SUMMIT","url":"https:\/\/www.4ksummit.com\/","logo":{"@type":"ImageObject","inLanguage":"es","@id":"https:\/\/www.4ksummit.com\/#\/schema\/logo\/image\/","url":"https:\/\/www.4ksummit.com\/wp-content\/uploads\/2020\/05\/4ksummit.png","contentUrl":"https:\/\/www.4ksummit.com\/wp-content\/uploads\/2020\/05\/4ksummit.png","width":600,"height":246,"caption":"4K-UHD SUMMIT"},"image":{"@id":"https:\/\/www.4ksummit.com\/#\/schema\/logo\/image\/"}}]}},"_links":{"self":[{"href":"https:\/\/www.4ksummit.com\/es\/wp-json\/wp\/v2\/pages\/12229","targetHints":{"allow":["GET"]}}],"collection":[{"href":"https:\/\/www.4ksummit.com\/es\/wp-json\/wp\/v2\/pages"}],"about":[{"href":"https:\/\/www.4ksummit.com\/es\/wp-json\/wp\/v2\/types\/page"}],"author":[{"embeddable":true,"href":"https:\/\/www.4ksummit.com\/es\/wp-json\/wp\/v2\/users\/4"}],"replies":[{"embeddable":true,"href":"https:\/\/www.4ksummit.com\/es\/wp-json\/wp\/v2\/comments?post=12229"}],"version-history":[{"count":3,"href":"https:\/\/www.4ksummit.com\/es\/wp-json\/wp\/v2\/pages\/12229\/revisions"}],"predecessor-version":[{"id":30872,"href":"https:\/\/www.4ksummit.com\/es\/wp-json\/wp\/v2\/pages\/12229\/revisions\/30872"}],"wp:attachment":[{"href":"https:\/\/www.4ksummit.com\/es\/wp-json\/wp\/v2\/media?parent=12229"}],"wp:term":[{"taxonomy":"category","embeddable":true,"href":"https:\/\/www.4ksummit.com\/es\/wp-json\/wp\/v2\/categories?post=12229"},{"taxonomy":"post_tag","embeddable":true,"href":"https:\/\/www.4ksummit.com\/es\/wp-json\/wp\/v2\/tags?post=12229"},{"taxonomy":"edition","embeddable":true,"href":"https:\/\/www.4ksummit.com\/es\/wp-json\/wp\/v2\/edition?post=12229"}],"curies":[{"name":"wp","href":"https:\/\/api.w.org\/{rel}","templated":true}]}}