{"id":1104,"date":"2017-04-27T11:37:03","date_gmt":"2017-04-27T11:37:03","guid":{"rendered":"https:\/\/www.4ksummit.com\/about-us\/"},"modified":"2024-10-03T13:52:07","modified_gmt":"2024-10-03T11:52:07","slug":"acerca-de","status":"publish","type":"page","link":"https:\/\/www.4ksummit.com\/es\/acerca-de\/","title":{"rendered":"Acerca de"},"content":{"rendered":"<p><img loading=\"lazy\" decoding=\"async\" class=\"size-full wp-image-651 aligncenter\" src=\"https:\/\/www.4ksummit.com\/wp-content\/uploads\/2016\/10\/medina-media.jpg\" alt=\"Medina Media - Logo\" width=\"300\" height=\"100\" \/><\/p>\n<p><strong>Medina Media<\/strong> fue fundada en 2004 por Ricardo Medina, su CEO, un reconocido profesional con m\u00e1s de 30 a\u00f1os de recorrido en televisi\u00f3n.<\/p>\n<p>En Medina Media apostamos por el futuro, por eso nos hemos convertido en pioneros en nuevos formatos que han permanecido en el aire durante muchos a\u00f1os -en canales nacionales y regionales- y produciendo en g\u00e9neros diversos, como docu-reality, travel show, espect\u00e1culos en directo, branded content, por mencionar algunos.<\/p>\n<p>Como empresa familiar, todos nuestros proyectos son el trabajo y la pasi\u00f3n de nuestra vida; la calidad del resultado final, nuestra principal preocupaci\u00f3n.<\/p>\n<p>Gracias al esp\u00edritu joven y vanguardista de nuestra productora, 4K se ha convertido en un elemento imprescindible para nosotros como caracter\u00edstica distintiva en el campo de la producci\u00f3n.<\/p>\n","protected":false},"excerpt":{"rendered":"<p>Medina Media fue fundada en 2004 por Ricardo Medina, su CEO, un reconocido profesional con m\u00e1s de 30 a\u00f1os de recorrido en televisi\u00f3n. En Medina Media apostamos por el futuro, por eso nos hemos convertido en pioneros en nuevos formatos que han permanecido en el aire durante muchos a\u00f1os -en canales nacionales y regionales- y [&hellip;]<\/p>\n","protected":false},"author":1,"featured_media":0,"parent":0,"menu_order":94,"comment_status":"closed","ping_status":"closed","template":"","meta":{"_acf_changed":false,"footnotes":""},"categories":[],"tags":[],"edition":[],"class_list":["post-1104","page","type-page","status-publish","hentry"],"acf":[],"yoast_head":"<!-- This site is optimized with the Yoast SEO plugin v27.5 - https:\/\/yoast.com\/product\/yoast-seo-wordpress\/ -->\n<title>Acerca de - 4K-HDR SUMMIT<\/title>\n<meta name=\"robots\" content=\"index, follow, max-snippet:-1, max-image-preview:large, max-video-preview:-1\" \/>\n<link rel=\"canonical\" href=\"https:\/\/www.4ksummit.com\/es\/acerca-de\/\" \/>\n<meta property=\"og:locale\" content=\"es_ES\" \/>\n<meta property=\"og:type\" content=\"article\" \/>\n<meta property=\"og:title\" content=\"Acerca de - 4K-HDR SUMMIT\" \/>\n<meta property=\"og:description\" content=\"Medina Media fue fundada en 2004 por Ricardo Medina, su CEO, un reconocido profesional con m\u00e1s de 30 a\u00f1os de recorrido en televisi\u00f3n. En Medina Media apostamos por el futuro, por eso nos hemos convertido en pioneros en nuevos formatos que han permanecido en el aire durante muchos a\u00f1os -en canales nacionales y regionales- y [&hellip;]\" \/>\n<meta property=\"og:url\" content=\"https:\/\/www.4ksummit.com\/es\/acerca-de\/\" \/>\n<meta property=\"og:site_name\" content=\"4K-HDR SUMMIT\" \/>\n<meta property=\"article:modified_time\" content=\"2024-10-03T11:52:07+00:00\" \/>\n<meta property=\"og:image\" content=\"https:\/\/www.4ksummit.com\/wp-content\/uploads\/2016\/10\/medina-media.jpg\" \/>\n<meta name=\"twitter:card\" content=\"summary_large_image\" \/>\n<meta name=\"twitter:label1\" content=\"Tiempo de lectura\" \/>\n\t<meta name=\"twitter:data1\" content=\"1 minuto\" \/>\n<script type=\"application\/ld+json\" class=\"yoast-schema-graph\">{\"@context\":\"https:\\\/\\\/schema.org\",\"@graph\":[{\"@type\":\"WebPage\",\"@id\":\"https:\\\/\\\/www.4ksummit.com\\\/es\\\/acerca-de\\\/\",\"url\":\"https:\\\/\\\/www.4ksummit.com\\\/es\\\/acerca-de\\\/\",\"name\":\"Acerca de - 4K-HDR SUMMIT\",\"isPartOf\":{\"@id\":\"https:\\\/\\\/www.4ksummit.com\\\/#website\"},\"primaryImageOfPage\":{\"@id\":\"https:\\\/\\\/www.4ksummit.com\\\/es\\\/acerca-de\\\/#primaryimage\"},\"image\":{\"@id\":\"https:\\\/\\\/www.4ksummit.com\\\/es\\\/acerca-de\\\/#primaryimage\"},\"thumbnailUrl\":\"https:\\\/\\\/www.4ksummit.com\\\/wp-content\\\/uploads\\\/2016\\\/10\\\/medina-media.jpg\",\"datePublished\":\"2017-04-27T11:37:03+00:00\",\"dateModified\":\"2024-10-03T11:52:07+00:00\",\"breadcrumb\":{\"@id\":\"https:\\\/\\\/www.4ksummit.com\\\/es\\\/acerca-de\\\/#breadcrumb\"},\"inLanguage\":\"es\",\"potentialAction\":[{\"@type\":\"ReadAction\",\"target\":[\"https:\\\/\\\/www.4ksummit.com\\\/es\\\/acerca-de\\\/\"]}]},{\"@type\":\"ImageObject\",\"inLanguage\":\"es\",\"@id\":\"https:\\\/\\\/www.4ksummit.com\\\/es\\\/acerca-de\\\/#primaryimage\",\"url\":\"https:\\\/\\\/www.4ksummit.com\\\/wp-content\\\/uploads\\\/2016\\\/10\\\/medina-media.jpg\",\"contentUrl\":\"https:\\\/\\\/www.4ksummit.com\\\/wp-content\\\/uploads\\\/2016\\\/10\\\/medina-media.jpg\"},{\"@type\":\"BreadcrumbList\",\"@id\":\"https:\\\/\\\/www.4ksummit.com\\\/es\\\/acerca-de\\\/#breadcrumb\",\"itemListElement\":[{\"@type\":\"ListItem\",\"position\":1,\"name\":\"Portada\",\"item\":\"https:\\\/\\\/www.4ksummit.com\\\/es\\\/\"},{\"@type\":\"ListItem\",\"position\":2,\"name\":\"Acerca de\"}]},{\"@type\":\"WebSite\",\"@id\":\"https:\\\/\\\/www.4ksummit.com\\\/#website\",\"url\":\"https:\\\/\\\/www.4ksummit.com\\\/\",\"name\":\"4K-HDR SUMMIT\",\"description\":\"2018\",\"publisher\":{\"@id\":\"https:\\\/\\\/www.4ksummit.com\\\/#organization\"},\"potentialAction\":[{\"@type\":\"SearchAction\",\"target\":{\"@type\":\"EntryPoint\",\"urlTemplate\":\"https:\\\/\\\/www.4ksummit.com\\\/?s={search_term_string}\"},\"query-input\":{\"@type\":\"PropertyValueSpecification\",\"valueRequired\":true,\"valueName\":\"search_term_string\"}}],\"inLanguage\":\"es\"},{\"@type\":\"Organization\",\"@id\":\"https:\\\/\\\/www.4ksummit.com\\\/#organization\",\"name\":\"4K-UHD SUMMIT\",\"url\":\"https:\\\/\\\/www.4ksummit.com\\\/\",\"logo\":{\"@type\":\"ImageObject\",\"inLanguage\":\"es\",\"@id\":\"https:\\\/\\\/www.4ksummit.com\\\/#\\\/schema\\\/logo\\\/image\\\/\",\"url\":\"https:\\\/\\\/www.4ksummit.com\\\/wp-content\\\/uploads\\\/2020\\\/05\\\/4ksummit.png\",\"contentUrl\":\"https:\\\/\\\/www.4ksummit.com\\\/wp-content\\\/uploads\\\/2020\\\/05\\\/4ksummit.png\",\"width\":600,\"height\":246,\"caption\":\"4K-UHD SUMMIT\"},\"image\":{\"@id\":\"https:\\\/\\\/www.4ksummit.com\\\/#\\\/schema\\\/logo\\\/image\\\/\"}}]}<\/script>\n<!-- \/ Yoast SEO plugin. -->","yoast_head_json":{"title":"Acerca de - 4K-HDR SUMMIT","robots":{"index":"index","follow":"follow","max-snippet":"max-snippet:-1","max-image-preview":"max-image-preview:large","max-video-preview":"max-video-preview:-1"},"canonical":"https:\/\/www.4ksummit.com\/es\/acerca-de\/","og_locale":"es_ES","og_type":"article","og_title":"Acerca de - 4K-HDR SUMMIT","og_description":"Medina Media fue fundada en 2004 por Ricardo Medina, su CEO, un reconocido profesional con m\u00e1s de 30 a\u00f1os de recorrido en televisi\u00f3n. En Medina Media apostamos por el futuro, por eso nos hemos convertido en pioneros en nuevos formatos que han permanecido en el aire durante muchos a\u00f1os -en canales nacionales y regionales- y [&hellip;]","og_url":"https:\/\/www.4ksummit.com\/es\/acerca-de\/","og_site_name":"4K-HDR SUMMIT","article_modified_time":"2024-10-03T11:52:07+00:00","og_image":[{"url":"https:\/\/www.4ksummit.com\/wp-content\/uploads\/2016\/10\/medina-media.jpg","type":"","width":"","height":""}],"twitter_card":"summary_large_image","twitter_misc":{"Tiempo de lectura":"1 minuto"},"schema":{"@context":"https:\/\/schema.org","@graph":[{"@type":"WebPage","@id":"https:\/\/www.4ksummit.com\/es\/acerca-de\/","url":"https:\/\/www.4ksummit.com\/es\/acerca-de\/","name":"Acerca de - 4K-HDR SUMMIT","isPartOf":{"@id":"https:\/\/www.4ksummit.com\/#website"},"primaryImageOfPage":{"@id":"https:\/\/www.4ksummit.com\/es\/acerca-de\/#primaryimage"},"image":{"@id":"https:\/\/www.4ksummit.com\/es\/acerca-de\/#primaryimage"},"thumbnailUrl":"https:\/\/www.4ksummit.com\/wp-content\/uploads\/2016\/10\/medina-media.jpg","datePublished":"2017-04-27T11:37:03+00:00","dateModified":"2024-10-03T11:52:07+00:00","breadcrumb":{"@id":"https:\/\/www.4ksummit.com\/es\/acerca-de\/#breadcrumb"},"inLanguage":"es","potentialAction":[{"@type":"ReadAction","target":["https:\/\/www.4ksummit.com\/es\/acerca-de\/"]}]},{"@type":"ImageObject","inLanguage":"es","@id":"https:\/\/www.4ksummit.com\/es\/acerca-de\/#primaryimage","url":"https:\/\/www.4ksummit.com\/wp-content\/uploads\/2016\/10\/medina-media.jpg","contentUrl":"https:\/\/www.4ksummit.com\/wp-content\/uploads\/2016\/10\/medina-media.jpg"},{"@type":"BreadcrumbList","@id":"https:\/\/www.4ksummit.com\/es\/acerca-de\/#breadcrumb","itemListElement":[{"@type":"ListItem","position":1,"name":"Portada","item":"https:\/\/www.4ksummit.com\/es\/"},{"@type":"ListItem","position":2,"name":"Acerca de"}]},{"@type":"WebSite","@id":"https:\/\/www.4ksummit.com\/#website","url":"https:\/\/www.4ksummit.com\/","name":"4K-HDR SUMMIT","description":"2018","publisher":{"@id":"https:\/\/www.4ksummit.com\/#organization"},"potentialAction":[{"@type":"SearchAction","target":{"@type":"EntryPoint","urlTemplate":"https:\/\/www.4ksummit.com\/?s={search_term_string}"},"query-input":{"@type":"PropertyValueSpecification","valueRequired":true,"valueName":"search_term_string"}}],"inLanguage":"es"},{"@type":"Organization","@id":"https:\/\/www.4ksummit.com\/#organization","name":"4K-UHD SUMMIT","url":"https:\/\/www.4ksummit.com\/","logo":{"@type":"ImageObject","inLanguage":"es","@id":"https:\/\/www.4ksummit.com\/#\/schema\/logo\/image\/","url":"https:\/\/www.4ksummit.com\/wp-content\/uploads\/2020\/05\/4ksummit.png","contentUrl":"https:\/\/www.4ksummit.com\/wp-content\/uploads\/2020\/05\/4ksummit.png","width":600,"height":246,"caption":"4K-UHD SUMMIT"},"image":{"@id":"https:\/\/www.4ksummit.com\/#\/schema\/logo\/image\/"}}]}},"_links":{"self":[{"href":"https:\/\/www.4ksummit.com\/es\/wp-json\/wp\/v2\/pages\/1104","targetHints":{"allow":["GET"]}}],"collection":[{"href":"https:\/\/www.4ksummit.com\/es\/wp-json\/wp\/v2\/pages"}],"about":[{"href":"https:\/\/www.4ksummit.com\/es\/wp-json\/wp\/v2\/types\/page"}],"author":[{"embeddable":true,"href":"https:\/\/www.4ksummit.com\/es\/wp-json\/wp\/v2\/users\/1"}],"replies":[{"embeddable":true,"href":"https:\/\/www.4ksummit.com\/es\/wp-json\/wp\/v2\/comments?post=1104"}],"version-history":[{"count":0,"href":"https:\/\/www.4ksummit.com\/es\/wp-json\/wp\/v2\/pages\/1104\/revisions"}],"wp:attachment":[{"href":"https:\/\/www.4ksummit.com\/es\/wp-json\/wp\/v2\/media?parent=1104"}],"wp:term":[{"taxonomy":"category","embeddable":true,"href":"https:\/\/www.4ksummit.com\/es\/wp-json\/wp\/v2\/categories?post=1104"},{"taxonomy":"post_tag","embeddable":true,"href":"https:\/\/www.4ksummit.com\/es\/wp-json\/wp\/v2\/tags?post=1104"},{"taxonomy":"edition","embeddable":true,"href":"https:\/\/www.4ksummit.com\/es\/wp-json\/wp\/v2\/edition?post=1104"}],"curies":[{"name":"wp","href":"https:\/\/api.w.org\/{rel}","templated":true}]}}